{"id":9953,"date":"2021-03-05T14:49:10","date_gmt":"2021-03-05T14:49:10","guid":{"rendered":"https:\/\/ritosa.click.si\/?post_type=product&#038;p=9953"},"modified":"2025-09-23T16:37:38","modified_gmt":"2025-09-23T14:37:38","slug":"objemka-bellelli-za-otroski-sedez-zadnji","status":"publish","type":"product","link":"https:\/\/ritosa.click.si\/it\/negozio\/kolesarstvo\/kolesarska-oprema\/dodatna-oprema-in-rezervni-deli\/otroski-sedezi\/objemka-bellelli-za-otroski-sedez-zadnji\/","title":{"rendered":"Morsetto Bellelli per seggiolino posteriore"},"content":{"rendered":"<p id=\"tw-target-text\" class=\"tw-data-text tw-text-large XcVN5d tw-ta\" dir=\"ltr\" style=\"text-align: left\"><span lang=\"sl\" xml:lang=\"sl\">Bellelli Multifix \u00e8 un sistema di ancoraggio posteriore per seggiolini per bambini. \u00c8 adatto a sezioni rotonde e a un&#039;ampia gamma di sezioni moderne ed ellittiche. Veloce e facile da installare, Multifix \u00e8 dotato di un pulsante di accensione\/spegnimento.<\/span><\/p>\n<p class=\"tw-data-text tw-text-large XcVN5d tw-ta\" dir=\"ltr\" style=\"text-align: left\"><span lang=\"sl\" xml:lang=\"sl\">Se hai due o pi\u00f9 biciclette, Bellelli Multifix ti permetter\u00e0 di spostare il portabici del tuo bambino da una bici all&#039;altra in pochi secondi. Sistema di ancoraggio per portabici in acciaio. Meccanismo adatto per il fissaggio dei seggiolini anteriori.<\/span><\/p>\n<p class=\"tw-data-text tw-text-large XcVN5d tw-ta\" dir=\"ltr\" style=\"text-align: left\"><span lang=\"sl\" xml:lang=\"sl\">Istruzioni per l&#039;installazione: https:\/\/www.bellelli.com\/wp-content\/uploads\/2021\/05\/depliant_multifix.pdf <\/span><\/p>\n<div id=\"tw-target-rmn-container\" class=\"tw-ta-container hide-focus-ring tw-nfl\"><\/div>","protected":false},"excerpt":{"rendered":"<p>Bellelli Multifix je sidrni sistem za otro\u0161ki sede\u017e, name\u0161\u010den zadaj. Primerna je za okrogle odseke in \u0161iroko paleto modernih in elipti\u010dnih odsekov. Hiter in enostaven za namestitev, Multifix je opremljen s pritisnim gumbom za vklop \/ izklop. \u010ce imate dve ali ve\u010d koles, vam bo Bellelli Multifix v nekaj sekundah omogo\u010dil, da otrokovega nosilca koles [&hellip;]<\/p>\n","protected":false},"featured_media":9954,"template":"","meta":{"_acf_changed":false,"inline_featured_image":false,"_monsterinsights_skip_tracking":false,"_monsterinsights_sitenote_active":false,"_monsterinsights_sitenote_note":"","_monsterinsights_sitenote_category":0},"product_brand":[1643],"product_cat":[538],"product_tag":[1641,1652,1198],"class_list":{"0":"post-9953","1":"product","2":"type-product","3":"status-publish","4":"has-post-thumbnail","6":"product_brand-bellelli","7":"product_cat-otroski-sedezi","8":"product_tag-bellelli","9":"product_tag-objemka-za-otroski-sedez","10":"product_tag-otroci","12":"first","13":"instock","14":"sale","15":"taxable","16":"shipping-taxable","17":"purchasable","18":"product-type-simple"},"acf":[],"aioseo_notices":[],"_links":{"self":[{"href":"https:\/\/ritosa.click.si\/it\/wp-json\/wp\/v2\/product\/9953","targetHints":{"allow":["GET"]}}],"collection":[{"href":"https:\/\/ritosa.click.si\/it\/wp-json\/wp\/v2\/product"}],"about":[{"href":"https:\/\/ritosa.click.si\/it\/wp-json\/wp\/v2\/types\/product"}],"wp:featuredmedia":[{"embeddable":true,"href":"https:\/\/ritosa.click.si\/it\/wp-json\/wp\/v2\/media\/9954"}],"wp:attachment":[{"href":"https:\/\/ritosa.click.si\/it\/wp-json\/wp\/v2\/media?parent=9953"}],"wp:term":[{"taxonomy":"product_brand","embeddable":true,"href":"https:\/\/ritosa.click.si\/it\/wp-json\/wp\/v2\/product_brand?post=9953"},{"taxonomy":"product_cat","embeddable":true,"href":"https:\/\/ritosa.click.si\/it\/wp-json\/wp\/v2\/product_cat?post=9953"},{"taxonomy":"product_tag","embeddable":true,"href":"https:\/\/ritosa.click.si\/it\/wp-json\/wp\/v2\/product_tag?post=9953"}],"curies":[{"name":"parola chiave","href":"https:\/\/api.w.org\/{rel}","templated":true}]}}