{"id":9847,"date":"2020-12-18T11:25:53","date_gmt":"2020-12-18T11:25:53","guid":{"rendered":"https:\/\/ritosa.click.si\/?post_type=product&#038;p=9847"},"modified":"2025-09-18T13:03:45","modified_gmt":"2025-09-18T11:03:45","slug":"sigma-aura-60-usb-nugget-ii-set","status":"publish","type":"product","link":"https:\/\/ritosa.click.si\/it\/negozio\/kolesarstvo\/kolesarska-oprema\/dodatna-oprema-in-rezervni-deli\/luci-zarometi\/sigma-aura-60-usb-nugget-ii-set\/","title":{"rendered":"Set luci SIGMA AURA 60 USB\/NUGGET II"},"content":{"rendered":"<p>Set di luci per bicicletta SIGMA AURA 60 USB\/NUGGET II SET<\/p>\n<p><strong>AREE DI ILLUMINAZIONE<\/strong><\/p>\n<p>Grazie alla lente LED di alta qualit\u00e0, AURA 60 USB distribuisce la luce in modo molto uniforme e garantisce una visibilit\u00e0 ottimale in lontananza, lateralmente, al centro e nelle aree vicine, senza abbagliare gli altri utenti della strada. Ci\u00f2 garantisce la massima sicurezza nel traffico stradale.<\/p>\n<p><strong>RICARICA<\/strong><\/p>\n<p>AURA 60 USB \u00e8 dotata di una batteria agli ioni di litio integrata, ricaricabile tramite un cavo micro-USB. \u00c8 possibile ricaricare la lampada tramite la porta USB del PC. Con il cavo incluso, \u00e8 possibile caricare completamente la batteria in 3,5 ore. La batteria agli ioni di litio \u00e8 dotata di una funzione di protezione contro la scarica eccessiva e la sovraccarica.<\/p>\n<p><strong>IL SET CONTIENE: <\/strong>luce anteriore e posteriore<\/p>","protected":false},"excerpt":{"rendered":"<p>Set di luci per bicicletta SIGMA AURA 60 USB\/NUGGET II SET<\/p>","protected":false},"featured_media":9848,"template":"","meta":{"_acf_changed":false,"inline_featured_image":false,"_monsterinsights_skip_tracking":false,"_monsterinsights_sitenote_active":false,"_monsterinsights_sitenote_note":"","_monsterinsights_sitenote_category":0},"product_brand":[688],"product_cat":[534],"product_tag":[1556,1521,1555,1557],"class_list":{"0":"post-9847","1":"product","2":"type-product","3":"status-publish","4":"has-post-thumbnail","6":"product_brand-sigma","7":"product_cat-luci-zarometi","8":"product_tag-luci-sigma","9":"product_tag-luci-za-kolo","10":"product_tag-set-luci-za-kolo","11":"product_tag-sigma","13":"first","14":"instock","15":"sale","16":"taxable","17":"shipping-taxable","18":"purchasable","19":"product-type-simple"},"acf":[],"aioseo_notices":[],"_links":{"self":[{"href":"https:\/\/ritosa.click.si\/it\/wp-json\/wp\/v2\/product\/9847","targetHints":{"allow":["GET"]}}],"collection":[{"href":"https:\/\/ritosa.click.si\/it\/wp-json\/wp\/v2\/product"}],"about":[{"href":"https:\/\/ritosa.click.si\/it\/wp-json\/wp\/v2\/types\/product"}],"wp:featuredmedia":[{"embeddable":true,"href":"https:\/\/ritosa.click.si\/it\/wp-json\/wp\/v2\/media\/9848"}],"wp:attachment":[{"href":"https:\/\/ritosa.click.si\/it\/wp-json\/wp\/v2\/media?parent=9847"}],"wp:term":[{"taxonomy":"product_brand","embeddable":true,"href":"https:\/\/ritosa.click.si\/it\/wp-json\/wp\/v2\/product_brand?post=9847"},{"taxonomy":"product_cat","embeddable":true,"href":"https:\/\/ritosa.click.si\/it\/wp-json\/wp\/v2\/product_cat?post=9847"},{"taxonomy":"product_tag","embeddable":true,"href":"https:\/\/ritosa.click.si\/it\/wp-json\/wp\/v2\/product_tag?post=9847"}],"curies":[{"name":"parola chiave","href":"https:\/\/api.w.org\/{rel}","templated":true}]}}