{"id":9749,"date":"2020-11-27T10:12:38","date_gmt":"2020-11-27T10:12:38","guid":{"rendered":"https:\/\/ritosa.click.si\/?post_type=product&#038;p=9749"},"modified":"2025-09-19T15:50:38","modified_gmt":"2025-09-19T13:50:38","slug":"specialized-cascade-cage-ii","status":"publish","type":"product","link":"https:\/\/ritosa.click.si\/it\/negozio\/kolesarstvo\/kolesarska-oprema\/dodatna-oprema-in-rezervni-deli\/nosilci-bidonov\/specialized-cascade-cage-ii\/","title":{"rendered":"Portaborraccia ACID HPP"},"content":{"rendered":"<p data-start=\"45\" data-end=\"265\"><strong data-start=\"45\" data-end=\"73\">Portaborraccia CID HPP<\/strong> \u00e9 ottimizzato per telai pi\u00f9 piccoli con un triangolo anteriore pi\u00f9 stretto e, grazie all'accesso laterale, consente di inserire e rimuovere facilmente la borraccia, mantenendola saldamente in posizione durante la guida.<\/p>\n<p data-start=\"267\" data-end=\"289\"><strong data-start=\"267\" data-end=\"289\">Caratteristiche aggiuntive:<\/strong><\/p>\n<ul>\n<li data-start=\"293\" data-end=\"357\">Geometria ottimizzata per una maneggevolezza pi\u00f9 semplice e un fissaggio sicuro<\/li>\n<li data-start=\"360\" data-end=\"377\">Accesso laterale<\/li>\n<li data-start=\"380\" data-end=\"407\">Ideale per cornici pi\u00f9 piccole<\/li>\n<li data-start=\"410\" data-end=\"458\">I colori si abbinano ai nuovi modelli di telaio CUBE<\/li>\n<li data-start=\"461\" data-end=\"481\">Materiale: plastica<\/li>\n<li data-start=\"484\" data-end=\"496\">Peso: 40 g<\/li>\n<\/ul>","protected":false},"excerpt":{"rendered":"<p>CID HPP nosilec za bidon je optimiziran za manj\u0161e okvirje z o\u017ejim sprednjim trikotnikom, zahvaljujo\u010d stranskemu dostopu pa omogo\u010da enostavno vstavljanje in odstranjevanje bidona ter ga med vo\u017enjo varno dr\u017ei na mestu. Dodatne lastnosti: Optimizirana geometrija za la\u017eje rokovanje in varno pritrditev Stranski dostop Idealen za manj\u0161e okvirje Barve se ujemajo z novimi modeli okvirjev [&hellip;]<\/p>\n","protected":false},"featured_media":19562,"template":"","meta":{"_acf_changed":false,"inline_featured_image":false,"_monsterinsights_skip_tracking":false,"_monsterinsights_sitenote_active":false,"_monsterinsights_sitenote_note":"","_monsterinsights_sitenote_category":0},"product_brand":[],"product_cat":[635],"product_tag":[1586,1587,1585],"class_list":{"0":"post-9749","1":"product","2":"type-product","3":"status-publish","4":"has-post-thumbnail","6":"product_cat-nosilci-bidonov","7":"product_tag-acid","8":"product_tag-nosilec-bidona","9":"product_tag-nosilec-bidonou-acid","11":"first","12":"instock","13":"taxable","14":"shipping-taxable","15":"purchasable","16":"product-type-simple"},"acf":[],"aioseo_notices":[],"_links":{"self":[{"href":"https:\/\/ritosa.click.si\/it\/wp-json\/wp\/v2\/product\/9749","targetHints":{"allow":["GET"]}}],"collection":[{"href":"https:\/\/ritosa.click.si\/it\/wp-json\/wp\/v2\/product"}],"about":[{"href":"https:\/\/ritosa.click.si\/it\/wp-json\/wp\/v2\/types\/product"}],"wp:featuredmedia":[{"embeddable":true,"href":"https:\/\/ritosa.click.si\/it\/wp-json\/wp\/v2\/media\/19562"}],"wp:attachment":[{"href":"https:\/\/ritosa.click.si\/it\/wp-json\/wp\/v2\/media?parent=9749"}],"wp:term":[{"taxonomy":"product_brand","embeddable":true,"href":"https:\/\/ritosa.click.si\/it\/wp-json\/wp\/v2\/product_brand?post=9749"},{"taxonomy":"product_cat","embeddable":true,"href":"https:\/\/ritosa.click.si\/it\/wp-json\/wp\/v2\/product_cat?post=9749"},{"taxonomy":"product_tag","embeddable":true,"href":"https:\/\/ritosa.click.si\/it\/wp-json\/wp\/v2\/product_tag?post=9749"}],"curies":[{"name":"parola chiave","href":"https:\/\/api.w.org\/{rel}","templated":true}]}}