{"id":9745,"date":"2020-11-27T09:59:00","date_gmt":"2020-11-27T09:59:00","guid":{"rendered":"https:\/\/ritosa.click.si\/?post_type=product&#038;p=9745"},"modified":"2026-03-12T16:40:14","modified_gmt":"2026-03-12T15:40:14","slug":"specialized-purist-insulated-watergate","status":"publish","type":"product","link":"https:\/\/ritosa.click.si\/it\/negozio\/kolesarstvo\/kolesarska-oprema\/dodatna-oprema-in-rezervni-deli\/bidoni\/specialized-purist-insulated-watergate\/","title":{"rendered":"Bottiglia CamelBak Podium ICE 0,62 l"},"content":{"rendered":"<p>Un&#039;eccellente bottiglia TERMICA adatta ai portabiciclette e che mantiene la temperatura della bevanda fino a 5 volte pi\u00f9 a lungo rispetto ad altre bottiglie.<\/p>\n<p>La borraccia CamelBak Ice \u00e8 perfetta per chi apprezza l&#039;acqua fredda durante le proprie avventure in bicicletta. \u00c8 progettata con isolamento Aeorgel che mantiene l&#039;acqua fredda cinque volte pi\u00f9 a lungo rispetto ad altre borracce. La CamelBak Ice \u00e8 facile da spremere, permettendoti di bere pi\u00f9 acqua con meno sforzo.<br \/>\nIl coperchio \u00e8 dotato di una valvola Jet Valve autosigillante che aumenta il flusso riducendo al contempo fuoriuscite e schizzi. \u00c8 sempre aperto o chiuso con una semplice rotazione. Il tuo corpo sar\u00e0 adeguatamente idratato e le tue prestazioni miglioreranno.<br \/>\nLa bottiglia ha un&#039;ampia apertura per versare, aggiungere bevande energetiche e ghiaccio e consente una facile pulizia. Tutti i componenti sono facilmente separabili e possono essere lavati in lavastoviglie senza problemi. \u00c8 inoltre dotata della tecnologia Trutaste in polipropilene con materiali Hydroguard, cos\u00ec sentirai sempre il sapore dell&#039;acqua e di nient&#039;altro.<br \/>\nPodium Ice \u00e8 privo di BPA, BPS e BPF.<\/p>\n<p>VANTAGGI<br \/>\n\u2013 La tecnologia Trutaste Hydoguard ti assicura il gusto della tua bevanda<br \/>\n\u2013 Mantiene la temperatura 5 volte pi\u00f9 a lungo<br \/>\n\u2013 La bottiglia comprimibile consente un maggiore flusso d&#039;acqua<br \/>\n\u2013 Valvola a getto autochiudente senza perdite<br \/>\n\u2013 Adatto a tutti i portabici<br \/>\n\u2013 Pulizia in lavastoviglie<\/p>\n<p><strong>Descrizione tecnica<\/strong><\/p>\n<ul>\n<li>Formato 0,62l<\/li>\n<li>Peso 150 g<\/li>\n<\/ul>","protected":false},"excerpt":{"rendered":"<p>Bottiglia CamelBak Podium ICE 0,62 l<\/p>","protected":false},"featured_media":19411,"template":"","meta":{"_acf_changed":false,"inline_featured_image":false,"_monsterinsights_skip_tracking":false,"_monsterinsights_sitenote_active":false,"_monsterinsights_sitenote_note":"","_monsterinsights_sitenote_category":0},"product_brand":[1251],"product_cat":[636],"product_tag":[1475,1479,1488,1474,1489,1490],"class_list":{"0":"post-9745","1":"product","2":"type-product","3":"status-publish","4":"has-post-thumbnail","6":"product_brand-camelbak","7":"product_cat-bidoni","8":"product_tag-bidon","9":"product_tag-bidon-camelbak","10":"product_tag-bidon-camelbak-podium-ice","11":"product_tag-camelbak","12":"product_tag-camelbak-podium-ice","13":"product_tag-podium-ice","15":"first","16":"instock","17":"sale","18":"taxable","19":"shipping-taxable","20":"purchasable","21":"product-type-simple"},"acf":[],"aioseo_notices":[],"_links":{"self":[{"href":"https:\/\/ritosa.click.si\/it\/wp-json\/wp\/v2\/product\/9745","targetHints":{"allow":["GET"]}}],"collection":[{"href":"https:\/\/ritosa.click.si\/it\/wp-json\/wp\/v2\/product"}],"about":[{"href":"https:\/\/ritosa.click.si\/it\/wp-json\/wp\/v2\/types\/product"}],"wp:featuredmedia":[{"embeddable":true,"href":"https:\/\/ritosa.click.si\/it\/wp-json\/wp\/v2\/media\/19411"}],"wp:attachment":[{"href":"https:\/\/ritosa.click.si\/it\/wp-json\/wp\/v2\/media?parent=9745"}],"wp:term":[{"taxonomy":"product_brand","embeddable":true,"href":"https:\/\/ritosa.click.si\/it\/wp-json\/wp\/v2\/product_brand?post=9745"},{"taxonomy":"product_cat","embeddable":true,"href":"https:\/\/ritosa.click.si\/it\/wp-json\/wp\/v2\/product_cat?post=9745"},{"taxonomy":"product_tag","embeddable":true,"href":"https:\/\/ritosa.click.si\/it\/wp-json\/wp\/v2\/product_tag?post=9745"}],"curies":[{"name":"parola chiave","href":"https:\/\/api.w.org\/{rel}","templated":true}]}}