{"id":9721,"date":"2020-11-16T13:22:20","date_gmt":"2020-11-16T13:22:20","guid":{"rendered":"https:\/\/ritosa.click.si\/?post_type=product&#038;p=9721"},"modified":"2026-03-06T17:10:36","modified_gmt":"2026-03-06T16:10:36","slug":"alpina-zupo-disney-set-frozen","status":"publish","type":"product","link":"https:\/\/ritosa.click.si\/it\/negozio\/sciare\/smucarska-oprema\/smucarske-celade\/otroske-smucarske-celade\/alpina-zupo-disney-set-frozen\/","title":{"rendered":"Alpina Zupo Disney Set Frozen"},"content":{"rendered":"<p>Le teste pi\u00f9 piccole necessitano della migliore protezione. Nella collezione Disney, ALPINA ha dotato i caschi ZUPO di modelli esclusivi. Minnie Mouse, Star Wars, Frozen II e Cars accompagneranno i bambini nelle loro avventure sulla neve. Il casco pu\u00f2 essere adattato perfettamente a ogni forma di testa grazie al sistema Run Ergo Snow. Una vestibilit\u00e0 perfetta e la migliore protezione possibile sono garantite. Il casco \u00e8 dotato di comodi paraorecchie, interni rimovibili e lavabili, chiusura Ergomatic e un comodo riscaldamento per la nuca, tra i punti di forza di questo casco. Il pacchetto Disney include la maschera da sci ALPINA PINEY appositamente progettata. La maschera offre una visibilit\u00e0 eccezionale. Grazie alla tecnologia Hicon, i contrasti sono migliorati e tutte le sporgenze diventano pi\u00f9 visibili. L&#039;eccellente ventilazione e la protezione Fogstop impediscono il congelamento della lente. Livello di protezione della maschera: S2<\/p>","protected":false},"excerpt":{"rendered":"<p>Set per bambini composto da casco da sci Alpina Zupo e occhiali da sci Alpina Piney.<\/p>\n<h3><\/h3>","protected":false},"featured_media":9723,"template":"","meta":{"_acf_changed":false,"inline_featured_image":false,"_monsterinsights_skip_tracking":false,"_monsterinsights_sitenote_active":false,"_monsterinsights_sitenote_note":"","_monsterinsights_sitenote_category":0},"product_brand":[678],"product_cat":[569],"product_tag":[1198],"class_list":{"0":"post-9721","1":"product","2":"type-product","3":"status-publish","4":"has-post-thumbnail","6":"product_brand-alpina","7":"product_cat-otroske-smucarske-celade","8":"product_tag-otroci","9":"pa_velikost-51-55","11":"first","12":"instock","13":"sale","14":"taxable","15":"shipping-taxable","16":"purchasable","17":"product-type-variable"},"acf":[],"aioseo_notices":[],"_links":{"self":[{"href":"https:\/\/ritosa.click.si\/it\/wp-json\/wp\/v2\/product\/9721","targetHints":{"allow":["GET"]}}],"collection":[{"href":"https:\/\/ritosa.click.si\/it\/wp-json\/wp\/v2\/product"}],"about":[{"href":"https:\/\/ritosa.click.si\/it\/wp-json\/wp\/v2\/types\/product"}],"wp:featuredmedia":[{"embeddable":true,"href":"https:\/\/ritosa.click.si\/it\/wp-json\/wp\/v2\/media\/9723"}],"wp:attachment":[{"href":"https:\/\/ritosa.click.si\/it\/wp-json\/wp\/v2\/media?parent=9721"}],"wp:term":[{"taxonomy":"product_brand","embeddable":true,"href":"https:\/\/ritosa.click.si\/it\/wp-json\/wp\/v2\/product_brand?post=9721"},{"taxonomy":"product_cat","embeddable":true,"href":"https:\/\/ritosa.click.si\/it\/wp-json\/wp\/v2\/product_cat?post=9721"},{"taxonomy":"product_tag","embeddable":true,"href":"https:\/\/ritosa.click.si\/it\/wp-json\/wp\/v2\/product_tag?post=9721"}],"curies":[{"name":"parola chiave","href":"https:\/\/api.w.org\/{rel}","templated":true}]}}