{"id":9662,"date":"2020-11-11T15:14:56","date_gmt":"2020-11-11T15:14:56","guid":{"rendered":"https:\/\/ritosa.click.si\/?post_type=product&#038;p=9662"},"modified":"2026-03-27T17:50:37","modified_gmt":"2026-03-27T16:50:37","slug":"skiro-roces-moby-250-mm","status":"publish","type":"product","link":"https:\/\/ritosa.click.si\/it\/negozio\/skiroji\/klasicni-skiroji\/skiro-roces-moby-250-mm\/","title":{"rendered":"Monopattino Roces MOBY 250 mm"},"content":{"rendered":"<div>Il monopattino Moby \u00e8 il monopattino urbano pi\u00f9 moderno di Roces. \u00c8 la risposta di Roces a una tendenza sempre pi\u00f9 consolidata nelle principali citt\u00e0 europee: la necessit\u00e0 di muoversi facilmente e velocemente senza spendere troppo. \u00c8 dotato di una ruota anteriore da 250 mm + ruota posteriore da 215 mm in PU, che garantisce una guida fluida e un&#039;elevata velocit\u00e0. Il monopattino \u00e8 facile da piegare.<\/div>\n<div class=\"section-bg fill\">Caratteristiche:<\/div>\n<div class=\"section-content relative\">\n<div id=\"row-1199468660\" class=\"row m-auto\">\n<div id=\"col-2068847915\" class=\"col pb-0 small-12 large-12\">\n<div class=\"col-inner\">\n<ul>\n<li>Barva: \u010drno rde\u010da<\/li>\n<li>Kolesa: 250 mm PU + 215 mm PU<\/li>\n<li>Telaio: alluminio<\/li>\n<li>Zavora: zavora iz ekstrudiranega aluminija s sistemom zaklepanja<\/li>\n<li>Le\u017eaj: ABEC 7<\/li>\n<li>Maniglie ergonomiche<\/li>\n<li>Peso massimo: 100 kg<\/li>\n<\/ul>\n<p><strong>Avvertimento!<\/strong>\u00a0Durante l&#039;uso \u00e8 obbligatorio indossare dispositivi di protezione individuale (casco, scudi, guanti).<br \/>\n\u2013 Il prodotto \u00e8 un giocattolo e non \u00e8 destinato all\u2019uso sui mezzi pubblici perch\u00e9 non \u00e8 adatto al trasporto pubblico.<br \/>\n<strong>Avvertimento!<\/strong> Il prodotto non deve essere utilizzato da bambini di et\u00e0 inferiore a 36 mesi perch\u00e9 contiene piccole parti che potrebbero rappresentare un rischio di soffocamento.<\/p>\n<\/div>\n<\/div>\n<\/div>\n<\/div>","protected":false},"excerpt":{"rendered":"<p>Monopattino Roces Moby 250 mm<\/p>","protected":false},"featured_media":9663,"template":"","meta":{"_acf_changed":false,"inline_featured_image":false,"_monsterinsights_skip_tracking":false,"_monsterinsights_sitenote_active":false,"_monsterinsights_sitenote_note":"","_monsterinsights_sitenote_category":0},"product_brand":[684],"product_cat":[651,495],"product_tag":[1386,1387,1380,1385],"class_list":{"0":"post-9662","1":"product","2":"type-product","3":"status-publish","4":"has-post-thumbnail","6":"product_brand-roces","7":"product_cat-klasicni-skiroji","8":"product_cat-skiroji","9":"product_tag-klasicni-skiro","10":"product_tag-roces-moby","11":"product_tag-skiro-roces","12":"product_tag-skiro-roces-moby-250-mm","14":"first","15":"instock","16":"sale","17":"taxable","18":"shipping-taxable","19":"purchasable","20":"product-type-simple"},"acf":[],"aioseo_notices":[],"_links":{"self":[{"href":"https:\/\/ritosa.click.si\/it\/wp-json\/wp\/v2\/product\/9662","targetHints":{"allow":["GET"]}}],"collection":[{"href":"https:\/\/ritosa.click.si\/it\/wp-json\/wp\/v2\/product"}],"about":[{"href":"https:\/\/ritosa.click.si\/it\/wp-json\/wp\/v2\/types\/product"}],"wp:featuredmedia":[{"embeddable":true,"href":"https:\/\/ritosa.click.si\/it\/wp-json\/wp\/v2\/media\/9663"}],"wp:attachment":[{"href":"https:\/\/ritosa.click.si\/it\/wp-json\/wp\/v2\/media?parent=9662"}],"wp:term":[{"taxonomy":"product_brand","embeddable":true,"href":"https:\/\/ritosa.click.si\/it\/wp-json\/wp\/v2\/product_brand?post=9662"},{"taxonomy":"product_cat","embeddable":true,"href":"https:\/\/ritosa.click.si\/it\/wp-json\/wp\/v2\/product_cat?post=9662"},{"taxonomy":"product_tag","embeddable":true,"href":"https:\/\/ritosa.click.si\/it\/wp-json\/wp\/v2\/product_tag?post=9662"}],"curies":[{"name":"parola chiave","href":"https:\/\/api.w.org\/{rel}","templated":true}]}}