{"id":9574,"date":"2020-10-22T12:35:51","date_gmt":"2020-10-22T12:35:51","guid":{"rendered":"https:\/\/ritosa.click.si\/?post_type=product&#038;p=9574"},"modified":"2026-03-25T09:20:48","modified_gmt":"2026-03-25T08:20:48","slug":"tofit-stelvio-z-naramnicami","status":"publish","type":"product","link":"https:\/\/ritosa.click.si\/it\/negozio\/kolesarstvo\/kolesarska-oprema\/kolesarska-oblacila\/moska-oblacila\/moske-hlace\/tofit-stelvio-z-naramnicami\/","title":{"rendered":"TOFIT Stelvio con bretelle"},"content":{"rendered":"<p class=\"tw-data-text tw-text-large tw-ta\" id=\"tw-target-text\" style=\"text-align:left;\" dir=\"ltr\"><span class=\"Y2IQFc\" lang=\"sl\" xml:lang=\"sl\">Scopri i nostri pantaloni invernali Stelvio, pensati per offrirti una protezione completa da freddo, vento, schizzi e pioggia durante le tue avventure invernali. Realizzati con cura per garantire un isolamento eccellente, il massimo comfort e traspirabilit\u00e0. Ogni pannello \u00e8 stato appositamente creato con tessuto Blizzard e trattato con Acquazero per proteggere il corpo dalla forza del vento e dell&#039;aria. L&#039;utilizzo del tessuto Blizzard con trattamento Acquazero garantisce impermeabilit\u00e0 per i primi 60 minuti di utilizzo e un efficace isolamento termico. Questo \u00e8 reso possibile dalle sacche d&#039;aria termiche che, trattenendo il calore all&#039;interno, eliminano la necessit\u00e0 di una membrana laminata. Affronta l&#039;inverno con stile, comfort e sicurezza grazie ai tights Stelvio.<\/span><\/p>\n<p><span class=\"tlid-translation translation\" xml:lang=\"sl\" lang=\"sl\"><span title=\"\"><\/span><br \/><\/span><\/p>","protected":false},"excerpt":{"rendered":"<p><span class=\"Y2IQFc\" lang=\"sl\" xml:lang=\"sl\">Scopri i nostri pantaloni invernali Stelvio, pensati per offrirti una protezione completa da freddo, vento, schizzi e pioggia durante le tue avventure invernali.<\/span><\/p>","protected":false},"featured_media":9579,"template":"","meta":{"_acf_changed":false,"inline_featured_image":false},"product_brand":[],"product_cat":[623],"product_tag":[1200],"class_list":{"0":"post-9574","1":"product","2":"type-product","3":"status-publish","4":"has-post-thumbnail","6":"product_cat-moske-hlace","7":"product_tag-moski","8":"pa_velikost-l","9":"pa_velikost-m","10":"pa_velikost-xl","11":"pa_velikost-xxl","13":"first","14":"onbackorder","15":"taxable","16":"shipping-taxable","17":"purchasable","18":"product-type-variable"},"acf":[],"_links":{"self":[{"href":"https:\/\/ritosa.click.si\/it\/wp-json\/wp\/v2\/product\/9574","targetHints":{"allow":["GET"]}}],"collection":[{"href":"https:\/\/ritosa.click.si\/it\/wp-json\/wp\/v2\/product"}],"about":[{"href":"https:\/\/ritosa.click.si\/it\/wp-json\/wp\/v2\/types\/product"}],"wp:featuredmedia":[{"embeddable":true,"href":"https:\/\/ritosa.click.si\/it\/wp-json\/wp\/v2\/media\/9579"}],"wp:attachment":[{"href":"https:\/\/ritosa.click.si\/it\/wp-json\/wp\/v2\/media?parent=9574"}],"wp:term":[{"taxonomy":"product_brand","embeddable":true,"href":"https:\/\/ritosa.click.si\/it\/wp-json\/wp\/v2\/product_brand?post=9574"},{"taxonomy":"product_cat","embeddable":true,"href":"https:\/\/ritosa.click.si\/it\/wp-json\/wp\/v2\/product_cat?post=9574"},{"taxonomy":"product_tag","embeddable":true,"href":"https:\/\/ritosa.click.si\/it\/wp-json\/wp\/v2\/product_tag?post=9574"}],"curies":[{"name":"parola chiave","href":"https:\/\/api.w.org\/{rel}","templated":true}]}}