{"id":9544,"date":"2020-10-22T11:57:45","date_gmt":"2020-10-22T11:57:45","guid":{"rendered":"https:\/\/ritosa.click.si\/?post_type=product&#038;p=9544"},"modified":"2025-10-22T17:08:25","modified_gmt":"2025-10-22T15:08:25","slug":"specialized-element-rbx-sport-jacket","status":"publish","type":"product","link":"https:\/\/ritosa.click.si\/it\/negozio\/kolesarstvo\/kolesarska-oprema\/kolesarska-oblacila\/moska-oblacila\/moske-jakne\/specialized-element-rbx-sport-jacket\/","title":{"rendered":"Giubbotto Ziener NECHAMUS"},"content":{"rendered":"<p data-start=\"45\" data-end=\"759\">La giacca a vento funzionale ZIENER NECHAMUS da uomo \u00e8 un vero tuttofare. Il materiale antivento e idrorepellente WINDSHIELD\u00ae impedisce al corpo di raffreddarsi e protegge dalla pioggia leggera. Inoltre, il materiale elasticizzato in 4 direzioni garantisce una libert\u00e0 di movimento ottimale. L&#039;orlo, i giromanica e il colletto elastici garantiscono il massimo comfort. La doppia tasca posteriore offre ampio spazio per riporre gli oggetti essenziali. Grazie al suo peso e alla sua compattezza estremamente ridotti, \u00e8 facilmente trasportabile e adatto a tutte le escursioni. Il gilet \u00e8 dotato di elementi decorativi riflettenti. Il prodotto \u00e8 privo di PFC: ZIENER utilizza un rivestimento ecologico per l&#039;idrorepellenza, quindi non vengono rilasciate sostanze nocive nell&#039;ambiente. Ecologico e ad alte prestazioni!<\/p>\n<p data-start=\"72\" data-end=\"234\">\u2022 Due tasche sul retro<br data-start=\"99\" data-end=\"102\" \/>\u2022 Bordi elastici sul bordo inferiore, giromanica e colletto<br data-start=\"167\" data-end=\"170\" \/>\u2022 Elementi decorativi riflettenti<br data-start=\"200\" data-end=\"203\" \/>\u2022 Piccolo e leggero pieghevole<\/p>","protected":false},"excerpt":{"rendered":"<p>Giacca a vento senza maniche Ziener NECHAMUS in rosso bordeaux.<\/p>","protected":false},"featured_media":19984,"template":"","meta":{"_acf_changed":false,"inline_featured_image":false,"_monsterinsights_skip_tracking":false,"_monsterinsights_sitenote_active":false,"_monsterinsights_sitenote_note":"","_monsterinsights_sitenote_category":0},"product_brand":[682],"product_cat":[632],"product_tag":[1949,1947,1952,1951,1950,1200,1948],"class_list":{"0":"post-9544","1":"product","2":"type-product","3":"status-publish","4":"has-post-thumbnail","6":"product_brand-ziener","7":"product_cat-moske-jakne","8":"product_tag-brezrokavnik-ziener","9":"product_tag-brezrokavnik-ziener-nechamus","10":"product_tag-jakna-za-na-kolo","11":"product_tag-kolesarski-brezrokavnik","12":"product_tag-kolesarski-brezrokavnik-ziener","13":"product_tag-moski","14":"product_tag-ziener-nechamus","15":"pa_velikost-1091","17":"first","18":"instock","19":"sale","20":"taxable","21":"shipping-taxable","22":"purchasable","23":"product-type-variable"},"acf":[],"aioseo_notices":[],"_links":{"self":[{"href":"https:\/\/ritosa.click.si\/it\/wp-json\/wp\/v2\/product\/9544","targetHints":{"allow":["GET"]}}],"collection":[{"href":"https:\/\/ritosa.click.si\/it\/wp-json\/wp\/v2\/product"}],"about":[{"href":"https:\/\/ritosa.click.si\/it\/wp-json\/wp\/v2\/types\/product"}],"wp:featuredmedia":[{"embeddable":true,"href":"https:\/\/ritosa.click.si\/it\/wp-json\/wp\/v2\/media\/19984"}],"wp:attachment":[{"href":"https:\/\/ritosa.click.si\/it\/wp-json\/wp\/v2\/media?parent=9544"}],"wp:term":[{"taxonomy":"product_brand","embeddable":true,"href":"https:\/\/ritosa.click.si\/it\/wp-json\/wp\/v2\/product_brand?post=9544"},{"taxonomy":"product_cat","embeddable":true,"href":"https:\/\/ritosa.click.si\/it\/wp-json\/wp\/v2\/product_cat?post=9544"},{"taxonomy":"product_tag","embeddable":true,"href":"https:\/\/ritosa.click.si\/it\/wp-json\/wp\/v2\/product_tag?post=9544"}],"curies":[{"name":"parola chiave","href":"https:\/\/api.w.org\/{rel}","templated":true}]}}