{"id":9533,"date":"2025-10-24T11:20:48","date_gmt":"2025-10-24T09:20:48","guid":{"rendered":"https:\/\/ritosa.click.si\/?post_type=product&#038;p=9533"},"modified":"2026-03-25T09:18:37","modified_gmt":"2026-03-25T08:18:37","slug":"specialized-element-rbx-expert-jacket","status":"publish","type":"product","link":"https:\/\/ritosa.click.si\/it\/negozio\/kolesarstvo\/kolesarska-oprema\/kolesarska-oblacila\/moska-oblacila\/moske-jakne\/specialized-element-rbx-expert-jacket\/","title":{"rendered":"Maglietta Pissei Team UAE Campione del Mondo 2025"},"content":{"rendered":"<div id=\"nasa-tab-description\" class=\"nasa-panel nasa-content-description active\">\n<div class=\"row\">\n<div class=\"large-12 columns nasa-content-panel\">\n<div class=\"attribute-header description-header\">\n<p>La maglia da ciclismo Pissei Jersey Team UAE 2025 World Champion \u00e8 una maglia da ciclismo di Tadej Poga\u010dar, che celebra il campione del mondo. La maglia \u00e8 realizzata in tre diversi materiali (parte anteriore, maniche, retro) che garantiscono comfort, aerodinamicit\u00e0 e traspirabilit\u00e0. Questa costruzione garantisce una vestibilit\u00e0 perfetta per tutte le corporature, le maniche sono realizzate in tessuto aerodinamico, che contrasta con la parte posteriore in rete, consentendo la massima traspirabilit\u00e0. Il bordo inferiore \u00e8 dotato di uno speciale rivestimento in silicone, che aiuta la maglia a rimanere in posizione. Ha tre comode tasche sul retro. La maglia \u00e8 molto bella e comoda da indossare.<\/p>\n<\/div>\n<\/div>\n<\/div>\n<\/div>","protected":false},"excerpt":{"rendered":"<p>Maglia da ciclismo a maniche lunghe Tadej Poga\u010dar Team UAE.<\/p>","protected":false},"featured_media":19994,"template":"","meta":{"_acf_changed":false,"inline_featured_image":false,"_monsterinsights_skip_tracking":false,"_monsterinsights_sitenote_active":false,"_monsterinsights_sitenote_note":"","_monsterinsights_sitenote_category":0},"product_brand":[],"product_cat":[632,622],"product_tag":[1960,1982,1981,1200,1956,1955,1953,1961,1959,1954],"class_list":{"0":"post-9533","1":"product","2":"type-product","3":"status-publish","4":"has-post-thumbnail","6":"product_cat-moske-jakne","7":"product_cat-moske-majice","8":"product_tag-kolesarska-majica-tadeja-pogacarja-z-dolgimi-rokavi-team-uae","9":"product_tag-majica-pissei-team-uae-svetovni-prvak-2025","10":"product_tag-majica-tadeja-pogacarja","11":"product_tag-moski","12":"product_tag-pissei","13":"product_tag-pissei-majica-long-jersey","14":"product_tag-pissei-majica-long-jersey-team-uae-svetovni-prvak-2025","15":"product_tag-tadej-pogacar","16":"product_tag-tadej-pogacar-dres","17":"product_tag-team-uae-svetovni-prvak-2025","18":"pa_velikost-l","19":"pa_velikost-xl","21":"first","22":"instock","23":"sale","24":"taxable","25":"shipping-taxable","26":"purchasable","27":"product-type-variable"},"acf":[],"aioseo_notices":[],"_links":{"self":[{"href":"https:\/\/ritosa.click.si\/it\/wp-json\/wp\/v2\/product\/9533","targetHints":{"allow":["GET"]}}],"collection":[{"href":"https:\/\/ritosa.click.si\/it\/wp-json\/wp\/v2\/product"}],"about":[{"href":"https:\/\/ritosa.click.si\/it\/wp-json\/wp\/v2\/types\/product"}],"wp:featuredmedia":[{"embeddable":true,"href":"https:\/\/ritosa.click.si\/it\/wp-json\/wp\/v2\/media\/19994"}],"wp:attachment":[{"href":"https:\/\/ritosa.click.si\/it\/wp-json\/wp\/v2\/media?parent=9533"}],"wp:term":[{"taxonomy":"product_brand","embeddable":true,"href":"https:\/\/ritosa.click.si\/it\/wp-json\/wp\/v2\/product_brand?post=9533"},{"taxonomy":"product_cat","embeddable":true,"href":"https:\/\/ritosa.click.si\/it\/wp-json\/wp\/v2\/product_cat?post=9533"},{"taxonomy":"product_tag","embeddable":true,"href":"https:\/\/ritosa.click.si\/it\/wp-json\/wp\/v2\/product_tag?post=9533"}],"curies":[{"name":"parola chiave","href":"https:\/\/api.w.org\/{rel}","templated":true}]}}