{"id":9427,"date":"2020-09-10T09:41:53","date_gmt":"2020-09-10T09:41:53","guid":{"rendered":"https:\/\/ritosa.click.si\/?post_type=product&#038;p=9427"},"modified":"2026-03-06T13:22:06","modified_gmt":"2026-03-06T12:22:06","slug":"specialized-soft-air-road-mid","status":"publish","type":"product","link":"https:\/\/ritosa.click.si\/it\/negozio\/kolesarstvo\/kolesarska-oprema\/kolesarska-oblacila\/nogavice\/specialized-soft-air-road-mid\/","title":{"rendered":"Calzini Tofit Hipper"},"content":{"rendered":"<ul>\n<li data-start=\"19\" data-end=\"124\">Visoke kolesarske nogavice iz dveh razli\u010dnih materialov za kombinacijo udobja in tehni\u010dne zmogljivosti.<\/li>\n<li data-start=\"127\" data-end=\"230\">Del od gle\u017enja do me\u010d je izdelan iz zelo elasti\u010dnega raztegljivega vlakna za maksimalno aerodinamiko.<\/li>\n<li data-start=\"233\" data-end=\"305\">Prsti in peta so oja\u010dani z zelo mehko, udobno in zra\u010dno Dryskin prejo.<\/li>\n<li data-start=\"308\" data-end=\"408\">Priporo\u010dene za cestno kolesarstvo in za vse, ki i\u0161\u010dejo maksimalno zmogljivost v vsaki podrobnosti.<\/li>\n<li data-start=\"411\" data-end=\"427\">Vi\u0161ina: 22 cm.<\/li>\n<li data-start=\"430\" data-end=\"492\">Notranjost s silikonskim premazom za bolj\u0161i oprijem na ko\u017ei.<\/li>\n<\/ul>","protected":false},"excerpt":{"rendered":"<p>Visoke kolesarske nogavice iz dveh razli\u010dnih materialov za kombinacijo udobja in tehni\u010dne zmogljivosti. Del od gle\u017enja do me\u010d je izdelan iz zelo elasti\u010dnega raztegljivega vlakna za maksimalno aerodinamiko. Prsti in peta so oja\u010dani z zelo mehko, udobno in zra\u010dno Dryskin prejo. Priporo\u010dene za cestno kolesarstvo in za vse, ki i\u0161\u010dejo maksimalno zmogljivost v vsaki podrobnosti. [&hellip;]<\/p>\n","protected":false},"featured_media":20824,"template":"","meta":{"_acf_changed":false,"inline_featured_image":false},"product_brand":[1975],"product_cat":[619],"product_tag":[2238,1988,2240,2239],"class_list":{"0":"post-9427","1":"product","2":"type-product","3":"status-publish","4":"has-post-thumbnail","6":"product_brand-tofit","7":"product_cat-nogavice","8":"product_tag-kolesarske-nogavice","9":"product_tag-nogavice","10":"product_tag-nogavice-tofit","11":"product_tag-nogavice-za-cestno-kolo","12":"pa_velikost-38-42","13":"pa_velikost-43-47","15":"first","16":"instock","17":"sale","18":"taxable","19":"shipping-taxable","20":"purchasable","21":"product-type-variable"},"acf":[],"_links":{"self":[{"href":"https:\/\/ritosa.click.si\/it\/wp-json\/wp\/v2\/product\/9427","targetHints":{"allow":["GET"]}}],"collection":[{"href":"https:\/\/ritosa.click.si\/it\/wp-json\/wp\/v2\/product"}],"about":[{"href":"https:\/\/ritosa.click.si\/it\/wp-json\/wp\/v2\/types\/product"}],"wp:featuredmedia":[{"embeddable":true,"href":"https:\/\/ritosa.click.si\/it\/wp-json\/wp\/v2\/media\/20824"}],"wp:attachment":[{"href":"https:\/\/ritosa.click.si\/it\/wp-json\/wp\/v2\/media?parent=9427"}],"wp:term":[{"taxonomy":"product_brand","embeddable":true,"href":"https:\/\/ritosa.click.si\/it\/wp-json\/wp\/v2\/product_brand?post=9427"},{"taxonomy":"product_cat","embeddable":true,"href":"https:\/\/ritosa.click.si\/it\/wp-json\/wp\/v2\/product_cat?post=9427"},{"taxonomy":"product_tag","embeddable":true,"href":"https:\/\/ritosa.click.si\/it\/wp-json\/wp\/v2\/product_tag?post=9427"}],"curies":[{"name":"parola chiave","href":"https:\/\/api.w.org\/{rel}","templated":true}]}}