{"id":9339,"date":"2020-08-25T10:37:16","date_gmt":"2020-08-25T10:37:16","guid":{"rendered":"https:\/\/ritosa.click.si\/?post_type=product&#038;p=9339"},"modified":"2026-03-24T10:23:34","modified_gmt":"2026-03-24T09:23:34","slug":"otroska-celada-alpina-ximo-flash","status":"publish","type":"product","link":"https:\/\/ritosa.click.si\/it\/negozio\/kolesarstvo\/kolesarska-oprema\/kolesarske-celade\/otroske-kolesarske-celade\/otroska-celada-alpina-ximo-flash\/","title":{"rendered":"Casco per bambini ALPINA XIMO FLASH"},"content":{"rendered":"<p>Per una protezione ottimale, la parte posteriore del casco XIMO FLASH \u00e8 profondamente sagomata, e per un semplice motivo: le teste molto piccole devono essere protette al massimo. I bordi del casco sono ulteriormente protetti dalla tecnologia Edge Protect. Le prese d&#039;aria impediscono ai raggi solari di colpire direttamente la testa, garantendo al contempo una ventilazione sufficiente. La forma piatta sulla parte posteriore della testa lo rende ideale per seggiolini per bambini e rimorchi. La luce Multi-Fit Light rimovibile \u00e8 installata per una visibilit\u00e0 ottimale. La forma della testa viene regolata tramite il sistema tridimensionale Run System Classic Slide.<\/p>\n<ul>\n<li>HI-EPS: Lo stampo interno dei caschi Alpina \u00e8 realizzato in HI-EPS (polistirene espandibile). Questo materiale \u00e8 composto da microscopici spazi d&#039;aria che assorbono efficacemente le forze generate dall&#039;impatto.<\/li>\n<li>Inmold Tec: nei caschi INMOLD, lo strato interno viene convertito in schiuma ad alta pressione e calore e incollato sotto lo strato esterno. Poich\u00e9 le parti interne ed esterne sono completamente collegate, i caschi INMOLD sono estremamente stabili e molto leggeri. Offrono inoltre una sicurezza significativamente maggiore rispetto ai caschi con incollaggio puntuale.<\/li>\n<li>CALOTTA IN CERAMICA: \u00e8 il nome della calotta esterna di tutti i caschi Alpina realizzata con il processo Inmold. \u00c8 un materiale sottile e leggero, estremamente resistente agli urti e ai graffi, contiene stabilizzatori UV ed \u00e8 antistatico.<\/li>\n<li>Run System Ergo Flex +: la manopola girevole posta sulla parte posteriore della testa consente di adattare facilmente la taglia del casco alla testa, garantendo una vestibilit\u00e0 perfetta e sicurezza.<\/li>\n<li>ERGOMATICA: la fibbia collaudata e collaudata \u00e8 utilizzata su tutti i caschi Alpina. Regolazione multistadio, azionabile con una sola mano. Inoltre, la fibbia non si slaccia da sola in caso di incidente.<\/li>\n<li>Y-CLIP: La clip a Y collega i cinturini anteriori e posteriori sotto le orecchie. Quando la clip \u00e8 slacciata, i cinturini possono essere facilmente riposizionati e regolati con precisione. Ci\u00f2 consente una vestibilit\u00e0 ottimale del casco.<\/li>\n<li>Peso del casco 210 g<\/li>\n<li>12 aperture di ventilazione garantiscono un flusso d&#039;aria ideale all&#039;interno<\/li>\n<li>Rete anti-mosche \u2013 rete di protezione dagli insetti<\/li>\n<li>La luce \u00e8 inclusa<\/li>\n<\/ul>","protected":false},"excerpt":{"rendered":"<p>Casco da ciclismo per bambini ALPINA XIMO FLASH<\/p>","protected":false},"featured_media":9343,"template":"","meta":{"_acf_changed":false,"inline_featured_image":false,"_monsterinsights_skip_tracking":false,"_monsterinsights_sitenote_active":false,"_monsterinsights_sitenote_note":"","_monsterinsights_sitenote_category":0},"product_brand":[678],"product_cat":[577],"product_tag":[1198],"class_list":{"0":"post-9339","1":"product","2":"type-product","3":"status-publish","4":"has-post-thumbnail","6":"product_brand-alpina","7":"product_cat-otroske-kolesarske-celade","8":"product_tag-otroci","9":"pa_velikost-49-54","11":"first","12":"instock","13":"sale","14":"taxable","15":"shipping-taxable","16":"purchasable","17":"product-type-variable"},"acf":[],"aioseo_notices":[],"_links":{"self":[{"href":"https:\/\/ritosa.click.si\/it\/wp-json\/wp\/v2\/product\/9339","targetHints":{"allow":["GET"]}}],"collection":[{"href":"https:\/\/ritosa.click.si\/it\/wp-json\/wp\/v2\/product"}],"about":[{"href":"https:\/\/ritosa.click.si\/it\/wp-json\/wp\/v2\/types\/product"}],"wp:featuredmedia":[{"embeddable":true,"href":"https:\/\/ritosa.click.si\/it\/wp-json\/wp\/v2\/media\/9343"}],"wp:attachment":[{"href":"https:\/\/ritosa.click.si\/it\/wp-json\/wp\/v2\/media?parent=9339"}],"wp:term":[{"taxonomy":"product_brand","embeddable":true,"href":"https:\/\/ritosa.click.si\/it\/wp-json\/wp\/v2\/product_brand?post=9339"},{"taxonomy":"product_cat","embeddable":true,"href":"https:\/\/ritosa.click.si\/it\/wp-json\/wp\/v2\/product_cat?post=9339"},{"taxonomy":"product_tag","embeddable":true,"href":"https:\/\/ritosa.click.si\/it\/wp-json\/wp\/v2\/product_tag?post=9339"}],"curies":[{"name":"parola chiave","href":"https:\/\/api.w.org\/{rel}","templated":true}]}}