{"id":9060,"date":"2020-07-28T12:05:11","date_gmt":"2020-07-28T12:05:11","guid":{"rendered":"https:\/\/ritosa.click.si\/?post_type=product&#038;p=9060"},"modified":"2026-03-23T12:36:42","modified_gmt":"2026-03-23T11:36:42","slug":"soncna-ocala-bliz-drift","status":"publish","type":"product","link":"https:\/\/ritosa.click.si\/it\/negozio\/kolesarstvo\/kolesarska-oprema\/kolesarska-ocala\/soncna-ocala-bliz-drift\/","title":{"rendered":"Occhiali da sole BLIZ DRIFT"},"content":{"rendered":"<div class=\"std\">\n<p><strong>Specifiche:<\/strong><\/p>\n<ul>\n<li>Gomma pi\u00f9 morbida sul naso e sulle punte delle maniglie laterali per un utilizzo pi\u00f9 confortevole<\/li>\n<li>100% Protezione UVA e UVB<\/li>\n<li>Lenti infrangibili in policarbonato, 10 volte pi\u00f9 resistenti agli urti rispetto alle lenti in plastica o vetro e offrono il massimo livello di protezione<\/li>\n<li>Lente: blu \u2013 multistrato colorato<\/li>\n<li>occhiali chiusi \u2013 anche ai lati<\/li>\n<li>aste per occhiali a molla<\/li>\n<li>Per riporre gli occhiali \u00e8 inclusa una morbida custodia protettiva in microfibra.<\/li>\n<\/ul>\n<p>Con Bliz puoi sentirti al sicuro e concentrarti sul tuo sport. Il marchio BLIZ si distingue per tre fattori importanti.<\/p>\n<p><strong>PROGETTO<\/strong>\u00a0\u2013 Bliz \u00e8 un marchio intriso di design scandinavo, all&#039;avanguardia in termini di funzionalit\u00e0, tecnologia ed estetica. Prodotti di qualit\u00e0 che soddisfano gli standard e le esigenze di ogni individuo.<\/p>\n<p><strong>ADATTABILIT\u00c0<\/strong>\u00a0\u2013 Bliz garantisce un elevato livello tecnico e funzionale dei prodotti. La funzionalit\u00e0 dei prodotti e gli accessori garantiscono una versatilit\u00e0 e una flessibilit\u00e0 imbattibili.<\/p>\n<p><strong>VALORE<\/strong>\u00a0\u2013 il vantaggio del prezzo, unito alla flessibilit\u00e0 dei prodotti e degli accessori \u2013 inclusi nel prezzo \u2013 garantiscono un valore imbattibile.<\/p>\n<\/div>","protected":false},"excerpt":{"rendered":"<p>Gli occhiali DRIFT sono estremamente comodi, adatti a tutti i tipi di attivit\u00e0 e rappresentano la scelta ideale se si praticano diversi sport.<\/p>","protected":false},"featured_media":9061,"template":"","meta":{"_acf_changed":false,"inline_featured_image":false,"_monsterinsights_skip_tracking":false,"_monsterinsights_sitenote_active":false,"_monsterinsights_sitenote_note":"","_monsterinsights_sitenote_category":0},"product_brand":[2053],"product_cat":[526],"product_tag":[2032,2031,2033,2019,2030,2029],"class_list":{"0":"post-9060","1":"product","2":"type-product","3":"status-publish","4":"has-post-thumbnail","6":"product_brand-bliz","7":"product_cat-kolesarska-ocala","8":"product_tag-bliz","9":"product_tag-bliz-drift","10":"product_tag-kolesarska-ocala","11":"product_tag-soncna-ocala","12":"product_tag-soncna-ocala-bliz","13":"product_tag-soncna-ocala-bliz-drift","15":"first","16":"instock","17":"sale","18":"taxable","19":"shipping-taxable","20":"purchasable","21":"product-type-simple"},"acf":[],"aioseo_notices":[],"_links":{"self":[{"href":"https:\/\/ritosa.click.si\/it\/wp-json\/wp\/v2\/product\/9060","targetHints":{"allow":["GET"]}}],"collection":[{"href":"https:\/\/ritosa.click.si\/it\/wp-json\/wp\/v2\/product"}],"about":[{"href":"https:\/\/ritosa.click.si\/it\/wp-json\/wp\/v2\/types\/product"}],"wp:featuredmedia":[{"embeddable":true,"href":"https:\/\/ritosa.click.si\/it\/wp-json\/wp\/v2\/media\/9061"}],"wp:attachment":[{"href":"https:\/\/ritosa.click.si\/it\/wp-json\/wp\/v2\/media?parent=9060"}],"wp:term":[{"taxonomy":"product_brand","embeddable":true,"href":"https:\/\/ritosa.click.si\/it\/wp-json\/wp\/v2\/product_brand?post=9060"},{"taxonomy":"product_cat","embeddable":true,"href":"https:\/\/ritosa.click.si\/it\/wp-json\/wp\/v2\/product_cat?post=9060"},{"taxonomy":"product_tag","embeddable":true,"href":"https:\/\/ritosa.click.si\/it\/wp-json\/wp\/v2\/product_tag?post=9060"}],"curies":[{"name":"parola chiave","href":"https:\/\/api.w.org\/{rel}","templated":true}]}}