{"id":9051,"date":"2020-07-21T10:03:34","date_gmt":"2020-07-21T10:03:34","guid":{"rendered":"https:\/\/ritosa.click.si\/?post_type=product&#038;p=9051"},"modified":"2025-06-23T15:13:33","modified_gmt":"2025-06-23T13:13:33","slug":"deska-tempish-nautical-c","status":"publish","type":"product","link":"https:\/\/ritosa.click.si\/it\/negozio\/kolesarstvo\/deska-tempish-nautical-c\/","title":{"rendered":"Tavola Tempish Nautical-C"},"content":{"rendered":"<div style=\"margin:0px;padding:0px;border:none;color:#6a6a6a;font-family:Arial, Helvetica, sans-serif;font-size:14px;\">Questa collezione \u00e8 stata creata per gli amanti del sole e della spiaggia. La tavola \u00e8 realizzata in legno di bamb\u00f9, che garantisce una migliore sensazione durante la surfata. La tavola risulta quindi anche pi\u00f9 leggera e flessibile. La tavola \u00e8 rivestita con un grip trasparente.\u00a0<\/div>\n<div style=\"margin:0px;padding:0px;border:none;color:#6a6a6a;font-family:Arial, Helvetica, sans-serif;font-size:14px;\">\u00a0<\/div>\n<h3 style=\"margin:0px;padding:12px 0px 24px;border:none;font-family:'Open Sans', sans-serif;font-weight:normal;line-height:28px;color:#1b1b1b;font-size:24px;text-transform:uppercase;letter-spacing:-1px;\">CARATTERISTICHE<\/h3>\n<ul style=\"margin:0px 0px 12px 25px;padding:0px;border:none;list-style:none;color:#6a6a6a;font-family:Arial, Helvetica, sans-serif;font-size:14px;\">\n<li style=\"margin:0px;padding:0px;border:none;line-height:24px;\">Consigliato per: |Ricreazione.|<\/li>\n<li style=\"margin:0px;padding:0px;border:none;line-height:24px;\">Materiale della tavola: 1\u00b0+7\u00b0 bamb\u00f9, 2\u00b0-6\u00b0 acero russo<\/li>\n<li style=\"margin:0px;padding:0px;border:none;line-height:24px;\">Forma della tavola: |drop through+curve rocker concava|<\/li>\n<li style=\"margin:0px;padding:0px;border:none;line-height:24px;\">Dimensioni della scheda: 41*9,56 pollici<\/li>\n<li style=\"margin:0px;padding:0px;border:none;line-height:24px;\">Impugnatura: nastro adesivo spray<\/li>\n<li style=\"margin:0px;padding:0px;border:none;line-height:24px;\">Cuscino: PUC 92A HR<\/li>\n<li style=\"margin:0px;padding:0px;border:none;line-height:24px;\">Ruote: |70\u00d751 mm|<\/li>\n<li style=\"margin:0px;padding:0px;border:none;line-height:24px;\">Dimensioni ruota: |70 mm|<\/li>\n<li style=\"margin:0px;padding:0px;border:none;line-height:24px;\">Durezza della ruota: |78A|<\/li>\n<li style=\"margin:0px;padding:0px;border:none;line-height:24px;\">Telaio: |camion rovesciato da 7 pollici, rivestimento|<\/li>\n<li style=\"margin:0px;padding:0px;border:none;line-height:24px;\">Cuscinetti: |ABEC 7 acciaio cromato|<\/li>\n<li style=\"margin:0px;padding:0px;border:none;line-height:24px;\">Carico massimo: 80 kg<\/li>\n<\/ul>","protected":false},"excerpt":{"rendered":"<p>Tavola Tempish Nautical-C<\/p>","protected":false},"featured_media":9052,"template":"","meta":{"_acf_changed":false,"inline_featured_image":false,"_monsterinsights_skip_tracking":false,"_monsterinsights_sitenote_active":false,"_monsterinsights_sitenote_note":"","_monsterinsights_sitenote_category":0},"product_brand":[],"product_cat":[1185],"product_tag":[],"class_list":{"0":"post-9051","1":"product","2":"type-product","3":"status-publish","4":"has-post-thumbnail","6":"product_cat-kolesarstvo","8":"first","9":"onbackorder","10":"taxable","11":"shipping-taxable","12":"purchasable","13":"product-type-simple"},"acf":[],"aioseo_notices":[],"_links":{"self":[{"href":"https:\/\/ritosa.click.si\/it\/wp-json\/wp\/v2\/product\/9051","targetHints":{"allow":["GET"]}}],"collection":[{"href":"https:\/\/ritosa.click.si\/it\/wp-json\/wp\/v2\/product"}],"about":[{"href":"https:\/\/ritosa.click.si\/it\/wp-json\/wp\/v2\/types\/product"}],"wp:featuredmedia":[{"embeddable":true,"href":"https:\/\/ritosa.click.si\/it\/wp-json\/wp\/v2\/media\/9052"}],"wp:attachment":[{"href":"https:\/\/ritosa.click.si\/it\/wp-json\/wp\/v2\/media?parent=9051"}],"wp:term":[{"taxonomy":"product_brand","embeddable":true,"href":"https:\/\/ritosa.click.si\/it\/wp-json\/wp\/v2\/product_brand?post=9051"},{"taxonomy":"product_cat","embeddable":true,"href":"https:\/\/ritosa.click.si\/it\/wp-json\/wp\/v2\/product_cat?post=9051"},{"taxonomy":"product_tag","embeddable":true,"href":"https:\/\/ritosa.click.si\/it\/wp-json\/wp\/v2\/product_tag?post=9051"}],"curies":[{"name":"parola chiave","href":"https:\/\/api.w.org\/{rel}","templated":true}]}}