{"id":9049,"date":"2020-07-21T09:51:54","date_gmt":"2020-07-21T09:51:54","guid":{"rendered":"https:\/\/ritosa.click.si\/?post_type=product&#038;p=9049"},"modified":"2026-03-14T13:14:36","modified_gmt":"2026-03-14T12:14:36","slug":"skiro-roces-150-alu-2","status":"publish","type":"product","link":"https:\/\/ritosa.click.si\/it\/negozio\/skiroji\/klasicni-skiroji\/skiro-roces-150-alu-2\/","title":{"rendered":"Monopattino Roces 150 Alu"},"content":{"rendered":"<div class=\"rte\">\n<p>Roces Fun 150 mm \u00e8 un monopattino per bambini che offre una guida confortevole su superfici ben tenute. Il monopattino \u00e8 facile da guidare e si ripiega rapidamente, cos\u00ec puoi averlo sempre con te, ovunque tu sia. Il telaio in alluminio leggero ne facilita il trasporto. \u00c8 dotato di un manubrio pieghevole che consente di riporre facilmente il monopattino e di un freno a pedale sulla ruota posteriore che offre ulteriore sicurezza. Il monopattino ha ruote da 150 mm con cuscinetti ABEC 7, che garantiscono velocit\u00e0 e manovrabilit\u00e0. \u00c8 inoltre dotato di cavalletto.<\/p>\n<p>CARATTERISTICHE:<\/p>\n<ul>\n<li>Ruote: 150 mm PU<\/li>\n<li>Cuscinetto: ABEC 5<\/li>\n<li>Peso massimo: 100 kg<\/li>\n<\/ul>\n<p><strong>Avvertimento!<\/strong>\u00a0Durante l&#039;uso \u00e8 obbligatorio indossare dispositivi di protezione individuale (casco, scudi, guanti).<br \/>\n\u2013 Il prodotto \u00e8 un giocattolo e non \u00e8 destinato all\u2019uso sui mezzi pubblici perch\u00e9 non \u00e8 adatto al trasporto pubblico.<br \/>\n<strong>Avvertimento!<\/strong> Il prodotto non deve essere utilizzato da bambini di et\u00e0 inferiore a 36 mesi perch\u00e9 contiene piccole parti che potrebbero rappresentare un rischio di soffocamento.<\/p>\n<\/div>","protected":false},"excerpt":{"rendered":"<p>Monopattino Roces da 150 mm per una guida confortevole su superfici battute.<\/p>","protected":false},"featured_media":19279,"template":"","meta":{"_acf_changed":false,"inline_featured_image":false,"_monsterinsights_skip_tracking":false,"_monsterinsights_sitenote_active":false,"_monsterinsights_sitenote_note":"","_monsterinsights_sitenote_category":0},"product_brand":[684],"product_cat":[651,495],"product_tag":[1353,1350,1352,1351],"class_list":{"0":"post-9049","1":"product","2":"type-product","3":"status-publish","4":"has-post-thumbnail","6":"product_brand-roces","7":"product_cat-klasicni-skiroji","8":"product_cat-skiroji","9":"product_tag-freestyle-skiro","10":"product_tag-roces-skiro","11":"product_tag-skiro-za-skakat","12":"product_tag-skiroji-z-askakat","14":"first","15":"instock","16":"sale","17":"taxable","18":"shipping-taxable","19":"purchasable","20":"product-type-simple"},"acf":[],"aioseo_notices":[],"_links":{"self":[{"href":"https:\/\/ritosa.click.si\/it\/wp-json\/wp\/v2\/product\/9049","targetHints":{"allow":["GET"]}}],"collection":[{"href":"https:\/\/ritosa.click.si\/it\/wp-json\/wp\/v2\/product"}],"about":[{"href":"https:\/\/ritosa.click.si\/it\/wp-json\/wp\/v2\/types\/product"}],"wp:featuredmedia":[{"embeddable":true,"href":"https:\/\/ritosa.click.si\/it\/wp-json\/wp\/v2\/media\/19279"}],"wp:attachment":[{"href":"https:\/\/ritosa.click.si\/it\/wp-json\/wp\/v2\/media?parent=9049"}],"wp:term":[{"taxonomy":"product_brand","embeddable":true,"href":"https:\/\/ritosa.click.si\/it\/wp-json\/wp\/v2\/product_brand?post=9049"},{"taxonomy":"product_cat","embeddable":true,"href":"https:\/\/ritosa.click.si\/it\/wp-json\/wp\/v2\/product_cat?post=9049"},{"taxonomy":"product_tag","embeddable":true,"href":"https:\/\/ritosa.click.si\/it\/wp-json\/wp\/v2\/product_tag?post=9049"}],"curies":[{"name":"parola chiave","href":"https:\/\/api.w.org\/{rel}","templated":true}]}}