{"id":9036,"date":"2020-07-16T15:28:36","date_gmt":"2020-07-16T15:28:36","guid":{"rendered":"https:\/\/ritosa.click.si\/?post_type=product&#038;p=9036"},"modified":"2025-09-03T15:43:45","modified_gmt":"2025-09-03T13:43:45","slug":"skiro-roces-100mm-blast","status":"publish","type":"product","link":"https:\/\/ritosa.click.si\/it\/negozio\/skiroji\/freestyle-skiroji\/skiro-roces-100mm-blast\/","title":{"rendered":"Monopattino Roces 100mm BLAST"},"content":{"rendered":"<p>Roces Blast \u00e8 un monopattino di alta qualit\u00e0 per acrobazie. Il monopattino \u00e8 stabile alla torsione ed \u00e8 dotato di una striscia antiscivolo per una buona presa del piede sul supporto. Il telaio \u00e8 realizzato in alluminio resistente. Il monopattino \u00e8 caratterizzato da cuscinetti ABEC 7 di alta qualit\u00e0, ruote da 100 mm e manopole in gomma TPR ad alte prestazioni.<\/p>\n<p>Caratteristiche:<\/p>\n<ul>\n<li><strong>colore:<\/strong>\u00a0nero-grigio<\/li>\n<li><strong>ruote:<\/strong>\u00a0100 millimetri<\/li>\n<li><strong>cuscinetti:<\/strong>\u00a0ABEC 7 cromato<\/li>\n<li><strong>Barra a T:<\/strong>\u00a057\u00d743 centimetri<\/li>\n<li><strong>carico massimo:<\/strong> 80 chili<\/li>\n<\/ul>\n<p><strong>Avvertimento!<\/strong>\u00a0Durante l&#039;uso \u00e8 obbligatorio indossare dispositivi di protezione individuale (casco, scudi, guanti).<br \/>\n\u2013 Il prodotto \u00e8 un giocattolo e non \u00e8 destinato all\u2019uso sui mezzi pubblici perch\u00e9 non \u00e8 adatto al trasporto pubblico.<br \/>\n<strong>Avvertimento!<\/strong> Il prodotto non deve essere utilizzato da bambini di et\u00e0 inferiore a 36 mesi perch\u00e9 contiene piccole parti che potrebbero rappresentare un rischio di soffocamento.<\/p>","protected":false},"excerpt":{"rendered":"<p>Il monopattino Roces Blast \u00e8 uno scooter di qualit\u00e0 per eseguire acrobazie.<\/p>","protected":false},"featured_media":9037,"template":"","meta":{"_acf_changed":false,"inline_featured_image":false},"product_brand":[684],"product_cat":[652,495],"product_tag":[1380,1382,1381],"class_list":{"0":"post-9036","1":"product","2":"type-product","3":"status-publish","4":"has-post-thumbnail","6":"product_brand-roces","7":"product_cat-freestyle-skiroji","8":"product_cat-skiroji","9":"product_tag-skiro-roces","10":"product_tag-skiro-roces-za-izvajanje-akrobacij","11":"product_tag-skiro-roces-za-trike","13":"first","14":"instock","15":"sale","16":"taxable","17":"shipping-taxable","18":"purchasable","19":"product-type-simple"},"acf":[],"_links":{"self":[{"href":"https:\/\/ritosa.click.si\/it\/wp-json\/wp\/v2\/product\/9036","targetHints":{"allow":["GET"]}}],"collection":[{"href":"https:\/\/ritosa.click.si\/it\/wp-json\/wp\/v2\/product"}],"about":[{"href":"https:\/\/ritosa.click.si\/it\/wp-json\/wp\/v2\/types\/product"}],"wp:featuredmedia":[{"embeddable":true,"href":"https:\/\/ritosa.click.si\/it\/wp-json\/wp\/v2\/media\/9037"}],"wp:attachment":[{"href":"https:\/\/ritosa.click.si\/it\/wp-json\/wp\/v2\/media?parent=9036"}],"wp:term":[{"taxonomy":"product_brand","embeddable":true,"href":"https:\/\/ritosa.click.si\/it\/wp-json\/wp\/v2\/product_brand?post=9036"},{"taxonomy":"product_cat","embeddable":true,"href":"https:\/\/ritosa.click.si\/it\/wp-json\/wp\/v2\/product_cat?post=9036"},{"taxonomy":"product_tag","embeddable":true,"href":"https:\/\/ritosa.click.si\/it\/wp-json\/wp\/v2\/product_tag?post=9036"}],"curies":[{"name":"parola chiave","href":"https:\/\/api.w.org\/{rel}","templated":true}]}}