{"id":8989,"date":"2020-07-14T16:09:22","date_gmt":"2020-07-14T16:09:22","guid":{"rendered":"https:\/\/ritosa.click.si\/?post_type=product&#038;p=8989"},"modified":"2026-03-24T17:08:32","modified_gmt":"2026-03-24T16:08:32","slug":"kolesarska-celada-specialized-s-works-dessident-angi","status":"publish","type":"product","link":"https:\/\/ritosa.click.si\/it\/negozio\/kolesarstvo\/kolesarska-oprema\/kolesarske-celade\/odrasle-kolesarske-celade\/kolesarska-celada-specialized-s-works-dessident-angi\/","title":{"rendered":"Casco da ciclismo Specialized S-Works DESSIDENT ANGI"},"content":{"rendered":"<p>Se vuoi spingerti oltre i limiti di velocit\u00e0 in discesa e volare il pi\u00f9 lontano possibile, allora l&#039;S-Works Dissident \u00e8 il casco che fa per te. Questo perch\u00e9 \u00e8 il casco integrale da MTB in carbonio pi\u00f9 leggero, traspirante e tecnicamente avanzato sul mercato. Per mantenerlo traspirante anche con il caldo, i guanciali sagomati in 3D e il sistema di raffreddamento 4th Dimension assicurano freschezza, mentre la calotta Carbon Matrix \u00e8 sufficientemente leggera per un comfort che dura tutto il giorno.<\/p>\n<p>Il nostro nuovo sensore di caduta ANGI offre a te e ai tuoi cari la massima tranquillit\u00e0: abbinato alla nostra app per iOS o Android, il sensore rilever\u00e0 una caduta e invier\u00e0 un messaggio di testo ai contatti selezionati sul tuo telefono. Pu\u00f2 anche sincronizzarsi con la nostra app e Strava per fornire il monitoraggio dell&#039;attivit\u00e0 basato su GPS.<\/p>\n<ul>\n<li>Progettato per proteggere i concorrenti della Coppa del Mondo e i rider gravity.<\/li>\n<li>Conforme agli standard di sicurezza ASTM DH, che includono criteri pi\u00f9 elevati per la protezione dagli urti e la protezione del mento.<\/li>\n<li>Calotta leggera con struttura in matrice di carbonio: peso target 1.000 g.<\/li>\n<li>Guanciali sagomati in 3D e design migliorato dell&#039;imbottitura superiore per una migliore ventilazione e una vestibilit\u00e0 pi\u00f9 comoda.<\/li>\n<li>Il raffreddamento e la ventilazione 4th Dimension garantiscono un comfort superiore.<\/li>\n<li>La fibbia magnetica sotto il mento migliora il comfort e facilita la chiusura con una sola mano.<\/li>\n<li>Compatibile con il sistema casco EJECT\u2122.<\/li>\n<li>Compatibile con il tutore Leatt\u2122.<\/li>\n<li>Compatibile con le cuffie.<\/li>\n<li>Include una borsa da viaggio imbottita con fodera in pile e tasca esterna per gli occhiali.<\/li>\n<li>Fodera e guanciali rimovibili e lavabili.<\/li>\n<li>Dotato di sistema MIPS.<\/li>\n<li>Sensore di caduta ANGI integrato.<\/li>\n<li>Fodera e guanciali rimovibili e lavabili.<\/li>\n<\/ul>","protected":false},"excerpt":{"rendered":"<p>Casco da ciclismo Specialized S-Works Dessident Angi<\/p>","protected":false},"featured_media":8991,"template":"","meta":{"_acf_changed":false,"inline_featured_image":false},"product_brand":[673],"product_cat":[662],"product_tag":[1201],"class_list":{"0":"post-8989","1":"product","2":"type-product","3":"status-publish","4":"has-post-thumbnail","6":"product_brand-specialized","7":"product_cat-odrasle-kolesarske-celade","8":"product_tag-outlet","9":"pa_velikost-l","11":"first","12":"instock","13":"sale","14":"taxable","15":"shipping-taxable","16":"purchasable","17":"product-type-variable"},"acf":[],"_links":{"self":[{"href":"https:\/\/ritosa.click.si\/it\/wp-json\/wp\/v2\/product\/8989","targetHints":{"allow":["GET"]}}],"collection":[{"href":"https:\/\/ritosa.click.si\/it\/wp-json\/wp\/v2\/product"}],"about":[{"href":"https:\/\/ritosa.click.si\/it\/wp-json\/wp\/v2\/types\/product"}],"wp:featuredmedia":[{"embeddable":true,"href":"https:\/\/ritosa.click.si\/it\/wp-json\/wp\/v2\/media\/8991"}],"wp:attachment":[{"href":"https:\/\/ritosa.click.si\/it\/wp-json\/wp\/v2\/media?parent=8989"}],"wp:term":[{"taxonomy":"product_brand","embeddable":true,"href":"https:\/\/ritosa.click.si\/it\/wp-json\/wp\/v2\/product_brand?post=8989"},{"taxonomy":"product_cat","embeddable":true,"href":"https:\/\/ritosa.click.si\/it\/wp-json\/wp\/v2\/product_cat?post=8989"},{"taxonomy":"product_tag","embeddable":true,"href":"https:\/\/ritosa.click.si\/it\/wp-json\/wp\/v2\/product_tag?post=8989"}],"curies":[{"name":"parola chiave","href":"https:\/\/api.w.org\/{rel}","templated":true}]}}