{"id":8920,"date":"2020-05-25T10:53:33","date_gmt":"2020-05-25T10:53:33","guid":{"rendered":"https:\/\/ritosa.click.si\/?post_type=product&#038;p=8920"},"modified":"2025-08-08T12:22:06","modified_gmt":"2025-08-08T10:22:06","slug":"rog-pony-marine","status":"publish","type":"product","link":"https:\/\/ritosa.click.si\/it\/negozio\/kolesarstvo\/kolesa\/rog-pony-kolesa\/rog-pony-marine\/","title":{"rendered":"Rog PONY MARINE"},"content":{"rendered":"<p>Il Rog Marine \u00e8 una versione speciale del Pony, pensata per gli appassionati di nautica e per chi viaggia molto con camper e roulotte. La caratteristica principale del Rog Marina sono i suoi otto<strong> Ingranaggi interni Shimano<\/strong>, che \u00e8 il pi\u00f9 alto mai raggiunto da Rog per questo tipo di bici. La bici \u00e8 molto resistente alla corrosione, in quanto \u00e8 <strong>realizzati in materiali inossidabili (alluminio e acciaio inossidabile)<\/strong>.<\/p>\n<p>Una caratteristica eccezionale di Rog Marin \u00e8 anche la sua<strong> superba pieghevolezza: la bici piegata misura 80x77x40 centimetri<\/strong>, il che significa che pu\u00f2 essere riposto nel bagagliaio di un&#039;auto, nel cassone di un camper o sul ponte di una barca a vela.<\/p>\n<ul class=\"technical-specifications\">\n<li><strong>Telaio:<\/strong> <i>Al6061, telaio pieghevole <\/i><\/li>\n<li><strong>Forcella:<\/strong> <i>Al6061, profilato con attacchi per freni a V, 1 1\/8\"<\/i><\/li>\n<li><strong>Serie sterzo:<\/strong> <i>Neco H112N, serie sterzo semi-integrata con filetto 1 1\/8\"<\/i><\/li>\n<li><strong>Movimento centrale:<\/strong> <i>Sturmey Archer, movimento centrale integrato BSA da 68 mm, perno a quattro lati<\/i><\/li>\n<li><strong>Guarnitura:<\/strong> <i>Manovella PIONEER-244A-2, 1\/8*44T*170mm<\/i><\/li>\n<li><strong>Attacco manubrio:<\/strong> <i>Promax pieghevole, FB-314, 25,4 mm <\/i><\/li>\n<li><strong>Manubrio:<\/strong> <i>Esclusiva Ergotec, 615 mm<\/i><\/li>\n<li><strong>Leve dei freni:<\/strong> <i>Promax<\/i><\/li>\n<li><strong>Freni:<\/strong> <i>Shimano BR-T4000<\/i><\/li>\n<li><strong>Cavi:<\/strong> <i>Jagwire<\/i><\/li>\n<li><strong>Sella:<\/strong> <i>Selle San Remo Mosel<\/i><\/li>\n<li><strong>Reggisella:<\/strong> <i>Al6061, \u00d833,9 mm x 400 mm<\/i><\/li>\n<li><strong>Mozzo anteriore:<\/strong> <i>Shimano AHBTX500<\/i><\/li>\n<li><strong>Mozzo posteriore:<\/strong> <i>Shimano Nexus 8 marce<br \/>\n<\/i><\/li>\n<li><strong>Cerchi:<\/strong> <i>Nepal<\/i><\/li>\n<li><strong>Copertoni:<\/strong> <i>Michelin City J<br \/>\n<\/i><\/li>\n<li><strong>Catena:<\/strong> <i>KMC, 1\/2- 1\/8 Acciaio inossidabile<\/i><\/li>\n<li><strong>Pedali:<\/strong> <i>Componenti VP -117 A pieghevole<\/i><\/li>\n<li><strong>Luci:<\/strong> <i>Luci LED a batteria<\/i><\/li>\n<li><strong>Parafanghi:<\/strong> <i>Eurofender DUO Marine<\/i><\/li>\n<li><strong>Cavalletto:<\/strong> <i>Ursus &quot;MOOI&quot; nero<\/i><\/li>\n<li><strong>Peso:<\/strong> <i>14 kg (peso medio della bicicletta assemblata)<\/i><\/li>\n<\/ul>","protected":false},"excerpt":{"rendered":"<p>Clacson PONY MARINE \u2013 nuovo 8 marce<\/p>\n<p>La Rog Marine \u00e8 una versione speciale della Pony, pensata per gli appassionati di nautica e per chi viaggia spesso con camper e roulotte. La caratteristica principale della Rog Marina sono i sette rapporti Shimano interni, il numero pi\u00f9 alto finora offerto da Rog per questo tipo di bici. La bici \u00e8 molto resistente alla corrosione, poich\u00e9 realizzata con materiali antiruggine (alluminio e acciaio inossidabile).<\/p>","protected":false},"featured_media":19127,"template":"","meta":{"_acf_changed":false,"inline_featured_image":false},"product_brand":[1194],"product_cat":[490],"product_tag":[],"class_list":{"0":"post-8920","1":"product","2":"type-product","3":"status-publish","4":"has-post-thumbnail","6":"product_brand-rog","7":"product_cat-rog-pony-kolesa","8":"pa_barva-bela","9":"pa_barva-modra","11":"first","12":"instock","13":"sale","14":"taxable","15":"shipping-taxable","16":"purchasable","17":"product-type-simple"},"acf":[],"_links":{"self":[{"href":"https:\/\/ritosa.click.si\/it\/wp-json\/wp\/v2\/product\/8920","targetHints":{"allow":["GET"]}}],"collection":[{"href":"https:\/\/ritosa.click.si\/it\/wp-json\/wp\/v2\/product"}],"about":[{"href":"https:\/\/ritosa.click.si\/it\/wp-json\/wp\/v2\/types\/product"}],"wp:featuredmedia":[{"embeddable":true,"href":"https:\/\/ritosa.click.si\/it\/wp-json\/wp\/v2\/media\/19127"}],"wp:attachment":[{"href":"https:\/\/ritosa.click.si\/it\/wp-json\/wp\/v2\/media?parent=8920"}],"wp:term":[{"taxonomy":"product_brand","embeddable":true,"href":"https:\/\/ritosa.click.si\/it\/wp-json\/wp\/v2\/product_brand?post=8920"},{"taxonomy":"product_cat","embeddable":true,"href":"https:\/\/ritosa.click.si\/it\/wp-json\/wp\/v2\/product_cat?post=8920"},{"taxonomy":"product_tag","embeddable":true,"href":"https:\/\/ritosa.click.si\/it\/wp-json\/wp\/v2\/product_tag?post=8920"}],"curies":[{"name":"parola chiave","href":"https:\/\/api.w.org\/{rel}","templated":true}]}}