{"id":8886,"date":"2020-04-08T12:43:48","date_gmt":"2020-04-08T12:43:48","guid":{"rendered":"https:\/\/ritosa.click.si\/?post_type=product&#038;p=8886"},"modified":"2026-04-04T10:15:08","modified_gmt":"2026-04-04T08:15:08","slug":"rolerji-tempish-ezza-90","status":"publish","type":"product","link":"https:\/\/ritosa.click.si\/it\/negozio\/rolerji\/odrasli-rolerji\/rolerji-tempish-ezza-90\/","title":{"rendered":"Pattini in linea TEMPISH EZZA 90"},"content":{"rendered":"<p><strong>Pattini in linea TEMPISH<\/strong><\/p>\n<p>I pattini EZZA 90 sono progettati per il pattinaggio fitness e ricreativo. Sono pensati per pattinatori principianti e di livello intermedio.<\/p>\n<p>Lo stampo da skate \u00e8 stato testato sui modelli precedenti e si \u00e8 dimostrato estremamente affidabile. La zona flessibile nella caviglia \u00e8 ulteriormente rinforzata.<\/p>\n<p>L&#039;inserto utilizza la nuova tecnologia HOT PRESSS SEAMLESS COVER, che consente l&#039;utilizzo di materiale PVC senza cuciture. Questa combinazione \u00e8 pi\u00f9 resistente della plastica.<\/p>\n<p>Il telaio \u00e8 tagliato a CNC ed \u00e8 personalizzabile in base alle preferenze individuali.<\/p>\n<p>I pattini sono dotati di freno S universale.<\/p>\n<p>Taglia: 38-45<\/p>\n<p>Caratteristiche<\/p>\n<ul>\n<li>Consigliato per: |Pattinaggio sportivo di strada (urbano) e freestyle, principianti, skater avanzati ed esperti.|<\/li>\n<li>Categoria: |Fitness|<\/li>\n<li>Stampo: Materiale PE in due pezzi con ventilazione nella parte inferiore dello stampo e della suola, ammortizzatore inserito.<\/li>\n<li>Materiali interni: fodera in nylon fine, parte ammorbidita nella zona del tendine d&#039;Achille per facilitare i trick freestyle, traspirante in tutta la scarpa con memory foam, soletta anatomica, suola rinforzata con PVC rigido<\/li>\n<li>Ruote: |PU SHR|<\/li>\n<li>Dimensioni ruota: |90 mm|<\/li>\n<li>Durezza della ruota: |85A|<\/li>\n<li>Cuscinetti: |ABEC 9 acciaio cromato|<\/li>\n<li>Freno: |No|<\/li>\n<li>Metodo di chiusura: clip superiore autobloccante, lacci, cinturino inferiore con doppia chiusura, microfibbia<\/li>\n<\/ul>\n<div class=\"-inch-almost_half_cell-inch-\">\n<p><span style=\"text-decoration: underline\">RACCOMANDAZIONE<br \/>\n<\/span><\/p>\n<p><em>\u2013 \u00c8 obbligatorio indossare l\u2019equipaggiamento protettivo! (casco, polsiere, gomitiere e ginocchiere)<\/em><\/p>\n<p><em>\u2013 L&#039;articolo non \u00e8 destinato all&#039;uso nel traffico!<\/em><\/p>\n<p><em>\u2013 Prima dell\u2019uso, leggere attentamente le istruzioni per l\u2019uso e le avvertenze.<\/em><\/p>\n<\/div>","protected":false},"excerpt":{"rendered":"<p>Pattini in linea TEMPISH EZZA 90<\/p>","protected":false},"featured_media":8891,"template":"","meta":{"_acf_changed":false,"inline_featured_image":false,"_monsterinsights_skip_tracking":false,"_monsterinsights_sitenote_active":false,"_monsterinsights_sitenote_note":"","_monsterinsights_sitenote_category":0},"product_brand":[1219],"product_cat":[584],"product_tag":[1201,1216,1218,1217],"class_list":{"0":"post-8886","1":"product","2":"type-product","3":"status-publish","4":"has-post-thumbnail","6":"product_brand-tempish","7":"product_cat-odrasli-rolerji","8":"product_tag-outlet","9":"product_tag-rolerji-ezza","10":"product_tag-rolerji-tempish","11":"product_tag-tempish-ezza","12":"pa_velikost-742","13":"pa_velikost-766","15":"first","16":"instock","17":"sale","18":"taxable","19":"shipping-taxable","20":"purchasable","21":"product-type-variable"},"acf":[],"aioseo_notices":[],"_links":{"self":[{"href":"https:\/\/ritosa.click.si\/it\/wp-json\/wp\/v2\/product\/8886","targetHints":{"allow":["GET"]}}],"collection":[{"href":"https:\/\/ritosa.click.si\/it\/wp-json\/wp\/v2\/product"}],"about":[{"href":"https:\/\/ritosa.click.si\/it\/wp-json\/wp\/v2\/types\/product"}],"wp:featuredmedia":[{"embeddable":true,"href":"https:\/\/ritosa.click.si\/it\/wp-json\/wp\/v2\/media\/8891"}],"wp:attachment":[{"href":"https:\/\/ritosa.click.si\/it\/wp-json\/wp\/v2\/media?parent=8886"}],"wp:term":[{"taxonomy":"product_brand","embeddable":true,"href":"https:\/\/ritosa.click.si\/it\/wp-json\/wp\/v2\/product_brand?post=8886"},{"taxonomy":"product_cat","embeddable":true,"href":"https:\/\/ritosa.click.si\/it\/wp-json\/wp\/v2\/product_cat?post=8886"},{"taxonomy":"product_tag","embeddable":true,"href":"https:\/\/ritosa.click.si\/it\/wp-json\/wp\/v2\/product_tag?post=8886"}],"curies":[{"name":"parola chiave","href":"https:\/\/api.w.org\/{rel}","templated":true}]}}