{"id":8602,"date":"2019-04-01T11:07:33","date_gmt":"2019-04-01T11:07:33","guid":{"rendered":"https:\/\/ritosa.click.si\/?post_type=product&#038;p=8602"},"modified":"2026-04-04T10:08:40","modified_gmt":"2026-04-04T08:08:40","slug":"rolerji-roces-helium-ii-tif","status":"publish","type":"product","link":"https:\/\/ritosa.click.si\/it\/negozio\/rolerji\/odrasli-rolerji\/rolerji-roces-helium-ii-tif\/","title":{"rendered":"Pattini in linea Roces HELIUM II TIF"},"content":{"rendered":"<p>I pattini in linea Roces HELIUM II TIF possono essere utilizzati per il fitness o semplicemente per la ricreazione. Le ruote da 84 mm garantiscono una guida fluida anche su superfici irregolari e asfalto rovinato. L'imbottitura anatomica progressiva assicura una forma che si adatta perfettamente al piede del pattinatore. Il rivestimento Cool Breath Mesh, combinato con le prese d'aria Jet, migliora la circolazione dell'aria e riduce l'accumulo di umidit\u00e0, rendendoli ideali per un utilizzo prolungato. Il telaio LiteDesign \u00e8 stabile e robusto, migliorando l'agilit\u00e0 e permettendo di raggiungere velocit\u00e0 pi\u00f9 elevate.<\/p>\n<ul>\n<li>Cuscinetti Abec 7<\/li>\n<li>Freno incluso<\/li>\n<\/ul>","protected":false},"excerpt":{"rendered":"<p>Pattini in linea per adulti ROCES HELIUM II TIF<\/p>\n<p><span style=\"color: #d0121a\"><span class=\"jCAhz ChMk0b\">Roces Helium II Tif \u00e8 piccolo,<\/span><span class=\"jCAhz ChMk0b\">ti consigliamo di scegliere una taglia in pi\u00f9 rispetto alla tua solita taglia di scarpe.<\/span><\/span><\/p>","protected":false},"featured_media":8608,"template":"","meta":{"_acf_changed":false,"inline_featured_image":false,"_monsterinsights_skip_tracking":false,"_monsterinsights_sitenote_active":false,"_monsterinsights_sitenote_note":"","_monsterinsights_sitenote_category":0},"product_brand":[684],"product_cat":[584],"product_tag":[1254,1256,1201,1253,1255,1252],"class_list":{"0":"post-8602","1":"product","2":"type-product","3":"status-publish","4":"has-post-thumbnail","6":"product_brand-roces","7":"product_cat-odrasli-rolerji","8":"product_tag-helium-ii-tif","9":"product_tag-odrasli-rolerji","10":"product_tag-outlet","11":"product_tag-roces-helium-ii-tif","12":"product_tag-rolerji-helium-tif","13":"product_tag-rolerji-roces","14":"pa_velikost-762","15":"pa_velikost-43-2","16":"pa_velikost-45-2","17":"pa_velikost-773","19":"first","20":"instock","21":"sale","22":"taxable","23":"shipping-taxable","24":"purchasable","25":"product-type-variable"},"acf":[],"aioseo_notices":[],"_links":{"self":[{"href":"https:\/\/ritosa.click.si\/it\/wp-json\/wp\/v2\/product\/8602","targetHints":{"allow":["GET"]}}],"collection":[{"href":"https:\/\/ritosa.click.si\/it\/wp-json\/wp\/v2\/product"}],"about":[{"href":"https:\/\/ritosa.click.si\/it\/wp-json\/wp\/v2\/types\/product"}],"wp:featuredmedia":[{"embeddable":true,"href":"https:\/\/ritosa.click.si\/it\/wp-json\/wp\/v2\/media\/8608"}],"wp:attachment":[{"href":"https:\/\/ritosa.click.si\/it\/wp-json\/wp\/v2\/media?parent=8602"}],"wp:term":[{"taxonomy":"product_brand","embeddable":true,"href":"https:\/\/ritosa.click.si\/it\/wp-json\/wp\/v2\/product_brand?post=8602"},{"taxonomy":"product_cat","embeddable":true,"href":"https:\/\/ritosa.click.si\/it\/wp-json\/wp\/v2\/product_cat?post=8602"},{"taxonomy":"product_tag","embeddable":true,"href":"https:\/\/ritosa.click.si\/it\/wp-json\/wp\/v2\/product_tag?post=8602"}],"curies":[{"name":"parola chiave","href":"https:\/\/api.w.org\/{rel}","templated":true}]}}