{"id":8350,"date":"2018-09-03T09:04:58","date_gmt":"2018-09-03T09:04:58","guid":{"rendered":"https:\/\/ritosa.click.si\/?post_type=product&#038;p=8350"},"modified":"2026-03-19T19:04:02","modified_gmt":"2026-03-19T18:04:02","slug":"komplet-luci-bta","status":"publish","type":"product","link":"https:\/\/ritosa.click.si\/it\/negozio\/kolesarstvo\/kolesarska-oprema\/dodatna-oprema-in-rezervni-deli\/luci-zarometi\/komplet-luci-bta\/","title":{"rendered":"Luce anteriore ALERT 350LM, USB + campanello"},"content":{"rendered":"<p>Garantite un\u2019eccellente visibilit\u00e0 e una maggiore sicurezza con la luce LED anteriore per bicicletta con una luminosit\u00e0 di 350 lumen. \u00c8 inoltre dotata di 12 LED SMD laterali che assicurano una migliore visibilit\u00e0 laterale e una maggiore sicurezza nel traffico, sia di giorno che di notte.<\/p>\n<p>Caratteristiche del prodotto:<\/p>\n<ul>\n<li>Fonte luminosa: 1 \u00d7 LED Samsung da 5W (350 lm), 12 \u00d7 LED SMD laterali per una visibilit\u00e0 aggiuntiva<\/li>\n<li>5 modalit\u00e0 di funzionamento: 3 livelli di luminosit\u00e0, 1 modalit\u00e0 lampeggiante (flash), 1 campanello elettronico<\/li>\n<li>Autonomia: 2\u20136 ore (a seconda della modalit\u00e0)<\/li>\n<li>Ricarica: cavo Micro USB (incluso)<\/li>\n<li>Dimensioni: 90 mm (L) \u00d7 33 mm (P) \u00d7 21 mm (A)<\/li>\n<li>Materiale: combinazione di plastica resistente e alluminio<\/li>\n<li>Facile montaggio sul manubrio<\/li>\n<\/ul>","protected":false},"excerpt":{"rendered":"<p>Luce LED anteriore per bicicletta Alert 350LM, con ricarica USB e campanello elettronico integrato.<\/p>\n<p>&nbsp;<\/p>","protected":false},"featured_media":21958,"template":"","meta":{"_acf_changed":false,"inline_featured_image":false,"_monsterinsights_skip_tracking":false,"_monsterinsights_sitenote_active":false,"_monsterinsights_sitenote_note":"","_monsterinsights_sitenote_category":0},"product_brand":[1559],"product_cat":[534],"product_tag":[1537,2275,1549],"class_list":{"0":"post-8350","1":"product","2":"type-product","3":"status-publish","4":"has-post-thumbnail","6":"product_brand-force","7":"product_cat-luci-zarometi","8":"product_tag-luc-za-kolo","9":"product_tag-prednja-luc","10":"product_tag-sprednja-luc","12":"first","13":"instock","14":"taxable","15":"shipping-taxable","16":"purchasable","17":"product-type-simple"},"acf":[],"aioseo_notices":[],"_links":{"self":[{"href":"https:\/\/ritosa.click.si\/it\/wp-json\/wp\/v2\/product\/8350","targetHints":{"allow":["GET"]}}],"collection":[{"href":"https:\/\/ritosa.click.si\/it\/wp-json\/wp\/v2\/product"}],"about":[{"href":"https:\/\/ritosa.click.si\/it\/wp-json\/wp\/v2\/types\/product"}],"wp:featuredmedia":[{"embeddable":true,"href":"https:\/\/ritosa.click.si\/it\/wp-json\/wp\/v2\/media\/21958"}],"wp:attachment":[{"href":"https:\/\/ritosa.click.si\/it\/wp-json\/wp\/v2\/media?parent=8350"}],"wp:term":[{"taxonomy":"product_brand","embeddable":true,"href":"https:\/\/ritosa.click.si\/it\/wp-json\/wp\/v2\/product_brand?post=8350"},{"taxonomy":"product_cat","embeddable":true,"href":"https:\/\/ritosa.click.si\/it\/wp-json\/wp\/v2\/product_cat?post=8350"},{"taxonomy":"product_tag","embeddable":true,"href":"https:\/\/ritosa.click.si\/it\/wp-json\/wp\/v2\/product_tag?post=8350"}],"curies":[{"name":"parola chiave","href":"https:\/\/api.w.org\/{rel}","templated":true}]}}