{"id":8314,"date":"2018-08-30T09:09:10","date_gmt":"2018-08-30T09:09:10","guid":{"rendered":"https:\/\/ritosa.click.si\/?post_type=product&#038;p=8314"},"modified":"2025-09-25T15:29:09","modified_gmt":"2025-09-25T13:29:09","slug":"torbica-topeak-tourguide-handlebar-bag","status":"publish","type":"product","link":"https:\/\/ritosa.click.si\/it\/negozio\/kolesarstvo\/kolesarska-oprema\/dodatna-oprema-in-rezervni-deli\/torbice\/torbica-topeak-tourguide-handlebar-bag\/","title":{"rendered":"Borsa da manubrio Topeak TourGuide"},"content":{"rendered":"<div class=\"clearfix text-formatted field field--name-body field--type-text-with-summary field--label-hidden field__item\">\n<p>Borsa da manubrio con manico di medie dimensioni con attacco QuickClick\u2122 e tracolla per un facile trasporto. Scomparto principale imbottito e diviso, cerniera frontale e due tasche laterali per un&#039;ottima organizzazione. Ideale per viaggi, gite giornaliere e spostamenti casa-lavoro. Include copertura antipioggia.<\/p>\n<ul>\n<li><strong>CARATTERISTICHE AGGIUNTIVE <\/strong>tasca con coperchio trasparente per mappa, tracolla, maniglia, copertura antipioggia, nastro riflettente 3M\u2122, spazio per luce di sicurezza<\/li>\n<li><strong>FISSAGGIO DELLA BORSA AL MANUBRIO <\/strong>Supporto manubrio QuickClick\u2122 (FIXER 8)<br \/>\nAdatto per manubri con diametri di \u00f825,4, \u00f828,6 e \u00f831,8 mm<\/li>\n<li><strong>CAPACIT\u00c0 <\/strong>5 L \/ 305 cc<\/li>\n<li><strong>ORGANIZZAZIONE <\/strong>Scomparto principale, tasca frontale con cerniera, due tasche laterali con cerniera, tasca porta-mappe con coperchio trasparente<\/li>\n<li><strong>MATERIALE <\/strong>Nylon 1800\/840 denari<\/li>\n<li><strong>CAPACIT\u00c0 DI CARICO MASSIMA<\/strong>T 5 kg \/ 11 libbre<\/li>\n<li><strong>PROTEZIONE <\/strong>Completamente imbottito<\/li>\n<li><strong>DIMENSIONI <\/strong>25,5 x 23 x 18 cm \/ 10&quot; x 9,1&quot; x 7,1&quot;<\/li>\n<li><strong>PESO <\/strong>670 g \/ 1,48 libbre<\/li>\n<\/ul>\n<\/div>","protected":false},"excerpt":{"rendered":"<p>Borsa da manubrio Topeak TourGuide 5L<\/p>","protected":false},"featured_media":8315,"template":"","meta":{"_acf_changed":false,"inline_featured_image":false,"_monsterinsights_skip_tracking":false,"_monsterinsights_sitenote_active":false,"_monsterinsights_sitenote_note":"","_monsterinsights_sitenote_category":0},"product_brand":[1395],"product_cat":[517],"product_tag":[1554,1716,1715,1718,1717],"class_list":{"0":"post-8314","1":"product","2":"type-product","3":"status-publish","4":"has-post-thumbnail","6":"product_brand-topeak","7":"product_cat-torbice","8":"product_tag-topeak","9":"product_tag-topeak-tourguide-handlebar-bag","10":"product_tag-torba-topeak","11":"product_tag-tourguide-handlebar","12":"product_tag-tourguide-handlebar-bag","14":"first","15":"instock","16":"sale","17":"taxable","18":"shipping-taxable","19":"purchasable","20":"product-type-simple"},"acf":[],"aioseo_notices":[],"_links":{"self":[{"href":"https:\/\/ritosa.click.si\/it\/wp-json\/wp\/v2\/product\/8314","targetHints":{"allow":["GET"]}}],"collection":[{"href":"https:\/\/ritosa.click.si\/it\/wp-json\/wp\/v2\/product"}],"about":[{"href":"https:\/\/ritosa.click.si\/it\/wp-json\/wp\/v2\/types\/product"}],"wp:featuredmedia":[{"embeddable":true,"href":"https:\/\/ritosa.click.si\/it\/wp-json\/wp\/v2\/media\/8315"}],"wp:attachment":[{"href":"https:\/\/ritosa.click.si\/it\/wp-json\/wp\/v2\/media?parent=8314"}],"wp:term":[{"taxonomy":"product_brand","embeddable":true,"href":"https:\/\/ritosa.click.si\/it\/wp-json\/wp\/v2\/product_brand?post=8314"},{"taxonomy":"product_cat","embeddable":true,"href":"https:\/\/ritosa.click.si\/it\/wp-json\/wp\/v2\/product_cat?post=8314"},{"taxonomy":"product_tag","embeddable":true,"href":"https:\/\/ritosa.click.si\/it\/wp-json\/wp\/v2\/product_tag?post=8314"}],"curies":[{"name":"parola chiave","href":"https:\/\/api.w.org\/{rel}","templated":true}]}}