{"id":8311,"date":"2018-08-30T08:42:25","date_gmt":"2018-08-30T08:42:25","guid":{"rendered":"https:\/\/ritosa.click.si\/?post_type=product&#038;p=8311"},"modified":"2025-09-26T09:52:01","modified_gmt":"2025-09-26T07:52:01","slug":"potovalna-torba-za-na-prtljaznik-wag-68l","status":"publish","type":"product","link":"https:\/\/ritosa.click.si\/it\/negozio\/kolesarstvo\/kolesarska-oprema\/dodatna-oprema-in-rezervni-deli\/torbice\/potovalna-torba-za-na-prtljaznik-wag-68l\/","title":{"rendered":"Borsa ACID TRUNK 8+7 RILINK"},"content":{"rendered":"<p data-start=\"45\" data-end=\"527\">Con la borsa ACID TRUNK 8+7 RILink, fare la spesa in bici o preparare rapidamente i bagagli per una gita del fine settimana \u00e8 facile. Ci\u00f2 che distingue questa borsa dalla Trunk 8 \u00e8 la sua espandibilit\u00e0 grazie alle tasche laterali pieghevoli. \u00c8 compatibile con tutte le borse laterali ACID e CUBE ed \u00e8 dotata di una tracolla regolabile per portarla con s\u00e9 in modo facile e comodo. Con dettagli riflettenti, una tasca in rete e una pratica copertura antipioggia, la borsa ACID \u00e8 pratica e semplifica le tue esigenze quotidiane.<\/p>\n<p data-start=\"529\" data-end=\"543\"><strong data-start=\"529\" data-end=\"543\">Caratteristiche:<\/strong><\/p>\n<ul>\n<li data-start=\"547\" data-end=\"563\">copertura antipioggia<\/li>\n<li data-start=\"566\" data-end=\"597\">compatibile con i portapacchi ACID<\/li>\n<li data-start=\"600\" data-end=\"626\">tracolla regolabile<\/li>\n<li data-start=\"629\" data-end=\"654\">tasche laterali pieghevoli<\/li>\n<li data-start=\"657\" data-end=\"675\">elementi riflettenti<\/li>\n<li data-start=\"678\" data-end=\"691\">tasca a rete<\/li>\n<li data-start=\"694\" data-end=\"715\">materiale: poliestere<\/li>\n<li data-start=\"694\" data-end=\"715\">Dimensioni: (L x P x A) 35 x 23 x 20 cm<\/li>\n<li data-start=\"694\" data-end=\"715\">Volume: 8 + 7 litri<\/li>\n<\/ul>","protected":false},"excerpt":{"rendered":"<p>Borsa da viaggio ACID TRUNK 8+7 RILINK<\/p>","protected":false},"featured_media":19769,"template":"","meta":{"_acf_changed":false,"inline_featured_image":false,"_monsterinsights_skip_tracking":false,"_monsterinsights_sitenote_active":false,"_monsterinsights_sitenote_note":"","_monsterinsights_sitenote_category":0},"product_brand":[1192],"product_cat":[517],"product_tag":[1586,1742,1740,993,1745,1744,914,1714,1743,1741],"class_list":{"0":"post-8311","1":"product","2":"type-product","3":"status-publish","4":"has-post-thumbnail","6":"product_brand-cube","7":"product_cat-torbice","8":"product_tag-acid","9":"product_tag-acid-trunk","10":"product_tag-acid-trunk-87-rilink","11":"product_tag-cube","12":"product_tag-potovalna-torba","13":"product_tag-potovalna-torba-cube","14":"product_tag-torba","15":"product_tag-torba-za-na-kolo","16":"product_tag-torba-za-na-prtljaznik","17":"product_tag-trunk-87-rilink","19":"first","20":"instock","21":"sale","22":"taxable","23":"shipping-taxable","24":"purchasable","25":"product-type-simple"},"acf":[],"aioseo_notices":[],"_links":{"self":[{"href":"https:\/\/ritosa.click.si\/it\/wp-json\/wp\/v2\/product\/8311","targetHints":{"allow":["GET"]}}],"collection":[{"href":"https:\/\/ritosa.click.si\/it\/wp-json\/wp\/v2\/product"}],"about":[{"href":"https:\/\/ritosa.click.si\/it\/wp-json\/wp\/v2\/types\/product"}],"wp:featuredmedia":[{"embeddable":true,"href":"https:\/\/ritosa.click.si\/it\/wp-json\/wp\/v2\/media\/19769"}],"wp:attachment":[{"href":"https:\/\/ritosa.click.si\/it\/wp-json\/wp\/v2\/media?parent=8311"}],"wp:term":[{"taxonomy":"product_brand","embeddable":true,"href":"https:\/\/ritosa.click.si\/it\/wp-json\/wp\/v2\/product_brand?post=8311"},{"taxonomy":"product_cat","embeddable":true,"href":"https:\/\/ritosa.click.si\/it\/wp-json\/wp\/v2\/product_cat?post=8311"},{"taxonomy":"product_tag","embeddable":true,"href":"https:\/\/ritosa.click.si\/it\/wp-json\/wp\/v2\/product_tag?post=8311"}],"curies":[{"name":"parola chiave","href":"https:\/\/api.w.org\/{rel}","templated":true}]}}