{"id":8141,"date":"2018-07-24T12:28:27","date_gmt":"2018-07-24T12:28:27","guid":{"rendered":"https:\/\/ritosa.click.si\/?post_type=product&#038;p=8141"},"modified":"2026-03-23T12:25:58","modified_gmt":"2026-03-23T11:25:58","slug":"portna-ocala-bliz-hybrid","status":"publish","type":"product","link":"https:\/\/ritosa.click.si\/it\/negozio\/kolesarstvo\/kolesarska-oprema\/kolesarska-ocala\/portna-ocala-bliz-hybrid\/","title":{"rendered":"Occhiali sportivi BLIZ HYBRID"},"content":{"rendered":"<p>L&#039;Hybrid \u00e8 il risultato di anni di perfezionamento e messa a punto. Dal suo lancio, l&#039;Hybrid \u00e8 rapidamente diventato uno dei modelli preferiti nel panorama ciclistico, apprezzato sia dai ciclisti amatoriali che dai team d&#039;\u00e9lite. Un telaio pi\u00f9 alto, minore resistenza aerodinamica e prestazioni superiori. Naturalmente, l&#039;Hybrid non \u00e8 solo per il ciclismo: \u00e8 un modello altamente adattabile, un&#039;ottima scelta anche per altre attivit\u00e0 multisport. Testato, collaudato e sviluppato, l&#039;Hybrid \u00e8 la scelta ovvia per chiunque esiga il massimo dalla propria attrezzatura.<\/p>\n<p><strong>Propriet\u00e0 delle lenti<\/strong><br \/>\nHybrid \u00e8 dotato della tecnologia Hydro Lens Technology\u2122. La lente \u00e8 realizzata in materiale X-PC indistruttibile con elevata qualit\u00e0 ottica, che garantisce un&#039;immagine chiara e nitida in diverse condizioni atmosferiche. Oltre alla lente principale, sono incluse due lenti aggiuntive: una trasparente e una a contrasto. La lente offre protezione UV completa, rifrazione della luce minima, protezione antigraffio e propriet\u00e0 idrofobiche.<\/p>\n<p><strong>Materiali<\/strong><br \/>\nGrazie alla realizzazione in Grilamid TR90, siamo riusciti a ridurre significativamente il peso. Molto significativamente. Al di sotto del limite magico, Hybrid pesa solo 30 grammi. Il Grilamid TR90 ha il vantaggio di essere comodo da indossare sia sotto il sole cocente che al freddo pungente.<\/p>\n<p><strong>Opzioni di personalizzazione<\/strong><br \/>\nPoich\u00e9 non esistono due teste esattamente uguali, Hybrid \u00e8 progettato con un nasello regolabile e terminali delle aste regolabili. Non avrai problemi a trovare la vestibilit\u00e0 perfetta. Puoi facilmente cambiare la lente, poich\u00e9 Hybrid include 2 lenti aggiuntive, una trasparente e una a contrasto, per adattarsi a qualsiasi condizione atmosferica.<\/p>","protected":false},"excerpt":{"rendered":"<p>Occhiali da sole sportivi BLIZ HYBRID con lenti: fumo + lente di ricambio arancione e trasparente<\/p>","protected":false},"featured_media":8142,"template":"","meta":{"_acf_changed":false,"inline_featured_image":false},"product_brand":[2053],"product_cat":[526],"product_tag":[2055,2033,2036,2056,2054],"class_list":{"0":"post-8141","1":"product","2":"type-product","3":"status-publish","4":"has-post-thumbnail","6":"product_brand-bliz","7":"product_cat-kolesarska-ocala","8":"product_tag-bliz-hybrid","9":"product_tag-kolesarska-ocala","10":"product_tag-sportna-ocala","11":"product_tag-sportna-ocala-bliz","12":"product_tag-sportna-ocala-bliz-hybrid","14":"first","15":"instock","16":"sale","17":"taxable","18":"shipping-taxable","19":"purchasable","20":"product-type-simple"},"acf":[],"_links":{"self":[{"href":"https:\/\/ritosa.click.si\/it\/wp-json\/wp\/v2\/product\/8141","targetHints":{"allow":["GET"]}}],"collection":[{"href":"https:\/\/ritosa.click.si\/it\/wp-json\/wp\/v2\/product"}],"about":[{"href":"https:\/\/ritosa.click.si\/it\/wp-json\/wp\/v2\/types\/product"}],"wp:featuredmedia":[{"embeddable":true,"href":"https:\/\/ritosa.click.si\/it\/wp-json\/wp\/v2\/media\/8142"}],"wp:attachment":[{"href":"https:\/\/ritosa.click.si\/it\/wp-json\/wp\/v2\/media?parent=8141"}],"wp:term":[{"taxonomy":"product_brand","embeddable":true,"href":"https:\/\/ritosa.click.si\/it\/wp-json\/wp\/v2\/product_brand?post=8141"},{"taxonomy":"product_cat","embeddable":true,"href":"https:\/\/ritosa.click.si\/it\/wp-json\/wp\/v2\/product_cat?post=8141"},{"taxonomy":"product_tag","embeddable":true,"href":"https:\/\/ritosa.click.si\/it\/wp-json\/wp\/v2\/product_tag?post=8141"}],"curies":[{"name":"parola chiave","href":"https:\/\/api.w.org\/{rel}","templated":true}]}}