{"id":8093,"date":"2018-07-04T15:53:45","date_gmt":"2018-07-04T15:53:45","guid":{"rendered":"https:\/\/ritosa.click.si\/?post_type=product&#038;p=8093"},"modified":"2026-03-30T09:03:06","modified_gmt":"2026-03-30T07:03:06","slug":"elektricni-skuter-invacare-colibri-18v","status":"publish","type":"product","link":"https:\/\/ritosa.click.si\/it\/negozio\/invalidski-pripomocki\/vozicki-in-skuterji\/elektricni-skuter-invacare-colibri-18v\/","title":{"rendered":"Monopattino elettrico Invacare Colibri 18V"},"content":{"rendered":"<p>Caratteristiche:<\/p>\n<ul>\n<li data-section-id=\"1et2dq3\" data-start=\"354\" data-end=\"466\">Ruote e batteria opzionali pi\u00f9 grandi: Con queste, gli utenti possono viaggiare facilmente su terreni pi\u00f9 accidentati.<\/li>\n<li data-section-id=\"11ypud3\" data-start=\"612\" data-end=\"731\">Smontaggio facile: Il sistema integrato Invacare LiteLock\u2122 consente di smontare facilmente lo scooter senza bisogno di strumenti.<\/li>\n<li data-section-id=\"1g8zmmf\" data-start=\"732\" data-end=\"883\">Maggiore comfort: Il sedile morbido e imbottito offre comfort durante la guida, e il kit opzionale di sospensione del sedile \u201ceasy fit\u201d aumenta ulteriormente il comfort.<\/li>\n<li data-section-id=\"1rip7lf\" data-start=\"884\" data-end=\"998\">Durabilit\u00e0: Il Colibri \u00e8 realizzato con materiali di alta qualit\u00e0 che garantiscono una lunga durata.<\/li>\n<\/ul>\n<p>Specifiche:<\/p>\n<ul>\n<li>Larghezza del sedile: 400 mm<\/li>\n<li>Altezza del sedile: regolabile da 370 \u2013 420 mm<\/li>\n<li>Larghezza: 505 mm<\/li>\n<li>Lunghezza: 1010 mm<\/li>\n<li>Peso: 49 kg<\/li>\n<li>Peso massimo del conducente: 136 kg<\/li>\n<li>Batteria: 2 x 18 Ah<\/li>\n<li>Autonomia: 16 km<\/li>\n<li>Velocit\u00e0 massima: 8 km\/h<\/li>\n<\/ul>","protected":false},"excerpt":{"rendered":"<p>Lo scooter elettrico Invacare Colibri \u00e8 stabile, affidabile e facile da usare, adatto agli anziani, alle persone con disabilit\u00e0 e a chi si stanca facilmente. Il design compatto consente un\u2019eccellente manovrabilit\u00e0 anche negli spazi ristretti, mentre il sedile imbottito e il sistema di sospensione opzionale garantiscono una guida confortevole. Facile da smontare grazie al sistema LiteLock, pu\u00f2 essere comodamente trasportato nel bagagliaio dell\u2019auto.<\/p>","protected":false},"featured_media":22515,"template":"","meta":{"_acf_changed":false,"inline_featured_image":false,"_monsterinsights_skip_tracking":false,"_monsterinsights_sitenote_active":false,"_monsterinsights_sitenote_note":"","_monsterinsights_sitenote_category":0},"product_brand":[686],"product_cat":[543],"product_tag":[2274,2287,2289,2288],"class_list":{"0":"post-8093","1":"product","2":"type-product","3":"status-publish","4":"has-post-thumbnail","6":"product_brand-invacare","7":"product_cat-vozicki-in-skuterji","8":"product_tag-invacare","9":"product_tag-invacare-elektricni-skuterji","10":"product_tag-invacare-skuter","11":"product_tag-skuter","12":"pa_barva-modra","13":"pa_barva-rdeca","14":"pa_barva-zelena","16":"first","17":"onbackorder","18":"sale","19":"taxable","20":"shipping-taxable","21":"purchasable","22":"product-type-variable"},"acf":[],"aioseo_notices":[],"_links":{"self":[{"href":"https:\/\/ritosa.click.si\/it\/wp-json\/wp\/v2\/product\/8093","targetHints":{"allow":["GET"]}}],"collection":[{"href":"https:\/\/ritosa.click.si\/it\/wp-json\/wp\/v2\/product"}],"about":[{"href":"https:\/\/ritosa.click.si\/it\/wp-json\/wp\/v2\/types\/product"}],"wp:featuredmedia":[{"embeddable":true,"href":"https:\/\/ritosa.click.si\/it\/wp-json\/wp\/v2\/media\/22515"}],"wp:attachment":[{"href":"https:\/\/ritosa.click.si\/it\/wp-json\/wp\/v2\/media?parent=8093"}],"wp:term":[{"taxonomy":"product_brand","embeddable":true,"href":"https:\/\/ritosa.click.si\/it\/wp-json\/wp\/v2\/product_brand?post=8093"},{"taxonomy":"product_cat","embeddable":true,"href":"https:\/\/ritosa.click.si\/it\/wp-json\/wp\/v2\/product_cat?post=8093"},{"taxonomy":"product_tag","embeddable":true,"href":"https:\/\/ritosa.click.si\/it\/wp-json\/wp\/v2\/product_tag?post=8093"}],"curies":[{"name":"parola chiave","href":"https:\/\/api.w.org\/{rel}","templated":true}]}}