{"id":8081,"date":"2018-07-04T13:37:20","date_gmt":"2018-07-04T13:37:20","guid":{"rendered":"https:\/\/ritosa.click.si\/?post_type=product&#038;p=8081"},"modified":"2026-03-30T09:03:06","modified_gmt":"2026-03-30T07:03:06","slug":"elektricni-skuter-invacare-orion-pro","status":"publish","type":"product","link":"https:\/\/ritosa.click.si\/it\/negozio\/invalidski-pripomocki\/vozicki-in-skuterji\/elektricni-skuter-invacare-orion-pro\/","title":{"rendered":"Scooter elettrico Invacare Orion Pro"},"content":{"rendered":"<p>Caratteristiche:<\/p>\n<ul>\n<li>Inclinazione manubrio regolabile<\/li>\n<li>Design ergonomico del manubrio<\/li>\n<li>Freno a mano e freno motore<\/li>\n<li>Luci dei freni<\/li>\n<li>Riduzione automatica della velocit\u00e0 in curva<\/li>\n<\/ul>\n<p>Specifiche:<\/p>\n<ul>\n<li>Larghezza del sedile: 510 mm<\/li>\n<li>Altezza del sedile: regolabile da 440 a 510 mm<\/li>\n<li>Larghezza: 665 mm<\/li>\n<li>Lunghezza: 1320 mm<\/li>\n<li>Peso: 136 kg<\/li>\n<li>Il componente pi\u00f9 pesante: 62 kg<\/li>\n<li>Peso massimo del conducente: 160 kg<\/li>\n<li>Batteria: 2 x 12V\/75Ah<\/li>\n<li>Motore: 550 W<\/li>\n<li>Autonomia: 55 km<\/li>\n<li>Velocit\u00e0 massima: 15 km\/h<\/li>\n<\/ul>","protected":false},"excerpt":{"rendered":"<p>Scooter elettrico Orion Pro di un produttore rinomato <span class=\"hover:entity-accent entity-underline inline cursor-pointer align-baseline\"><span class=\"whitespace-normal\">Invacare<\/span><\/span>\u00a0unisce stabilit\u00e0, resistenza e comfort superiore, ed \u00e8 progettato per chi ha difficolt\u00e0 a camminare, si stanca facilmente o necessita di un supporto extra nella mobilit\u00e0 quotidiana. Ottima scelta per anziani e persone con disabilit\u00e0 che desiderano mantenere indipendenza e uno stile di vita attivo. Adatto sia per uso interno che esterno.<\/p>\n<p>&nbsp;<\/p>","protected":false},"featured_media":21978,"template":"","meta":{"_acf_changed":false,"inline_featured_image":false,"_monsterinsights_skip_tracking":false,"_monsterinsights_sitenote_active":false,"_monsterinsights_sitenote_note":"","_monsterinsights_sitenote_category":0},"product_brand":[686],"product_cat":[543],"product_tag":[2273,2274],"class_list":{"0":"post-8081","1":"product","2":"type-product","3":"status-publish","4":"has-post-thumbnail","6":"product_brand-invacare","7":"product_cat-vozicki-in-skuterji","8":"product_tag-elekticni-skuter-invacare","9":"product_tag-invacare","10":"pa_barva-rdeca","11":"pa_barva-srebrna","13":"first","14":"instock","15":"sale","16":"taxable","17":"shipping-taxable","18":"purchasable","19":"product-type-variable"},"acf":[],"aioseo_notices":[],"_links":{"self":[{"href":"https:\/\/ritosa.click.si\/it\/wp-json\/wp\/v2\/product\/8081","targetHints":{"allow":["GET"]}}],"collection":[{"href":"https:\/\/ritosa.click.si\/it\/wp-json\/wp\/v2\/product"}],"about":[{"href":"https:\/\/ritosa.click.si\/it\/wp-json\/wp\/v2\/types\/product"}],"wp:featuredmedia":[{"embeddable":true,"href":"https:\/\/ritosa.click.si\/it\/wp-json\/wp\/v2\/media\/21978"}],"wp:attachment":[{"href":"https:\/\/ritosa.click.si\/it\/wp-json\/wp\/v2\/media?parent=8081"}],"wp:term":[{"taxonomy":"product_brand","embeddable":true,"href":"https:\/\/ritosa.click.si\/it\/wp-json\/wp\/v2\/product_brand?post=8081"},{"taxonomy":"product_cat","embeddable":true,"href":"https:\/\/ritosa.click.si\/it\/wp-json\/wp\/v2\/product_cat?post=8081"},{"taxonomy":"product_tag","embeddable":true,"href":"https:\/\/ritosa.click.si\/it\/wp-json\/wp\/v2\/product_tag?post=8081"}],"curies":[{"name":"parola chiave","href":"https:\/\/api.w.org\/{rel}","templated":true}]}}