{"id":8068,"date":"2018-07-04T12:47:39","date_gmt":"2018-07-04T12:47:39","guid":{"rendered":"https:\/\/ritosa.click.si\/?post_type=product&#038;p=8068"},"modified":"2026-03-30T09:03:07","modified_gmt":"2026-03-30T07:03:07","slug":"elektricni-skuter-invacare-orion-metro","status":"publish","type":"product","link":"https:\/\/ritosa.click.si\/it\/negozio\/invalidski-pripomocki\/vozicki-in-skuterji\/elektricni-skuter-invacare-orion-metro\/","title":{"rendered":"Scooter elettrico Invacare Orion Metro"},"content":{"rendered":"<p>Caratteristiche:<\/p>\n<ul>\n<li>Inclinazione manubrio regolabile<\/li>\n<li>Design ergonomico del manubrio<\/li>\n<li>Freno a mano e freno motore<\/li>\n<li>Luci dei freni<\/li>\n<li>Riduzione automatica della velocit\u00e0 in curva<\/li>\n<\/ul>\n<p>Specifiche:<\/p>\n<ul>\n<li>Larghezza del sedile: 510 mm<\/li>\n<li>Altezza del sedile: regolabile da 440 a 510 mm<\/li>\n<li>Larghezza: 665 mm<\/li>\n<li>Lunghezza: 1270 mm<\/li>\n<li>Peso: 110 kg<\/li>\n<li>Il componente pi\u00f9 pesante: 57 kg<\/li>\n<li>Peso massimo del conducente: 136 kg<\/li>\n<li>Batteria: 2 x 12V\/40Ah<\/li>\n<li>Autonomia: 35 km<\/li>\n<li>Velocit\u00e0 massima: 10 km\/h<\/li>\n<\/ul>","protected":false},"excerpt":{"rendered":"<p>Scooter per disabili Orion Metro del produttore <span class=\"hover:entity-accent entity-underline inline cursor-pointer align-baseline\"><span class=\"whitespace-normal\">Invacare<\/span><\/span> Combina tecnologia avanzata, funzioni di sicurezza e facilit\u00e0 d'uso. \u00c8 progettato per gli utenti che desiderano una mobilit\u00e0 affidabile, confortevole e sicura, sia in ambienti urbani sia su percorsi pi\u00f9 lunghi.<\/p>","protected":false},"featured_media":22504,"template":"","meta":{"_acf_changed":false,"inline_featured_image":false,"_monsterinsights_skip_tracking":false,"_monsterinsights_sitenote_active":false,"_monsterinsights_sitenote_note":"","_monsterinsights_sitenote_category":0},"product_brand":[686],"product_cat":[543],"product_tag":[],"class_list":{"0":"post-8068","1":"product","2":"type-product","3":"status-publish","4":"has-post-thumbnail","6":"product_brand-invacare","7":"product_cat-vozicki-in-skuterji","8":"pa_barva-rdeca","9":"pa_barva-srebrna","11":"first","12":"instock","13":"sale","14":"taxable","15":"shipping-taxable","16":"purchasable","17":"product-type-variable"},"acf":[],"aioseo_notices":[],"_links":{"self":[{"href":"https:\/\/ritosa.click.si\/it\/wp-json\/wp\/v2\/product\/8068","targetHints":{"allow":["GET"]}}],"collection":[{"href":"https:\/\/ritosa.click.si\/it\/wp-json\/wp\/v2\/product"}],"about":[{"href":"https:\/\/ritosa.click.si\/it\/wp-json\/wp\/v2\/types\/product"}],"wp:featuredmedia":[{"embeddable":true,"href":"https:\/\/ritosa.click.si\/it\/wp-json\/wp\/v2\/media\/22504"}],"wp:attachment":[{"href":"https:\/\/ritosa.click.si\/it\/wp-json\/wp\/v2\/media?parent=8068"}],"wp:term":[{"taxonomy":"product_brand","embeddable":true,"href":"https:\/\/ritosa.click.si\/it\/wp-json\/wp\/v2\/product_brand?post=8068"},{"taxonomy":"product_cat","embeddable":true,"href":"https:\/\/ritosa.click.si\/it\/wp-json\/wp\/v2\/product_cat?post=8068"},{"taxonomy":"product_tag","embeddable":true,"href":"https:\/\/ritosa.click.si\/it\/wp-json\/wp\/v2\/product_tag?post=8068"}],"curies":[{"name":"parola chiave","href":"https:\/\/api.w.org\/{rel}","templated":true}]}}