{"id":7877,"date":"2017-12-01T10:57:31","date_gmt":"2017-12-01T10:57:31","guid":{"rendered":"https:\/\/ritosa.click.si\/?post_type=product&#038;p=7877"},"modified":"2026-03-07T12:36:48","modified_gmt":"2026-03-07T11:36:48","slug":"bob-hamax-sno-taxi","status":"publish","type":"product","link":"https:\/\/ritosa.click.si\/it\/negozio\/sciare\/ostali-zimski-sporti\/bobi-in-sanke\/bob-hamax-sno-taxi\/","title":{"rendered":"Hamax Sno Taxi \u2013 bob per famiglie"},"content":{"rendered":"<p data-start=\"89\" data-end=\"519\">Hamax <strong data-start=\"95\" data-end=\"107\">Sno Taxi<\/strong> je stabilen in vodljiv bob z volanom, zasnovan za zabavno sankanje z dru\u017eino ali prijatelji. Zaradi prostora za <strong data-start=\"220\" data-end=\"233\">dve osebi<\/strong> je idealen za skupne zimske dogodiv\u0161\u010dine. Bob omogo\u010da odli\u010dno vodljivost in nadzor na spustu, saj je opremljen z <strong data-start=\"347\" data-end=\"372\">volanom za usmerjanje<\/strong> ter <strong data-start=\"377\" data-end=\"419\">robustno ro\u010dno zavoro z jeklenimi \u010depi<\/strong>, ki zagotavlja u\u010dinkovito zaviranje tudi na tr\u0161ih podlagah.<\/p>\n<p data-start=\"521\" data-end=\"727\">Izdelan je iz <strong data-start=\"535\" data-end=\"569\">hladno odporne plastike (HDPE)<\/strong>, ki je trpe\u017ena in primerna za uporabo v zimskih razmerah. Monta\u017ea je zelo enostavna \u2013 potrebno je le pritrditi volan.<\/p>\n<h4 data-section-id=\"1xgzajh\" data-start=\"734\" data-end=\"759\"><strong data-start=\"738\" data-end=\"759\">Caratteristiche principali<\/strong><\/h4>\n<ul data-start=\"761\" data-end=\"1074\">\n<li data-section-id=\"c7msk8\" data-start=\"761\" data-end=\"819\">\n<p data-start=\"763\" data-end=\"819\"><strong data-start=\"763\" data-end=\"785\">Prostor za 2 osebi<\/strong> \u2013 idealen za dru\u017einsko sankanje<\/p>\n<\/li>\n<li data-section-id=\"4vbfe0\" data-start=\"820\" data-end=\"863\">\n<p data-start=\"822\" data-end=\"863\"><strong data-start=\"822\" data-end=\"851\">Volan za la\u017eje usmerjanje<\/strong> na spustu<\/p>\n<\/li>\n<li data-section-id=\"17x87b4\" data-start=\"864\" data-end=\"924\">\n<p data-start=\"866\" data-end=\"924\"><strong data-start=\"866\" data-end=\"905\">Mo\u010dna ro\u010dna zavora z jeklenimi \u010depi<\/strong> za ve\u010djo varnost<\/p>\n<\/li>\n<li data-section-id=\"wqysrx\" data-start=\"925\" data-end=\"968\">\n<p data-start=\"927\" data-end=\"968\"><strong data-start=\"927\" data-end=\"966\">Odli\u010dne drsne in vodljive lastnosti<\/strong><\/p>\n<\/li>\n<li data-section-id=\"13ajksb\" data-start=\"969\" data-end=\"1030\">\n<p data-start=\"971\" data-end=\"1030\"><strong data-start=\"971\" data-end=\"1012\">Trpe\u017ena konstrukcija iz HDPE plastike<\/strong> odporne na mraz<\/p>\n<\/li>\n<li data-section-id=\"zmw9u0\" data-start=\"1031\" data-end=\"1074\">\n<p data-start=\"1033\" data-end=\"1074\"><strong data-start=\"1033\" data-end=\"1054\">Enostavna monta\u017ea<\/strong> (pritrditev volana)<\/p>\n<\/li>\n<\/ul>\n<h4 data-section-id=\"iz2t3m\" data-start=\"1081\" data-end=\"1111\"><strong data-start=\"1085\" data-end=\"1111\">Specifiche tecniche<\/strong><\/h4>\n<div class=\"TyagGW_tableContainer\">\n<div class=\"group TyagGW_tableWrapper flex flex-col-reverse w-fit\">\n<table class=\"w-fit min-w-(--thread-content-width)\" data-start=\"1113\" data-end=\"1401\">\n<thead data-start=\"1113\" data-end=\"1135\"><\/thead>\n<tbody data-start=\"1146\" data-end=\"1401\">\n<tr data-start=\"1146\" data-end=\"1176\">\n<td data-start=\"1146\" data-end=\"1156\" data-col-size=\"sm\">Lunghezza<\/td>\n<td data-start=\"1156\" data-end=\"1176\" data-col-size=\"sm\">pribli\u017eno 110 cm<\/td>\n<\/tr>\n<tr data-start=\"1177\" data-end=\"1213\">\n<td data-start=\"1177\" data-end=\"1189\" data-col-size=\"sm\">Dimensioni<\/td>\n<td data-start=\"1189\" data-end=\"1213\" data-col-size=\"sm\">cca 109 \u00d7 55 \u00d7 18 cm<\/td>\n<\/tr>\n<tr data-start=\"1214\" data-end=\"1241\">\n<td data-start=\"1214\" data-end=\"1221\" data-col-size=\"sm\">Peso<\/td>\n<td data-col-size=\"sm\" data-start=\"1221\" data-end=\"1241\">pribli\u017eno 5,4 kg<\/td>\n<\/tr>\n<tr data-start=\"1242\" data-end=\"1287\">\n<td data-start=\"1242\" data-end=\"1253\" data-col-size=\"sm\">Materiale<\/td>\n<td data-col-size=\"sm\" data-start=\"1253\" data-end=\"1287\">hladno odporna plastika (HDPE)<\/td>\n<\/tr>\n<tr data-start=\"1288\" data-end=\"1325\">\n<td data-start=\"1288\" data-end=\"1311\" data-col-size=\"sm\">Maksimalna nosilnost<\/td>\n<td data-start=\"1311\" data-end=\"1325\" data-col-size=\"sm\">80 + 20 kg<\/td>\n<\/tr>\n<tr data-start=\"1326\" data-end=\"1346\">\n<td data-start=\"1326\" data-end=\"1341\" data-col-size=\"sm\">\u0160tevilo oseb<\/td>\n<td data-start=\"1341\" data-end=\"1346\" data-col-size=\"sm\">2<\/td>\n<\/tr>\n<tr data-start=\"1347\" data-end=\"1381\">\n<td data-start=\"1347\" data-end=\"1369\" data-col-size=\"sm\">Priporo\u010dena starost<\/td>\n<td data-col-size=\"sm\" data-start=\"1369\" data-end=\"1381\">od 5 let<\/td>\n<\/tr>\n<tr data-start=\"1382\" data-end=\"1401\">\n<td data-start=\"1382\" data-end=\"1395\" data-col-size=\"sm\">Certifikat<\/td>\n<td data-col-size=\"sm\" data-start=\"1395\" data-end=\"1401\">CE<\/td>\n<\/tr>\n<\/tbody>\n<\/table>\n<\/div>\n<\/div>","protected":false},"excerpt":{"rendered":"<p data-section-id=\"12g53ne\" data-start=\"0\" data-end=\"38\"><strong data-start=\"40\" data-end=\"87\">Zabaven in varen bob za dru\u017einsko sankanje.<\/strong><\/p>\n<p data-start=\"89\" data-end=\"519\">Hamax <strong data-start=\"95\" data-end=\"107\">Sno Taxi<\/strong> je stabilen in vodljiv bob z volanom, zasnovan za zabavno sankanje z dru\u017eino ali prijatelji. Zaradi prostora za <strong data-start=\"220\" data-end=\"233\">dve osebi<\/strong> je idealen za skupne zimske dogodiv\u0161\u010dine. Bob omogo\u010da odli\u010dno vodljivost in nadzor na spustu, saj je opremljen z <strong data-start=\"347\" data-end=\"372\">volanom za usmerjanje<\/strong> ter <strong data-start=\"377\" data-end=\"419\">robustno ro\u010dno zavoro z jeklenimi \u010depi<\/strong>, ki zagotavlja u\u010dinkovito zaviranje tudi na tr\u0161ih podlagah.<\/p>","protected":false},"featured_media":7878,"template":"","meta":{"_acf_changed":false,"inline_featured_image":false,"_monsterinsights_skip_tracking":false,"_monsterinsights_sitenote_active":false,"_monsterinsights_sitenote_note":"","_monsterinsights_sitenote_category":0},"product_brand":[1243],"product_cat":[558],"product_tag":[],"class_list":{"0":"post-7877","1":"product","2":"type-product","3":"status-publish","4":"has-post-thumbnail","6":"product_brand-hamax","7":"product_cat-bobi-in-sanke","9":"first","10":"instock","11":"sale","12":"taxable","13":"shipping-taxable","14":"purchasable","15":"product-type-simple"},"acf":[],"aioseo_notices":[],"_links":{"self":[{"href":"https:\/\/ritosa.click.si\/it\/wp-json\/wp\/v2\/product\/7877","targetHints":{"allow":["GET"]}}],"collection":[{"href":"https:\/\/ritosa.click.si\/it\/wp-json\/wp\/v2\/product"}],"about":[{"href":"https:\/\/ritosa.click.si\/it\/wp-json\/wp\/v2\/types\/product"}],"wp:featuredmedia":[{"embeddable":true,"href":"https:\/\/ritosa.click.si\/it\/wp-json\/wp\/v2\/media\/7878"}],"wp:attachment":[{"href":"https:\/\/ritosa.click.si\/it\/wp-json\/wp\/v2\/media?parent=7877"}],"wp:term":[{"taxonomy":"product_brand","embeddable":true,"href":"https:\/\/ritosa.click.si\/it\/wp-json\/wp\/v2\/product_brand?post=7877"},{"taxonomy":"product_cat","embeddable":true,"href":"https:\/\/ritosa.click.si\/it\/wp-json\/wp\/v2\/product_cat?post=7877"},{"taxonomy":"product_tag","embeddable":true,"href":"https:\/\/ritosa.click.si\/it\/wp-json\/wp\/v2\/product_tag?post=7877"}],"curies":[{"name":"parola chiave","href":"https:\/\/api.w.org\/{rel}","templated":true}]}}