{"id":7735,"date":"2016-11-19T12:10:13","date_gmt":"2016-11-19T12:10:13","guid":{"rendered":"https:\/\/ritosa.click.si\/?post_type=product&#038;p=7735"},"modified":"2026-03-05T15:14:17","modified_gmt":"2026-03-05T14:14:17","slug":"roces-idea-up-30-35-d-pink-white","status":"publish","type":"product","link":"https:\/\/ritosa.click.si\/it\/negozio\/sciare\/smucarska-oprema\/smucarski-cevlji\/otroski-smucarski-cevlji\/roces-idea-up-30-35-d-pink-white\/","title":{"rendered":"Roces IDEA UP 30-35 rosa-bianco"},"content":{"rendered":"<p>Uno scarpone da sci che cresce con il piede del tuo bambino e si adatta perfettamente alla crescita di piede, gamba e caviglia. Ora con un nuovo design con una tenuta migliorata che impedisce all&#039;acqua di entrare e mantiene una temperatura confortevole all&#039;interno dello scarpone. Il sistema di regolazione \u00e8 facile da usare.\u00a0<\/p>\n<p>scarpone da sci\u00a0<strong>PROCESSO IDEA SU\u00a0<\/strong>\u00c8 il primo scarpone da sci brevettato che cresce con il bambino. Permette la regolazione sia in lunghezza che in altezza, adattandosi alla crescita del piede, della gamba e della caviglia del bambino. Lo scarpone da sci IDEA UP \u00e8 stato sviluppato appositamente per i giovani sciatori ed \u00e8 progettato per rendere l&#039;apprendimento e il miglioramento dello sci il pi\u00f9 divertente e confortevole possibile.<\/p>\n<p><strong>CARATTERISTICHE PRINCIPALI<\/strong><\/p>\n<ul>\n<li><strong>regolabile in lunghezza e altezza<\/strong><\/li>\n<li><strong>taglia: 30 \u2013 35<\/strong><\/li>\n<li><strong>2 fibbie di chiusura<\/strong><\/li>\n<li><strong>La scarpa \u00e8 molto comoda.<\/strong><\/li>\n<li><strong>adatto a bambini e ragazzi<\/strong><\/li>\n<\/ul>\n<p><strong>RACCOMANDAZIONI<\/strong><br \/>Gli scarponi da sci sono stati sviluppati per sciare, quindi utilizzarli per qualsiasi altro scopo pu\u00f2 essere pericoloso.<\/p>\n<p><strong>Prima dell&#039;uso, controllare e assicurarsi che:<\/strong><br \/>\u2013 in modo che l&#039;impostazione della calzata corrisponda in modo ottimale alla misura della scarpa<br \/>\u2013 non modificare o riparare nulla sulle scarpe da soli, poich\u00e9 ci\u00f2 potrebbe ridurre la sicurezza della scarpa<br \/>\u2013 per tutte le riparazioni, rivolgersi ad un centro di assistenza autorizzato<br \/>\u2013 che il meccanismo di regolazione della taglia sia correttamente regolato e chiuso<br \/>\u2013 che il regolatore di altezza sia impostato all&#039;altezza corretta<br \/>\u2013 che la scarpa sia ben chiusa<br \/>\u2013 che le fibbie siano allacciate e regolate in base alla misura del piede<br \/>\u2013 prima di allacciare la scarpa con il laccio, assicurarsi che la suola della scarpa sia pulita<br \/>\u2013 controllare di tanto in tanto il corretto funzionamento dei meccanismi delle scarpe<\/p>\n<p><strong>ISTRUZIONI PER L&#039;USO E LA REGOLAZIONE<\/strong><\/p>\n<p>1) Meccanismo per\u00a0<strong>regolazione della taglia\u00a0<\/strong>scarpa (SAS \u2013 Shell Sizing Adjusting System)<br \/>\u2013 slacciare le fibbie<br \/>\u2013 sollevare la leva del meccanismo<br \/>\u2013 ruotare il meccanismo e fissarlo alla misura desiderata<\/p>\n<p>2) Meccanismo per\u00a0<strong>regolazione dell&#039;altezza<\/strong>\u00a0scarpa<br \/>\u2013 svitare la vite del meccanismo sul retro della scarpa<br \/>\u2013 regolare la piastra nera all\u2019altezza desiderata<br \/>\u2013 avvitare la vite nel meccanismo<\/p>\n<p>3)\u00a0<strong>Impostazione dell&#039;inserto interno<\/strong>\u00a0(LBS \u2013 Sistema a soffietto di rivestimento)<br \/>\u2013 LBS \u00e8 un meccanismo autoregolante<br \/>\u2013 la soletta interna si estende automaticamente regolando la calotta esterna della scarpa<\/p>\n<p><strong>MANUTENZIONE<\/strong><br \/>Per evitare danni alle scarpe, seguire queste istruzioni:<br \/>\u2013 Utilizzare acqua per la pulizia. Non utilizzare mai detergenti o prodotti chimici.<br \/>\u2013 non asciugare mai i rivestimenti interni vicino a fonti di calore (termosifoni, stufe, ecc.)<br \/>\u2013 prima di riporre le scarpe, assicurati che entrambe le parti della scarpa siano asciutte<br \/>\u2013 conservare sempre le scarpe in un luogo asciutto, buio e ventilato<br \/>\u2013 non conservare mai le scarpe attaccate ai lacci<\/p>\n<p><strong>SICUREZZA E COMPORTAMENTO SULLE PISTE DA SCI<\/strong><br \/>Per rendere la vostra sciata il pi\u00f9 sicura possibile, vorremmo fornirvi i seguenti consigli:<br \/>\u2013 controllare che la scarpa sia chiusa correttamente<br \/>\u2013 verificare la corretta regolazione delle fibbie<br \/>\u2013 sciare in modo controllato in modo da poter sempre fermarsi in sicurezza o aggirare un ostacolo<br \/>\u2013 scegli sempre impianti e piste adatti alle tue capacit\u00e0 sciistiche<br \/>\u2013 non sciare fuori dai sentieri segnalati<br \/>\u2013 sii sempre attento e premuroso nei confronti degli altri sciatori<\/p>\n<p>\u00a0<\/p>","protected":false},"excerpt":{"rendered":"<p>Scarpone da sci regolabile per bambini ROCES IDEA UP 30-35<\/p>\n<p>Uno scarpone da sci che cresce con il piede del tuo bambino, adattandosi perfettamente alla crescita di piede, gamba e caviglia. Ora con un nuovo design con una tenuta migliorata che impedisce all&#039;acqua di entrare e mantiene una temperatura confortevole all&#039;interno dello scarpone. Il sistema di regolazione \u00e8 facile da usare.<\/p>","protected":false},"featured_media":7736,"template":"","meta":{"_acf_changed":false,"inline_featured_image":false},"product_brand":[684],"product_cat":[568],"product_tag":[1198],"class_list":{"0":"post-7735","1":"product","2":"type-product","3":"status-publish","4":"has-post-thumbnail","6":"product_brand-roces","7":"product_cat-otroski-smucarski-cevlji","8":"product_tag-otroci","10":"first","11":"instock","12":"sale","13":"taxable","14":"shipping-taxable","15":"purchasable","16":"product-type-simple"},"acf":[],"_links":{"self":[{"href":"https:\/\/ritosa.click.si\/it\/wp-json\/wp\/v2\/product\/7735","targetHints":{"allow":["GET"]}}],"collection":[{"href":"https:\/\/ritosa.click.si\/it\/wp-json\/wp\/v2\/product"}],"about":[{"href":"https:\/\/ritosa.click.si\/it\/wp-json\/wp\/v2\/types\/product"}],"wp:featuredmedia":[{"embeddable":true,"href":"https:\/\/ritosa.click.si\/it\/wp-json\/wp\/v2\/media\/7736"}],"wp:attachment":[{"href":"https:\/\/ritosa.click.si\/it\/wp-json\/wp\/v2\/media?parent=7735"}],"wp:term":[{"taxonomy":"product_brand","embeddable":true,"href":"https:\/\/ritosa.click.si\/it\/wp-json\/wp\/v2\/product_brand?post=7735"},{"taxonomy":"product_cat","embeddable":true,"href":"https:\/\/ritosa.click.si\/it\/wp-json\/wp\/v2\/product_cat?post=7735"},{"taxonomy":"product_tag","embeddable":true,"href":"https:\/\/ritosa.click.si\/it\/wp-json\/wp\/v2\/product_tag?post=7735"}],"curies":[{"name":"parola chiave","href":"https:\/\/api.w.org\/{rel}","templated":true}]}}