{"id":7567,"date":"2014-02-03T12:02:37","date_gmt":"2014-02-03T12:02:37","guid":{"rendered":"https:\/\/ritosa.click.si\/?post_type=product&#038;p=7567"},"modified":"2025-09-05T09:50:51","modified_gmt":"2025-09-05T07:50:51","slug":"nastavljiva-nogica-alu-otroska-12-18","status":"publish","type":"product","link":"https:\/\/ritosa.click.si\/it\/negozio\/kolesarstvo\/kolesarska-oprema\/dodatna-oprema-in-rezervni-deli\/nogice-stojalo-za-kolesa\/nastavljiva-nogica-alu-otroska-12-18\/","title":{"rendered":"Gamba regolabile in alluminio \u2013 Bambini 12\u00a8- 18\u00a8"},"content":{"rendered":"<p id=\"tw-target-text\" class=\"tw-data-text tw-text-large tw-ta\" dir=\"ltr\" style=\"text-align: left\"><span class=\"Y2IQFc\" lang=\"sl\" xml:lang=\"sl\">Il leggerissimo cavalletto ACID Kickstand FM ROOKIE EASY S si adatta perfettamente a tutte le bici per bambini CUBE con interfaccia di montaggio piatta. La taglia S \u00e8 ideale per bici con ruote da 12&quot; a 18&quot;. Con un raggio pi\u00f9 ampio e bordi morbidi, \u00e8 progettato per abbinarsi al look delle bici per bambini CUBE. La lunghezza pu\u00f2 essere regolata senza attrezzi.<\/span><\/p>\n<p class=\"tw-data-text tw-text-large tw-ta\" dir=\"ltr\" style=\"text-align: left\"><span class=\"Y2IQFc\" lang=\"sl\" xml:lang=\"sl\">Caratteristiche:<\/span><\/p>\n<ul>\n<li data-start=\"463\" data-end=\"552\">Adatto a tutte le bici CUBE con attacco Flat Mount; per ruote da 12&quot; a 18&quot;<\/li>\n<li data-start=\"555\" data-end=\"573\">costruzione leggera<\/li>\n<li data-start=\"576\" data-end=\"607\">Lunghezza regolabile senza attrezzi<\/li>\n<li data-start=\"610\" data-end=\"653\"><strong data-start=\"610\" data-end=\"623\">Misurare:<\/strong> Per biciclette da bambino da 12\u201d a 18\u201d<\/li>\n<li data-start=\"656\" data-end=\"688\"><strong data-start=\"656\" data-end=\"669\">Materiale:<\/strong> Alluminio, plastica<\/li>\n<li data-start=\"691\" data-end=\"706\"><strong data-start=\"691\" data-end=\"700\">Peso:<\/strong> 132 g<\/li>\n<li data-start=\"709\" data-end=\"740\"><strong data-start=\"709\" data-end=\"734\">Carico massimo:<\/strong> 25 chili<\/li>\n<\/ul>\n<p>&nbsp;<\/p>","protected":false},"excerpt":{"rendered":"<p>Taglia S: 12\u00a8- 18\u00a8<\/p>","protected":false},"featured_media":7568,"template":"","meta":{"_acf_changed":false,"inline_featured_image":false,"_monsterinsights_skip_tracking":false,"_monsterinsights_sitenote_active":false,"_monsterinsights_sitenote_note":"","_monsterinsights_sitenote_category":0},"product_brand":[1192],"product_cat":[565],"product_tag":[1329,1389,1198],"class_list":{"0":"post-7567","1":"product","2":"type-product","3":"status-publish","4":"has-post-thumbnail","6":"product_brand-cube","7":"product_cat-nogice-stojalo-za-kolesa","8":"product_tag-nogica-cube","9":"product_tag-nogica-za-otrosko-kolo","10":"product_tag-otroci","12":"first","13":"instock","14":"taxable","15":"shipping-taxable","16":"purchasable","17":"product-type-simple"},"acf":[],"aioseo_notices":[],"_links":{"self":[{"href":"https:\/\/ritosa.click.si\/it\/wp-json\/wp\/v2\/product\/7567","targetHints":{"allow":["GET"]}}],"collection":[{"href":"https:\/\/ritosa.click.si\/it\/wp-json\/wp\/v2\/product"}],"about":[{"href":"https:\/\/ritosa.click.si\/it\/wp-json\/wp\/v2\/types\/product"}],"wp:featuredmedia":[{"embeddable":true,"href":"https:\/\/ritosa.click.si\/it\/wp-json\/wp\/v2\/media\/7568"}],"wp:attachment":[{"href":"https:\/\/ritosa.click.si\/it\/wp-json\/wp\/v2\/media?parent=7567"}],"wp:term":[{"taxonomy":"product_brand","embeddable":true,"href":"https:\/\/ritosa.click.si\/it\/wp-json\/wp\/v2\/product_brand?post=7567"},{"taxonomy":"product_cat","embeddable":true,"href":"https:\/\/ritosa.click.si\/it\/wp-json\/wp\/v2\/product_cat?post=7567"},{"taxonomy":"product_tag","embeddable":true,"href":"https:\/\/ritosa.click.si\/it\/wp-json\/wp\/v2\/product_tag?post=7567"}],"curies":[{"name":"parola chiave","href":"https:\/\/api.w.org\/{rel}","templated":true}]}}