{"id":7374,"date":"2011-06-01T09:34:40","date_gmt":"2011-06-01T09:34:40","guid":{"rendered":"https:\/\/ritosa.click.si\/?post_type=product&#038;p=7374"},"modified":"2026-03-30T09:03:07","modified_gmt":"2026-03-30T07:03:07","slug":"tricikel-special-20-alu-6-prestav","status":"publish","type":"product","link":"https:\/\/ritosa.click.si\/it\/negozio\/invalidski-pripomocki\/tricikli\/tricikel-special-20-alu-6-prestav\/","title":{"rendered":"Triciclo Special 20\u201d - 6 marce"},"content":{"rendered":"<p>Triciclo per bambini e adulti da 140 cm a 170 cm<\/p>\n<ul>\n<li>Telaio: alluminio<\/li>\n<li>Forcella: hi-ten<\/li>\n<li>Freno anteriore: V-brake in alluminio<\/li>\n<li>Freno posteriore: disco meccanico<\/li>\n<li>Leve freno: alluminio con blocco<\/li>\n<li>Comandi cambio: Shimano Revoshift<\/li>\n<li>Cassetta: Shimano 6 marce<\/li>\n<li>Guarnitura: hi-ten singola<\/li>\n<li>Accessori: luci a batteria, parafanghi, cestino posteriore 56 \u00d7 52 \u00d7 23 cm<\/li>\n<li>Pneumatici: 20\u00d71.95<\/li>\n<li>Dimensioni: larghezza 67 cm, lunghezza 172 cm, altezza 75 cm<\/li>\n<li>Portata massima: 90 kg utilizzatore, 25 kg cestino<\/li>\n<li>Peso: 20 kg<\/li>\n<\/ul>\n<p>&nbsp;<\/p>","protected":false},"excerpt":{"rendered":"<p>Il triciclo 20\u2033 per adulti con telaio in alluminio e 6 marce Shimano offre una guida stabile, comoda e sicura. Dotato di un grande cestino posteriore per il trasporto di spesa o bagagli, \u00e8 ideale per gli spostamenti in citt\u00e0 e per le attivit\u00e0 quotidiane.<\/p>\n<p>&nbsp;<\/p>","protected":false},"featured_media":21680,"template":"","meta":{"_acf_changed":false,"inline_featured_image":false,"_monsterinsights_skip_tracking":false,"_monsterinsights_sitenote_active":false,"_monsterinsights_sitenote_note":"","_monsterinsights_sitenote_category":0},"product_brand":[],"product_cat":[496],"product_tag":[2271,2268,2272],"class_list":{"0":"post-7374","1":"product","2":"type-product","3":"status-publish","4":"has-post-thumbnail","6":"product_cat-tricikli","7":"product_tag-tricikl","8":"product_tag-trikolo","9":"product_tag-trokolo","10":"pa_barva-rdeca","11":"pa_barva-srebrna","13":"first","14":"instock","15":"taxable","16":"shipping-taxable","17":"purchasable","18":"product-type-variable"},"acf":[],"aioseo_notices":[],"_links":{"self":[{"href":"https:\/\/ritosa.click.si\/it\/wp-json\/wp\/v2\/product\/7374","targetHints":{"allow":["GET"]}}],"collection":[{"href":"https:\/\/ritosa.click.si\/it\/wp-json\/wp\/v2\/product"}],"about":[{"href":"https:\/\/ritosa.click.si\/it\/wp-json\/wp\/v2\/types\/product"}],"wp:featuredmedia":[{"embeddable":true,"href":"https:\/\/ritosa.click.si\/it\/wp-json\/wp\/v2\/media\/21680"}],"wp:attachment":[{"href":"https:\/\/ritosa.click.si\/it\/wp-json\/wp\/v2\/media?parent=7374"}],"wp:term":[{"taxonomy":"product_brand","embeddable":true,"href":"https:\/\/ritosa.click.si\/it\/wp-json\/wp\/v2\/product_brand?post=7374"},{"taxonomy":"product_cat","embeddable":true,"href":"https:\/\/ritosa.click.si\/it\/wp-json\/wp\/v2\/product_cat?post=7374"},{"taxonomy":"product_tag","embeddable":true,"href":"https:\/\/ritosa.click.si\/it\/wp-json\/wp\/v2\/product_tag?post=7374"}],"curies":[{"name":"parola chiave","href":"https:\/\/api.w.org\/{rel}","templated":true}]}}