{"id":7372,"date":"2011-05-30T08:22:48","date_gmt":"2011-05-30T08:22:48","guid":{"rendered":"https:\/\/ritosa.click.si\/?post_type=product&#038;p=7372"},"modified":"2025-09-22T11:22:24","modified_gmt":"2025-09-22T09:22:24","slug":"tlacilka-pumpa-za-doma-delavniska-topeak-joeblow-sport-iii","status":"publish","type":"product","link":"https:\/\/ritosa.click.si\/it\/negozio\/kolesarstvo\/kolesarska-oprema\/dodatna-oprema-in-rezervni-deli\/kolesarske-tlacilke-pumpe\/tlacilka-pumpa-za-doma-delavniska-topeak-joeblow-sport-iii\/","title":{"rendered":"Pompa - pompa per officina domestica TOPEAK JOEBLOW SPORT III"},"content":{"rendered":"<p>Pompa - pompa per officina domestica TOPEAK JOEBLOW SPORT - POMPA ECCEZIONALE PER TUTTE LE VALVOLE. Una pompa eccezionale per tutta la famiglia, anche i bambini potranno gonfiare facilmente le gomme della loro bici, moto e gonfiare cuscini e palloni.<\/p>\n<p>La pompa \u00e8 dotata di un doppio adattatore, quindi pu\u00f2 essere utilizzata per tutte le valvole, ha un manometro ed \u00e8 realizzata in alluminio.<\/p>\n<ul>\n<li>per valvole Regina-italiane<\/li>\n<li>per valvole Standard-Car<\/li>\n<li>per valvole Presta-Francesi<\/li>\n<li>per Dunlop \u2013 valvole classiche regolari<\/li>\n<li>adattatore per cuscino<\/li>\n<li>penna a sfera<\/li>\n<\/ul>\n<p>Potete ordinare la pompa Topeak JoeBlow nel nostro negozio online oppure ritirarla presso il nostro centro ciclistico Rito\u0161a a Isola.<\/p>","protected":false},"excerpt":{"rendered":"<p>Pompa - pompa per officina domestica TOPEAK JOEBLOW SPORT - POMPA ECCEZIONALE PER TUTTE LE VALVOLE. Una pompa eccezionale per tutta la famiglia, anche i bambini potranno gonfiare facilmente le gomme della loro bici, moto e gonfiare cuscini e palloni.<\/p>","protected":false},"featured_media":7373,"template":"","meta":{"_acf_changed":false,"inline_featured_image":false},"product_brand":[1395],"product_cat":[533],"product_tag":[1598,1596,1595,1597,1554],"class_list":{"0":"post-7372","1":"product","2":"type-product","3":"status-publish","4":"has-post-thumbnail","6":"product_brand-topeak","7":"product_cat-kolesarske-tlacilke-pumpe","8":"product_tag-pumpa-za-kolo","9":"product_tag-pupa","10":"product_tag-tlacilka","11":"product_tag-tlacilka-topeak","12":"product_tag-topeak","14":"first","15":"instock","16":"sale","17":"taxable","18":"shipping-taxable","19":"purchasable","20":"product-type-simple"},"acf":[],"_links":{"self":[{"href":"https:\/\/ritosa.click.si\/it\/wp-json\/wp\/v2\/product\/7372","targetHints":{"allow":["GET"]}}],"collection":[{"href":"https:\/\/ritosa.click.si\/it\/wp-json\/wp\/v2\/product"}],"about":[{"href":"https:\/\/ritosa.click.si\/it\/wp-json\/wp\/v2\/types\/product"}],"wp:featuredmedia":[{"embeddable":true,"href":"https:\/\/ritosa.click.si\/it\/wp-json\/wp\/v2\/media\/7373"}],"wp:attachment":[{"href":"https:\/\/ritosa.click.si\/it\/wp-json\/wp\/v2\/media?parent=7372"}],"wp:term":[{"taxonomy":"product_brand","embeddable":true,"href":"https:\/\/ritosa.click.si\/it\/wp-json\/wp\/v2\/product_brand?post=7372"},{"taxonomy":"product_cat","embeddable":true,"href":"https:\/\/ritosa.click.si\/it\/wp-json\/wp\/v2\/product_cat?post=7372"},{"taxonomy":"product_tag","embeddable":true,"href":"https:\/\/ritosa.click.si\/it\/wp-json\/wp\/v2\/product_tag?post=7372"}],"curies":[{"name":"parola chiave","href":"https:\/\/api.w.org\/{rel}","templated":true}]}}