{"id":7295,"date":"2010-04-30T12:14:15","date_gmt":"2010-04-30T12:14:15","guid":{"rendered":"https:\/\/ritosa.click.si\/?post_type=product&#038;p=7295"},"modified":"2025-08-29T17:13:39","modified_gmt":"2025-08-29T15:13:39","slug":"nosilec-koles-parma-za-4-kolesa-za-na-kljuko","status":"publish","type":"product","link":"https:\/\/ritosa.click.si\/it\/negozio\/kolesarstvo\/nosilci-koles\/za-avto\/nosilec-koles-parma-za-4-kolesa-za-na-kljuko\/","title":{"rendered":"Portabici Parma per 4 bici per gancio traino"},"content":{"rendered":"<p>L&#039;ultimo portabici da gancio traino con omologazione A \u00e8 dotato di luci aggiuntive e di un supporto per una terza targa. Il portabici Parma \u00e8 una novit\u00e0 di quest&#039;anno.<\/p>\n<p>La struttura in metallo consente di trasportare le biciclette sul retro dell&#039;auto, agganciandole al gancio di traino.<\/p>\n<ul>\n<li>Trasporto di quattro ruote<\/li>\n<li>Facile da installare e rimuovere<\/li>\n<li>Possibile inclinazione per facilitare il carico delle biciclette<\/li>\n<li>Completo di portatarga, luci e connettore a 13 pin<\/li>\n<\/ul>\n<p><img fetchpriority=\"high\" decoding=\"async\" class=\"alignnone  wp-image-19233\" src=\"https:\/\/ritosa.click.si\/wp-content\/uploads\/2010\/04\/Parma-con-bici-1-300x200.jpg\" alt=\"\" width=\"353\" height=\"235\" srcset=\"https:\/\/ritosa.click.si\/wp-content\/uploads\/2010\/04\/Parma-con-bici-1-300x200.jpg 300w, https:\/\/ritosa.click.si\/wp-content\/uploads\/2010\/04\/Parma-con-bici-1-150x100.jpg 150w, https:\/\/ritosa.click.si\/wp-content\/uploads\/2010\/04\/Parma-con-bici-1-18x12.jpg 18w, https:\/\/ritosa.click.si\/wp-content\/uploads\/2010\/04\/Parma-con-bici-1.jpg 600w\" sizes=\"(max-width: 353px) 100vw, 353px\" \/><\/p>\n<p><img decoding=\"async\" class=\"alignnone  wp-image-19234\" src=\"https:\/\/ritosa.click.si\/wp-content\/uploads\/2010\/04\/Parma_inclinazione-1-300x200.jpg\" alt=\"\" width=\"356\" height=\"237\" srcset=\"https:\/\/ritosa.click.si\/wp-content\/uploads\/2010\/04\/Parma_inclinazione-1-300x200.jpg 300w, https:\/\/ritosa.click.si\/wp-content\/uploads\/2010\/04\/Parma_inclinazione-1-150x100.jpg 150w, https:\/\/ritosa.click.si\/wp-content\/uploads\/2010\/04\/Parma_inclinazione-1-18x12.jpg 18w, https:\/\/ritosa.click.si\/wp-content\/uploads\/2010\/04\/Parma_inclinazione-1.jpg 600w\" sizes=\"(max-width: 356px) 100vw, 356px\" \/><\/p>","protected":false},"excerpt":{"rendered":"<p>Portabici da gancio traino Parma per 4 bici<\/p>\n<p>&nbsp;<\/p>\n<h3 style=\"color: #ff0000\"><em>\u00a0<\/em><\/h3>\n<p>&nbsp;<\/p>","protected":false},"featured_media":7296,"template":"","meta":{"_acf_changed":false,"inline_featured_image":false,"_monsterinsights_skip_tracking":false,"_monsterinsights_sitenote_active":false,"_monsterinsights_sitenote_note":"","_monsterinsights_sitenote_category":0},"product_brand":[685],"product_cat":[527],"product_tag":[1276,1314,1301,1295,1315,1316],"class_list":{"0":"post-7295","1":"product","2":"type-product","3":"status-publish","4":"has-post-thumbnail","6":"product_brand-peruzzo","7":"product_cat-za-avto","8":"product_tag-nosilec-peruzzo","9":"product_tag-nosilec-peruzzo-parma-4","10":"product_tag-nosilec-za-4-kolesa","11":"product_tag-nosilec-za-vlecno-kljuko","12":"product_tag-parma-4","13":"product_tag-peruzzo-parma-4","15":"first","16":"instock","17":"sale","18":"taxable","19":"shipping-taxable","20":"purchasable","21":"product-type-simple"},"acf":[],"aioseo_notices":[],"_links":{"self":[{"href":"https:\/\/ritosa.click.si\/it\/wp-json\/wp\/v2\/product\/7295","targetHints":{"allow":["GET"]}}],"collection":[{"href":"https:\/\/ritosa.click.si\/it\/wp-json\/wp\/v2\/product"}],"about":[{"href":"https:\/\/ritosa.click.si\/it\/wp-json\/wp\/v2\/types\/product"}],"wp:featuredmedia":[{"embeddable":true,"href":"https:\/\/ritosa.click.si\/it\/wp-json\/wp\/v2\/media\/7296"}],"wp:attachment":[{"href":"https:\/\/ritosa.click.si\/it\/wp-json\/wp\/v2\/media?parent=7295"}],"wp:term":[{"taxonomy":"product_brand","embeddable":true,"href":"https:\/\/ritosa.click.si\/it\/wp-json\/wp\/v2\/product_brand?post=7295"},{"taxonomy":"product_cat","embeddable":true,"href":"https:\/\/ritosa.click.si\/it\/wp-json\/wp\/v2\/product_cat?post=7295"},{"taxonomy":"product_tag","embeddable":true,"href":"https:\/\/ritosa.click.si\/it\/wp-json\/wp\/v2\/product_tag?post=7295"}],"curies":[{"name":"parola chiave","href":"https:\/\/api.w.org\/{rel}","templated":true}]}}