{"id":7134,"date":"2008-06-16T13:11:25","date_gmt":"2008-06-16T13:11:25","guid":{"rendered":"https:\/\/ritosa.click.si\/?post_type=product&#038;p=7134"},"modified":"2026-03-30T09:03:07","modified_gmt":"2026-03-30T07:03:07","slug":"tricikel-trokolo-special-24-6-prestav","status":"publish","type":"product","link":"https:\/\/ritosa.click.si\/it\/negozio\/invalidski-pripomocki\/tricikli\/tricikel-trokolo-special-24-6-prestav\/","title":{"rendered":"Triciclo Special 24\u201d - 6 marce"},"content":{"rendered":"<ul>\n<li>Telaio: alluminio<\/li>\n<li>Forcella: hi-ten<\/li>\n<li>Freno anteriore: V-brake in alluminio<\/li>\n<li>Freno posteriore: disco meccanico<\/li>\n<li>Leve freno: alluminio con blocco<\/li>\n<li>Cassetta: Shimano 6 marce<\/li>\n<li>Comandi cambio: Shimano Revoshift<\/li>\n<li>Guarnitura: hi-ten singola<\/li>\n<li>Accessori: luci a batteria, parafanghi, cestino posteriore 56 \u00d7 52 \u00d7 23 cm<\/li>\n<li>Pneumatici: 24 \u00d7 1.75<\/li>\n<li>Dimensioni: larghezza 79 cm, lunghezza 175 cm, altezza 90 cm<\/li>\n<li>Portata massima: 90 kg utilizzatore, 25 kg cestino<\/li>\n<li>Peso: 20 kg<\/li>\n<\/ul>\n<p>Questo modello \u00e8 adatto a persone di altezza superiore a 170 cm.<\/p>","protected":false},"excerpt":{"rendered":"<p>Il triciclo 24\u2033 per adulti con telaio in alluminio e 6 marce Shimano offre una guida stabile, comoda e sicura. Dotato di un grande cestino posteriore per il trasporto di spesa o bagagli, \u00e8 ideale per gli spostamenti in citt\u00e0 e per le attivit\u00e0 quotidiane.<\/p>","protected":false},"featured_media":21678,"template":"","meta":{"_acf_changed":false,"inline_featured_image":false,"_monsterinsights_skip_tracking":false,"_monsterinsights_sitenote_active":false,"_monsterinsights_sitenote_note":"","_monsterinsights_sitenote_category":0},"product_brand":[],"product_cat":[496],"product_tag":[2267,2269,2268],"class_list":{"0":"post-7134","1":"product","2":"type-product","3":"status-publish","4":"has-post-thumbnail","6":"product_cat-tricikli","7":"product_tag-tricikel","8":"product_tag-tricikel-24","9":"product_tag-trikolo","10":"pa_barva-modra","11":"pa_barva-rdeca","12":"pa_barva-srebrna","14":"first","15":"instock","16":"taxable","17":"shipping-taxable","18":"purchasable","19":"product-type-variable"},"acf":[],"aioseo_notices":[],"_links":{"self":[{"href":"https:\/\/ritosa.click.si\/it\/wp-json\/wp\/v2\/product\/7134","targetHints":{"allow":["GET"]}}],"collection":[{"href":"https:\/\/ritosa.click.si\/it\/wp-json\/wp\/v2\/product"}],"about":[{"href":"https:\/\/ritosa.click.si\/it\/wp-json\/wp\/v2\/types\/product"}],"wp:featuredmedia":[{"embeddable":true,"href":"https:\/\/ritosa.click.si\/it\/wp-json\/wp\/v2\/media\/21678"}],"wp:attachment":[{"href":"https:\/\/ritosa.click.si\/it\/wp-json\/wp\/v2\/media?parent=7134"}],"wp:term":[{"taxonomy":"product_brand","embeddable":true,"href":"https:\/\/ritosa.click.si\/it\/wp-json\/wp\/v2\/product_brand?post=7134"},{"taxonomy":"product_cat","embeddable":true,"href":"https:\/\/ritosa.click.si\/it\/wp-json\/wp\/v2\/product_cat?post=7134"},{"taxonomy":"product_tag","embeddable":true,"href":"https:\/\/ritosa.click.si\/it\/wp-json\/wp\/v2\/product_tag?post=7134"}],"curies":[{"name":"parola chiave","href":"https:\/\/api.w.org\/{rel}","templated":true}]}}