{"id":7125,"date":"2008-06-16T12:35:15","date_gmt":"2008-06-16T12:35:15","guid":{"rendered":"https:\/\/ritosa.click.si\/?post_type=product&#038;p=7125"},"modified":"2026-03-24T12:49:35","modified_gmt":"2026-03-24T11:49:35","slug":"tandem-kolo-speedcross-26-alu","status":"publish","type":"product","link":"https:\/\/ritosa.click.si\/it\/negozio\/kolesarstvo\/kolesa\/tandem\/tandem-kolo-speedcross-26-alu\/","title":{"rendered":"Tandem SpeedCross 26&#8243; ALU"},"content":{"rendered":"<p data-start=\"28\" data-end=\"301\">Najmanj\u0161i tandem, popolno kolo za vo\u017enjo v dvoje, rekreacijo in zabavo. Idealen je za pare, prijatelje ali dru\u017eine, ki \u017eelijo skupaj u\u017eivati na kolesu in deliti izku\u0161njo vo\u017enje. Tandem priporo\u010damo tudi za slabovidne osebe v spremstvu, saj omogo\u010da varno in usklajeno vo\u017enjo.<\/p>\n<p data-start=\"303\" data-end=\"692\">Lahek aluminijast okvir zagotavlja dobro razmerje med trpe\u017enostjo in te\u017eo, medtem ko preizku\u0161ene komponente omogo\u010dajo zanesljivo delovanje in enostavno uporabo. Udobna zasnova z dvignjenim zadnjim krmilom ter stabilna geometrija poskrbita za prijetno vo\u017enjo na razli\u010dnih podlagah. V-brake zavore zagotavljajo u\u010dinkovito zaviranje, kakovostne pnevmatike Vittoria pa dober oprijem in udobje.<\/p>\n<p><strong data-start=\"821\" data-end=\"838\">Specifiche<\/strong><br data-start=\"838\" data-end=\"841\" \/>Telaio: Alluminio<br data-start=\"856\" data-end=\"859\" \/>Vilica: Hi-ten<br data-start=\"873\" data-end=\"876\" \/>Sprednje krmilo: Aluminij<br data-start=\"901\" data-end=\"904\" data-is-only-node=\"\" \/>Zadnje krmilo: Dvignjeno<br data-start=\"928\" data-end=\"931\" \/>Zavore: V-brake<br data-start=\"946\" data-end=\"949\" \/>Gonilka: Aluminij<br data-start=\"966\" data-end=\"969\" \/>Gonilna os: Kasetna (cartridge)<br data-start=\"1000\" data-end=\"1003\" \/>Menjalnik: Shimano TX-51, 21 prestav<br data-start=\"1021\" data-end=\"1024\" \/>Prestavne ro\u010dice: Shimano Revo<br data-start=\"1054\" data-end=\"1057\" \/>Prosti tek: Shimano<br data-start=\"1076\" data-end=\"1079\" \/>Prednje pesto: Aluminij<br data-start=\"1102\" data-end=\"1105\" \/>Zadnje pesto: Z integrirano gonilno osjo<br data-start=\"1145\" data-end=\"1148\" \/>Obro\u010di \/ kolesa: Dvojna stena<br data-start=\"1177\" data-end=\"1180\" \/>Napere: 2,5 mm<br data-start=\"1194\" data-end=\"1197\" \/>Pnevmatike: Vittoria Geax<br data-start=\"1222\" data-end=\"1225\" \/>Nogar: Dvojni<br data-start=\"1238\" data-end=\"1241\" \/>Te\u017ea: 18 kg<\/p>\n<p>OPREMA: blatniki, sprednji prtlja\u017enik<\/p>","protected":false},"excerpt":{"rendered":"<p>Tandem kolo SpeedCross 26&#8243;<\/p>\n<ul>\n<li>26&#8243; kolesa<\/li>\n<li>21 prestav Shimano<\/li>\n<li>z blatniki<\/li>\n<\/ul>\n<p>Razli\u010dne barve -\u2013 za ve\u010d informacij nas kontaktirajte na <strong data-start=\"893\" data-end=\"911\"><a class=\"decorated-link cursor-pointer\" rel=\"noopener\" data-start=\"895\" data-end=\"909\">info@ritosa.si<\/a><\/strong><\/p>","protected":false},"featured_media":7126,"template":"","meta":{"_acf_changed":false,"inline_featured_image":false},"product_brand":[681],"product_cat":[502],"product_tag":[],"class_list":{"0":"post-7125","1":"product","2":"type-product","3":"status-publish","4":"has-post-thumbnail","6":"product_brand-speedcross","7":"product_cat-tandem","8":"pa_barva-atracitno-siva","9":"pa_barva-modra","11":"first","12":"instock","13":"sale","14":"taxable","15":"shipping-taxable","16":"purchasable","17":"product-type-variable"},"acf":[],"_links":{"self":[{"href":"https:\/\/ritosa.click.si\/it\/wp-json\/wp\/v2\/product\/7125","targetHints":{"allow":["GET"]}}],"collection":[{"href":"https:\/\/ritosa.click.si\/it\/wp-json\/wp\/v2\/product"}],"about":[{"href":"https:\/\/ritosa.click.si\/it\/wp-json\/wp\/v2\/types\/product"}],"wp:featuredmedia":[{"embeddable":true,"href":"https:\/\/ritosa.click.si\/it\/wp-json\/wp\/v2\/media\/7126"}],"wp:attachment":[{"href":"https:\/\/ritosa.click.si\/it\/wp-json\/wp\/v2\/media?parent=7125"}],"wp:term":[{"taxonomy":"product_brand","embeddable":true,"href":"https:\/\/ritosa.click.si\/it\/wp-json\/wp\/v2\/product_brand?post=7125"},{"taxonomy":"product_cat","embeddable":true,"href":"https:\/\/ritosa.click.si\/it\/wp-json\/wp\/v2\/product_cat?post=7125"},{"taxonomy":"product_tag","embeddable":true,"href":"https:\/\/ritosa.click.si\/it\/wp-json\/wp\/v2\/product_tag?post=7125"}],"curies":[{"name":"parola chiave","href":"https:\/\/api.w.org\/{rel}","templated":true}]}}