{"id":7114,"date":"2008-06-11T21:12:37","date_gmt":"2008-06-11T21:12:37","guid":{"rendered":"https:\/\/ritosa.click.si\/?post_type=product&#038;p=7114"},"modified":"2026-03-10T11:17:27","modified_gmt":"2026-03-10T10:17:27","slug":"nosilec-koles-roma-tandem","status":"publish","type":"product","link":"https:\/\/ritosa.click.si\/it\/negozio\/kolesarstvo\/nosilci-koles\/za-avto\/nosilec-koles-roma-tandem\/","title":{"rendered":"Portabiciclette Roma Tandem"},"content":{"rendered":"<p>Il portapacchi Roma \u00e8 adatto al trasporto di biciclette tandem. Realizzato interamente in alluminio, \u00e8 dotato di lucchetto. \u00c8 regolabile in base allo spessore del telaio ed \u00e8 compatibile con portapacchi con tubo fino a 70x50 mm di diametro.<\/p>\n<p>La lunghezza della trave \u00e8 di 2,05 m.<br \/>\nPeso: 3 kg.<br \/>\nCapacit\u00e0 di carico: una bicicletta tandem.<\/p>\n<p>&nbsp;<\/p>\n<p>&nbsp;<\/p>","protected":false},"excerpt":{"rendered":"<p>Portabici Roma per il trasporto di biciclette tandem.<\/p>","protected":false},"featured_media":21278,"template":"","meta":{"_acf_changed":false,"inline_featured_image":false,"_monsterinsights_skip_tracking":false,"_monsterinsights_sitenote_active":false,"_monsterinsights_sitenote_note":"","_monsterinsights_sitenote_category":0},"product_brand":[685],"product_cat":[527],"product_tag":[1343,1344,1342,1345],"class_list":{"0":"post-7114","1":"product","2":"type-product","3":"status-publish","4":"has-post-thumbnail","6":"product_brand-peruzzo","7":"product_cat-za-avto","8":"product_tag-kolo-tandem-nosilec","9":"product_tag-nosilec-za-kolo-tandem","10":"product_tag-nosilec-za-tandem","11":"product_tag-nosilec-za-tandem-kolo","13":"first","14":"instock","15":"sale","16":"taxable","17":"shipping-taxable","18":"purchasable","19":"product-type-simple"},"acf":[],"aioseo_notices":[],"_links":{"self":[{"href":"https:\/\/ritosa.click.si\/it\/wp-json\/wp\/v2\/product\/7114","targetHints":{"allow":["GET"]}}],"collection":[{"href":"https:\/\/ritosa.click.si\/it\/wp-json\/wp\/v2\/product"}],"about":[{"href":"https:\/\/ritosa.click.si\/it\/wp-json\/wp\/v2\/types\/product"}],"wp:featuredmedia":[{"embeddable":true,"href":"https:\/\/ritosa.click.si\/it\/wp-json\/wp\/v2\/media\/21278"}],"wp:attachment":[{"href":"https:\/\/ritosa.click.si\/it\/wp-json\/wp\/v2\/media?parent=7114"}],"wp:term":[{"taxonomy":"product_brand","embeddable":true,"href":"https:\/\/ritosa.click.si\/it\/wp-json\/wp\/v2\/product_brand?post=7114"},{"taxonomy":"product_cat","embeddable":true,"href":"https:\/\/ritosa.click.si\/it\/wp-json\/wp\/v2\/product_cat?post=7114"},{"taxonomy":"product_tag","embeddable":true,"href":"https:\/\/ritosa.click.si\/it\/wp-json\/wp\/v2\/product_tag?post=7114"}],"curies":[{"name":"parola chiave","href":"https:\/\/api.w.org\/{rel}","templated":true}]}}