{"id":7070,"date":"2008-04-19T12:18:17","date_gmt":"2008-04-19T12:18:17","guid":{"rendered":"https:\/\/ritosa.click.si\/?post_type=product&#038;p=7070"},"modified":"2026-03-30T09:03:07","modified_gmt":"2026-03-30T07:03:07","slug":"zlozljiv-tricikel-di-blasi-r32","status":"publish","type":"product","link":"https:\/\/ritosa.click.si\/it\/negozio\/invalidski-pripomocki\/tricikli\/zlozljiv-tricikel-di-blasi-r32\/","title":{"rendered":"Triciclo pieghevole Di Blasi R32"},"content":{"rendered":"<p>Zlo\u017eljiv tricikel Di Blasi za otroke in odrasle. Tricikli, ki vam bojo olaj\u0161ali gibanje. Zlo\u017eljiv tricikel za la\u017eja potovanja, ima prestave.<\/p>\n<ul>\n<li>Ruote: raggi in acciaio inox, cerchi in alluminio 20\u2033 (48 cm).<\/li>\n<li>Sella: regolabile in altezza da 84 cm a 98 cm dal suolo.<\/li>\n<li>Cambio: 5 marce<\/li>\n<li>Dotazioni: pedali pieghevoli, campanello, luci anteriori e posteriori, leva per regolare il sedile, portapacchi posteriore.<\/li>\n<li>Dimensioni \u2013 piegato: 64 cm \u00d7 28,5 cm \u00d7 62 cm<\/li>\n<li>Peso: 21,8 kg<\/li>\n<li>Capacit\u00e0 di carico (peso massimo del conducente): 100 kg,<\/li>\n<li>Il triciclo \u00e8 dotato di differenziale e bloccaggio dei freni.<\/li>\n<\/ul>\n<p>Ordinando un triciclo \u00e8 possibile anche aggiungere accessori opzionali: diversi tipi di sedili (ortopedici, ortopedici con schienale), pedali con cinghie, borsa da portapacchi, cestino, specchietto, borsa per bici, ecc.<\/p>","protected":false},"excerpt":{"rendered":"<p>Scoprite comfort e praticit\u00e0 con il triciclo pieghevole DI Blasi, adatto sia a bambini che ad adulti. Grazie alla struttura stabile e al telaio pieghevole, \u00e8 facile da trasportare e da riporre, ideale per la barca, i viaggi, le escursioni o l\u2019uso quotidiano in citt\u00e0.<\/p>\n<p>&nbsp;<\/p>\n<p>Po naro\u010dilu &#8211; rok dobave pribli\u017eno od 20 do 30 dni.<\/p>\n<p>&nbsp;<\/p>","protected":false},"featured_media":7074,"template":"","meta":{"_acf_changed":false,"inline_featured_image":false},"product_brand":[674],"product_cat":[496],"product_tag":[],"class_list":{"0":"post-7070","1":"product","2":"type-product","3":"status-publish","4":"has-post-thumbnail","6":"product_brand-di-blasi","7":"product_cat-tricikli","8":"pa_barva-atracitno-siva","9":"pa_barva-modra","10":"pa_barva-rdeca","12":"first","13":"onbackorder","14":"sale","15":"taxable","16":"shipping-taxable","17":"purchasable","18":"product-type-variable"},"acf":[],"_links":{"self":[{"href":"https:\/\/ritosa.click.si\/it\/wp-json\/wp\/v2\/product\/7070","targetHints":{"allow":["GET"]}}],"collection":[{"href":"https:\/\/ritosa.click.si\/it\/wp-json\/wp\/v2\/product"}],"about":[{"href":"https:\/\/ritosa.click.si\/it\/wp-json\/wp\/v2\/types\/product"}],"wp:featuredmedia":[{"embeddable":true,"href":"https:\/\/ritosa.click.si\/it\/wp-json\/wp\/v2\/media\/7074"}],"wp:attachment":[{"href":"https:\/\/ritosa.click.si\/it\/wp-json\/wp\/v2\/media?parent=7070"}],"wp:term":[{"taxonomy":"product_brand","embeddable":true,"href":"https:\/\/ritosa.click.si\/it\/wp-json\/wp\/v2\/product_brand?post=7070"},{"taxonomy":"product_cat","embeddable":true,"href":"https:\/\/ritosa.click.si\/it\/wp-json\/wp\/v2\/product_cat?post=7070"},{"taxonomy":"product_tag","embeddable":true,"href":"https:\/\/ritosa.click.si\/it\/wp-json\/wp\/v2\/product_tag?post=7070"}],"curies":[{"name":"parola chiave","href":"https:\/\/api.w.org\/{rel}","templated":true}]}}