{"id":22448,"date":"2026-03-24T18:27:15","date_gmt":"2026-03-24T17:27:15","guid":{"rendered":"https:\/\/ritosa.click.si\/?post_type=product&#038;p=22448"},"modified":"2026-03-24T18:32:13","modified_gmt":"2026-03-24T17:32:13","slug":"oneal-backflip-strike-v-23","status":"publish","type":"product","link":"https:\/\/ritosa.click.si\/it\/negozio\/kolesarstvo\/kolesarska-oprema\/kolesarske-celade\/odrasle-kolesarske-celade\/oneal-backflip-strike-v-23\/","title":{"rendered":"O&#8217;Neal Backflip Strike V.23"},"content":{"rendered":"<p>Kolesarska \u010delada O&#8217;neal BACKFLIP STRIKE je lahka in udobna fullface \u010delada za za\u010detnike. \u010celada je izdelana iz lahke in robustne ABS plastike. Fidlock\u00ae magnetna zaponka omogo\u010da enostavno enoro\u010dno rokovanje. \u010celada se pona\u0161a z nizko te\u017eo, odli\u010dno za\u0161\u010dito z dobrim zra\u010denjem ter mehkimi, snemljivimi in pralnimi notranjimi blazinicami.<\/p>\n<p>Caratteristiche:<br \/>\n&#8211; \u0161koljka \u010delade iz lahke in robustne ABS plastike<br \/>\n&#8211; mehke, odstranljive in pralne blazinice, ki dobro vpija vlago<br \/>\n&#8211; sistem magnetnega zapenjanja O&#8217;Neal Fidlock za enostavno eno-ro\u010dno zapenjanje in odpenjanje<br \/>\n&#8211; poseben utor namenjen traku o\u010dal, za bolj\u0161e prileganje<br \/>\n&#8211; vizir nastavljiv po vi\u0161ini, privija\u010den s plasti\u010dnimi vijaki, ki se odlomijo ob trku za ve\u010djo varnost<br \/>\n&#8211; komaptibilnost z Airflaps\u2122<br \/>\n&#8211; prilo\u017een nosilec za GoPro<br \/>\n&#8211; ustreza varnostnemu certifikatu EN1078<br \/>\n&#8211; te\u017ea: 1020 g (+-50 g)<\/p>\n<p>Velikosti: XS (53-54 cm), S (55-56 cm), M (57-58 cm), L (59-60 cm), XL (61-62 cm), XXL (62-64 cm)<\/p>","protected":false},"excerpt":{"rendered":"<p>Kolesarska fullface \u010delada O&#8217;NEAL BACKFLIP STRIKE V.23<\/p>","protected":false},"featured_media":22452,"template":"","meta":{"_acf_changed":false,"inline_featured_image":false},"product_brand":[],"product_cat":[662,577],"product_tag":[],"class_list":{"0":"post-22448","1":"product","2":"type-product","3":"status-publish","4":"has-post-thumbnail","6":"product_cat-odrasle-kolesarske-celade","7":"product_cat-otroske-kolesarske-celade","8":"pa_velikost-s","10":"first","11":"instock","12":"sale","13":"taxable","14":"shipping-taxable","15":"purchasable","16":"product-type-variable"},"acf":[],"_links":{"self":[{"href":"https:\/\/ritosa.click.si\/it\/wp-json\/wp\/v2\/product\/22448","targetHints":{"allow":["GET"]}}],"collection":[{"href":"https:\/\/ritosa.click.si\/it\/wp-json\/wp\/v2\/product"}],"about":[{"href":"https:\/\/ritosa.click.si\/it\/wp-json\/wp\/v2\/types\/product"}],"wp:featuredmedia":[{"embeddable":true,"href":"https:\/\/ritosa.click.si\/it\/wp-json\/wp\/v2\/media\/22452"}],"wp:attachment":[{"href":"https:\/\/ritosa.click.si\/it\/wp-json\/wp\/v2\/media?parent=22448"}],"wp:term":[{"taxonomy":"product_brand","embeddable":true,"href":"https:\/\/ritosa.click.si\/it\/wp-json\/wp\/v2\/product_brand?post=22448"},{"taxonomy":"product_cat","embeddable":true,"href":"https:\/\/ritosa.click.si\/it\/wp-json\/wp\/v2\/product_cat?post=22448"},{"taxonomy":"product_tag","embeddable":true,"href":"https:\/\/ritosa.click.si\/it\/wp-json\/wp\/v2\/product_tag?post=22448"}],"curies":[{"name":"parola chiave","href":"https:\/\/api.w.org\/{rel}","templated":true}]}}