{"id":22409,"date":"2026-03-24T17:52:09","date_gmt":"2026-03-24T16:52:09","guid":{"rendered":"https:\/\/ritosa.click.si\/?post_type=product&#038;p=22409"},"modified":"2026-03-24T17:52:54","modified_gmt":"2026-03-24T16:52:54","slug":"alpina-panoma-3-0-3","status":"publish","type":"product","link":"https:\/\/ritosa.click.si\/it\/negozio\/kolesarstvo\/kolesarska-oprema\/kolesarske-celade\/odrasle-kolesarske-celade\/alpina-panoma-3-0-3\/","title":{"rendered":"Alpina Panoma 3.0"},"content":{"rendered":"<p data-start=\"55\" data-end=\"300\">\u010celada <strong data-start=\"62\" data-end=\"76\">Panoma 3.0<\/strong> je odli\u010dna izbira za kolesarje, ki i\u0161\u010dejo zanesljivo za\u0161\u010dito in udobje pri vsakodnevnih vo\u017enjah, izletih ali mestni mobilnosti. S svojim brez\u010dasnim dizajnom in premi\u0161ljenimi funkcijami je popoln spremljevalec na vsaki poti.<\/p>\n<p data-start=\"302\" data-end=\"549\">Posebnost \u010delade je preverjeno prileganje, ki je \u0161e posebej primerno za o\u017eje oblike glave. Sistem <strong data-start=\"400\" data-end=\"422\">Run System Classic<\/strong> omogo\u010da enostavno in natan\u010dno prilagoditev obsega, dodatna nastavitev po vi\u0161ini pa poskrbi za \u0161e bolj individualno prileganje.<\/p>\n<p data-start=\"551\" data-end=\"815\">Zahvaljujo\u010d <strong data-start=\"563\" data-end=\"587\">in-mold konstrukciji<\/strong> je \u010delada lahka, a hkrati zelo trpe\u017ena in stabilna. 23 prezra\u010devalnih odprtin zagotavlja odli\u010dno zra\u010denje in udobje tudi med dalj\u0161imi vo\u017enjami, medtem ko vizir \u0161\u010diti pred soncem, integrirana mre\u017eica pa prepre\u010duje vdor insektov.<\/p>\n<p data-start=\"551\" data-end=\"815\">\u2022 Lahka in varna \u010delada za trekking in mestno vo\u017enjo<br data-start=\"1020\" data-end=\"1023\" \/>\u2022 Preverjeno prileganje, posebej primerno za o\u017eje glave<br data-start=\"1078\" data-end=\"1081\" \/>\u2022 Run System Classic za enostavno nastavitev<br data-start=\"1125\" data-end=\"1128\" \/>\u2022 Nastavitev vi\u0161ine za popolno prileganje<br data-start=\"1169\" data-end=\"1172\" \/>\u2022 In-mold konstrukcija za nizko te\u017eo in visoko trdnost<br data-start=\"1226\" data-end=\"1229\" \/>\u2022 23 prezra\u010devalnih odprtin za optimalno zra\u010denje<br data-start=\"1278\" data-end=\"1281\" \/>\u2022 Integrirana mre\u017eica proti insektom<br data-start=\"1317\" data-end=\"1320\" \/>\u2022 Vizir za za\u0161\u010dito pred soncem<br data-start=\"1350\" data-end=\"1353\" \/>\u2022 Mo\u017enost namestitve Multi-Fit zadnje lu\u010di za bolj\u0161o vidnost<\/p>","protected":false},"excerpt":{"rendered":"<p>Kolesarska \u010delada ALPINA PANOMA 3.0<\/p>","protected":false},"featured_media":22406,"template":"","meta":{"_acf_changed":false,"inline_featured_image":false},"product_brand":[678],"product_cat":[662],"product_tag":[],"class_list":{"0":"post-22409","1":"product","2":"type-product","3":"status-publish","4":"has-post-thumbnail","6":"product_brand-alpina","7":"product_cat-odrasle-kolesarske-celade","8":"pa_velikost-56-59","10":"first","11":"instock","12":"sale","13":"taxable","14":"shipping-taxable","15":"purchasable","16":"product-type-variable"},"acf":[],"_links":{"self":[{"href":"https:\/\/ritosa.click.si\/it\/wp-json\/wp\/v2\/product\/22409","targetHints":{"allow":["GET"]}}],"collection":[{"href":"https:\/\/ritosa.click.si\/it\/wp-json\/wp\/v2\/product"}],"about":[{"href":"https:\/\/ritosa.click.si\/it\/wp-json\/wp\/v2\/types\/product"}],"wp:featuredmedia":[{"embeddable":true,"href":"https:\/\/ritosa.click.si\/it\/wp-json\/wp\/v2\/media\/22406"}],"wp:attachment":[{"href":"https:\/\/ritosa.click.si\/it\/wp-json\/wp\/v2\/media?parent=22409"}],"wp:term":[{"taxonomy":"product_brand","embeddable":true,"href":"https:\/\/ritosa.click.si\/it\/wp-json\/wp\/v2\/product_brand?post=22409"},{"taxonomy":"product_cat","embeddable":true,"href":"https:\/\/ritosa.click.si\/it\/wp-json\/wp\/v2\/product_cat?post=22409"},{"taxonomy":"product_tag","embeddable":true,"href":"https:\/\/ritosa.click.si\/it\/wp-json\/wp\/v2\/product_tag?post=22409"}],"curies":[{"name":"parola chiave","href":"https:\/\/api.w.org\/{rel}","templated":true}]}}