{"id":22225,"date":"2026-03-24T10:48:01","date_gmt":"2026-03-24T09:48:01","guid":{"rendered":"https:\/\/ritosa.click.si\/?post_type=product&#038;p=22225"},"modified":"2026-03-24T10:50:17","modified_gmt":"2026-03-24T09:50:17","slug":"otroska-celada-alpina-ximo-2-5","status":"publish","type":"product","link":"https:\/\/ritosa.click.si\/it\/negozio\/kolesarstvo\/kolesarska-oprema\/kolesarske-celade\/otroske-kolesarske-celade\/otroska-celada-alpina-ximo-2-5\/","title":{"rendered":"Casco per bambini ALPINA XIMO 2"},"content":{"rendered":"<p data-start=\"75\" data-end=\"286\">Otroci obo\u017eujejo svobodo na dveh kolesih \u2013 od prvih vo\u017eenj s poganjalcem do svojega prvega pravega kolesa. Pri tem se neizmerno zabavajo in v\u010dasih tudi padejo. Zato naj bo \u010delada Ximo 2 vedno del vsake vo\u017enje.<\/p>\n<p data-start=\"288\" data-end=\"559\">Ximo 2 je zasnovana posebej za majhne, aktivne otroke. Navdu\u0161uje z igrivim dizajnom, barvami in motivi, ki jih otroci radi nosijo, hkrati pa zagotavlja udobno in varno prileganje. Ker otroci nosijo le tisto, kar jim je v\u0161e\u010d in se dobro prilega \u2013 in Ximo 2 zdru\u017euje oboje.<\/p>\n<p data-start=\"561\" data-end=\"814\">Star\u0161em pa daje tisto, kar je najpomembnej\u0161e: zanesljivo za\u0161\u010dito. Integriran, po vi\u0161ini nastavljiv 360\u00b0 sistem prileganja poskrbi, da se \u010delada popolnoma prilagodi glavi in ostane stabilna tudi med gibanjem. To pomeni bolj\u0161o za\u0161\u010dito ob morebitnem padcu.<\/p>\n<p data-start=\"816\" data-end=\"1062\">Zahvaljujo\u010d lahki inmold konstrukciji je \u010delada izjemno udobna za no\u0161enje, dobro prezra\u010devanje pa poskrbi za prijeten ob\u010dutek tudi med dalj\u0161imi vo\u017enjami. Ximo 2 je \u010delada, ki jo bodo otroci z veseljem nosili \u2013 in to je najve\u010d, kar si lahko \u017eeli\u0161.<\/p>\n<p data-start=\"1069\" data-end=\"1362\"><strong data-start=\"1069\" data-end=\"1082\">Caratteristiche<\/strong><br data-start=\"1082\" data-end=\"1085\" \/>\u2022 Po vi\u0161ini nastavljiv 360\u00b0 sistem za popolno prileganje<br data-start=\"1141\" data-end=\"1144\" \/>\u2022 U\u010dinkovito prezra\u010devanje in mre\u017eica proti mr\u010desu<br data-start=\"1194\" data-end=\"1197\" \/>\u2022 Odsevni detajli za bolj\u0161o vidnost<br data-start=\"1232\" data-end=\"1235\" \/>\u2022 Podalj\u0161an zadnji del za dodatno za\u0161\u010dito in ve\u010dje udobje (tudi v otro\u0161kem sede\u017eu ali prikolici)<br data-start=\"1331\" data-end=\"1334\" \/>\u2022 Mo\u017enost dodatne LED lu\u010di<\/p>","protected":false},"excerpt":{"rendered":"<p>Otro\u0161ka kolesarska \u010delada ALPINA XIMO 2<\/p>","protected":false},"featured_media":22203,"template":"","meta":{"_acf_changed":false,"inline_featured_image":false},"product_brand":[678],"product_cat":[577],"product_tag":[1198],"class_list":{"0":"post-22225","1":"product","2":"type-product","3":"status-publish","4":"has-post-thumbnail","6":"product_brand-alpina","7":"product_cat-otroske-kolesarske-celade","8":"product_tag-otroci","9":"pa_velikost-45-49","10":"pa_velikost-47-51","11":"pa_velikost-49-54","13":"first","14":"instock","15":"sale","16":"taxable","17":"shipping-taxable","18":"purchasable","19":"product-type-variable"},"acf":[],"_links":{"self":[{"href":"https:\/\/ritosa.click.si\/it\/wp-json\/wp\/v2\/product\/22225","targetHints":{"allow":["GET"]}}],"collection":[{"href":"https:\/\/ritosa.click.si\/it\/wp-json\/wp\/v2\/product"}],"about":[{"href":"https:\/\/ritosa.click.si\/it\/wp-json\/wp\/v2\/types\/product"}],"wp:featuredmedia":[{"embeddable":true,"href":"https:\/\/ritosa.click.si\/it\/wp-json\/wp\/v2\/media\/22203"}],"wp:attachment":[{"href":"https:\/\/ritosa.click.si\/it\/wp-json\/wp\/v2\/media?parent=22225"}],"wp:term":[{"taxonomy":"product_brand","embeddable":true,"href":"https:\/\/ritosa.click.si\/it\/wp-json\/wp\/v2\/product_brand?post=22225"},{"taxonomy":"product_cat","embeddable":true,"href":"https:\/\/ritosa.click.si\/it\/wp-json\/wp\/v2\/product_cat?post=22225"},{"taxonomy":"product_tag","embeddable":true,"href":"https:\/\/ritosa.click.si\/it\/wp-json\/wp\/v2\/product_tag?post=22225"}],"curies":[{"name":"parola chiave","href":"https:\/\/api.w.org\/{rel}","templated":true}]}}