{"id":22177,"date":"2026-03-24T09:59:00","date_gmt":"2026-03-24T08:59:00","guid":{"rendered":"https:\/\/ritosa.click.si\/?post_type=product&#038;p=22177"},"modified":"2026-03-24T10:00:24","modified_gmt":"2026-03-24T09:00:24","slug":"otroska-celada-alpina-carapax-jr-5","status":"publish","type":"product","link":"https:\/\/ritosa.click.si\/it\/negozio\/kolesarstvo\/kolesarska-oprema\/kolesarske-celade\/otroske-kolesarske-celade\/otroska-celada-alpina-carapax-jr-5\/","title":{"rendered":"Casco per bambini ALPINA CARAPAX JR."},"content":{"rendered":"<p>Alpina CARAPAX JR \u00e8 un casco da enduro per bambini che ha molto in comune con il modello Carapax per adulti. Il peso ridotto \u00e8 possibile grazie alla tecnologia Inmold, che combina una calotta esterna rigida con una parte interna in Hi-EPS. I bordi del casco sono rifiniti con il sistema Edge Protect. Le ampie prese d&#039;aria garantiscono un&#039;ottima ventilazione del casco, che \u00e8 inoltre facilmente regolabile grazie al Run System Ergo Pro, che funziona in sinergia con il Custom Fit System.<\/p>\n<ul>\n<li>HI-EPS \u2013 assorbimento degli urti ottimale grazie al materiale Hi-EPS con camere d&#039;aria microscopiche<\/li>\n<li>Inmold Tec \u2013 Il peso ridotto \u00e8 dovuto alla tecnologia Inmold, in cui la calotta superiore \u00e8 termosaldata all&#039;Hi-EPS. Ci\u00f2 si traduce in una connessione superficiale solida, garantendo un design estremamente solido.<\/li>\n<li>Edge Protect: uno strato protettivo che rende il casco pi\u00f9 resistente a rotture e graffi e offre una protezione aggiuntiva contro le influenze esterne durante l&#039;uso frequente<\/li>\n<li>Calotta in ceramica: \u00e8 il nome della calotta esterna di tutti i caschi Alpina realizzata con il processo Inmold. \u00c8 un materiale sottile e leggero, estremamente resistente agli urti e ai graffi, contiene stabilizzatori UV ed \u00e8 antistatico.<\/li>\n<li>Run System Classic: il sistema di regolazione fine \u00e8 fluido e morbido al tatto, garantendo il massimo livello di comfort<\/li>\n<li>ERGOMATICA: la fibbia collaudata e collaudata \u00e8 utilizzata su tutti i caschi Alpina. Regolazione multistadio, azionabile con una sola mano. Inoltre, la fibbia non si slaccia da sola in caso di incidente.<\/li>\n<li>Y-CLIP: La clip a Y collega le cinghie anteriori e posteriori sotto le orecchie. Quando la clip \u00e8 slacciata, le cinghie possono essere facilmente riposizionate e regolate con precisione. Ci\u00f2 consente una vestibilit\u00e0 ottimale del casco.<\/li>\n<li>Peso del casco 250 g<\/li>\n<li>14 aperture di ventilazione garantiscono un flusso d&#039;aria ideale all&#039;interno<\/li>\n<li>Rete anti-mosche \u2013 rete di protezione dagli insetti<\/li>\n<li>Opzione: \u00e8 possibile montare una luce sul casco<\/li>\n<\/ul>","protected":false},"excerpt":{"rendered":"<p>Casco da ciclismo per bambini ALPINA CARAPAX JR.<\/p>","protected":false},"featured_media":22182,"template":"","meta":{"_acf_changed":false,"inline_featured_image":false},"product_brand":[678],"product_cat":[577],"product_tag":[1198],"class_list":{"0":"post-22177","1":"product","2":"type-product","3":"status-publish","4":"has-post-thumbnail","6":"product_brand-alpina","7":"product_cat-otroske-kolesarske-celade","8":"product_tag-otroci","9":"pa_velikost-51-56","11":"first","12":"instock","13":"sale","14":"taxable","15":"shipping-taxable","16":"purchasable","17":"product-type-variable"},"acf":[],"_links":{"self":[{"href":"https:\/\/ritosa.click.si\/it\/wp-json\/wp\/v2\/product\/22177","targetHints":{"allow":["GET"]}}],"collection":[{"href":"https:\/\/ritosa.click.si\/it\/wp-json\/wp\/v2\/product"}],"about":[{"href":"https:\/\/ritosa.click.si\/it\/wp-json\/wp\/v2\/types\/product"}],"wp:featuredmedia":[{"embeddable":true,"href":"https:\/\/ritosa.click.si\/it\/wp-json\/wp\/v2\/media\/22182"}],"wp:attachment":[{"href":"https:\/\/ritosa.click.si\/it\/wp-json\/wp\/v2\/media?parent=22177"}],"wp:term":[{"taxonomy":"product_brand","embeddable":true,"href":"https:\/\/ritosa.click.si\/it\/wp-json\/wp\/v2\/product_brand?post=22177"},{"taxonomy":"product_cat","embeddable":true,"href":"https:\/\/ritosa.click.si\/it\/wp-json\/wp\/v2\/product_cat?post=22177"},{"taxonomy":"product_tag","embeddable":true,"href":"https:\/\/ritosa.click.si\/it\/wp-json\/wp\/v2\/product_tag?post=22177"}],"curies":[{"name":"parola chiave","href":"https:\/\/api.w.org\/{rel}","templated":true}]}}