{"id":22171,"date":"2026-03-24T09:18:43","date_gmt":"2026-03-24T08:18:43","guid":{"rendered":"https:\/\/ritosa.click.si\/?post_type=product&#038;p=22171"},"modified":"2026-03-24T09:21:15","modified_gmt":"2026-03-24T08:21:15","slug":"otroska-celada-alpina-pico-3","status":"publish","type":"product","link":"https:\/\/ritosa.click.si\/it\/negozio\/kolesarstvo\/kolesarska-oprema\/kolesarske-celade\/otroske-kolesarske-celade\/otroska-celada-alpina-pico-3\/","title":{"rendered":"Casco per bambini ALPINA PICO"},"content":{"rendered":"<p>ALPINA PICO \u00e8 un casco da ciclismo per bambini e ragazzi. La struttura Inmold, le numerose aperture di ventilazione e la luce posteriore rendono il casco sicuro e comodo da indossare. La visiera integrata \u00e8 particolarmente accattivante, in quanto offre protezione dalla luce solare diretta e maggiore sicurezza in caso di caduta. \u00c8 dotato di tre aperture di ventilazione integrate, che impediscono l&#039;accumulo di calore. Altre dodici aperture di ventilazione garantiscono una buona ventilazione della testa. La zanzariera frontale impedisce agli insetti di entrare nel casco. Il Run System Ergo Flex+ garantisce comfort e possibilit\u00e0 di regolazione ottimali. La forma leggera e delicata si adatta uniformemente alla testa, aumentando cos\u00ec la protezione. I colori neon e rosa garantiscono un&#039;ottima visibilit\u00e0.<\/p>\n<ul>\n<li>HI-EPS: Lo stampo interno dei caschi Alpina \u00e8 realizzato in HI-EPS (polistirene espandibile). Questo materiale \u00e8 composto da microscopici spazi d&#039;aria che assorbono efficacemente le forze generate dall&#039;impatto.<\/li>\n<li>Inmold Tec: nei caschi INMOLD, lo strato interno viene convertito in schiuma ad alta pressione e calore e incollato sotto lo strato esterno. Poich\u00e9 le parti interne ed esterne sono completamente collegate, i caschi INMOLD sono estremamente stabili e molto leggeri. Offrono inoltre una sicurezza significativamente maggiore rispetto ai caschi con incollaggio puntuale.<\/li>\n<li>CALOTTA IN CERAMICA: \u00e8 il nome della calotta esterna di tutti i caschi Alpina realizzata con il processo Inmold. \u00c8 un materiale sottile e leggero, estremamente resistente agli urti e ai graffi, contiene stabilizzatori UV ed \u00e8 antistatico.<\/li>\n<li>Run System Ergo Flex +: la manopola girevole posta sulla parte posteriore della testa consente di adattare facilmente la taglia del casco alla testa, garantendo una vestibilit\u00e0 perfetta e sicurezza.<\/li>\n<li>ERGOMATICA: la fibbia collaudata e collaudata \u00e8 utilizzata su tutti i caschi Alpina. Regolazione multistadio, azionabile con una sola mano. Inoltre, la fibbia non si slaccia da sola in caso di incidente.<\/li>\n<li>Y-CLIP: La clip a Y collega i cinturini anteriori e posteriori sotto le orecchie. Quando la clip \u00e8 slacciata, i cinturini possono essere facilmente riposizionati e regolati con precisione. Ci\u00f2 consente una vestibilit\u00e0 ottimale del casco.<\/li>\n<li>Peso del casco 220 g<\/li>\n<li>15 aperture di ventilazione garantiscono un flusso d&#039;aria ideale all&#039;interno<\/li>\n<li>Rete anti-mosche \u2013 rete di protezione dagli insetti<\/li>\n<li>Opzione: \u00e8 possibile installare una luce aggiuntiva<\/li>\n<\/ul>","protected":false},"excerpt":{"rendered":"<p>Otro\u0161ka kolesarsa \u010delada ALPINA PICO<\/p>","protected":false},"featured_media":22176,"template":"","meta":{"_acf_changed":false,"inline_featured_image":false},"product_brand":[678],"product_cat":[577],"product_tag":[1198],"class_list":{"0":"post-22171","1":"product","2":"type-product","3":"status-publish","4":"has-post-thumbnail","6":"product_brand-alpina","7":"product_cat-otroske-kolesarske-celade","8":"product_tag-otroci","9":"pa_velikost-50-55","11":"first","12":"instock","13":"sale","14":"taxable","15":"shipping-taxable","16":"purchasable","17":"product-type-variable"},"acf":[],"_links":{"self":[{"href":"https:\/\/ritosa.click.si\/it\/wp-json\/wp\/v2\/product\/22171","targetHints":{"allow":["GET"]}}],"collection":[{"href":"https:\/\/ritosa.click.si\/it\/wp-json\/wp\/v2\/product"}],"about":[{"href":"https:\/\/ritosa.click.si\/it\/wp-json\/wp\/v2\/types\/product"}],"wp:featuredmedia":[{"embeddable":true,"href":"https:\/\/ritosa.click.si\/it\/wp-json\/wp\/v2\/media\/22176"}],"wp:attachment":[{"href":"https:\/\/ritosa.click.si\/it\/wp-json\/wp\/v2\/media?parent=22171"}],"wp:term":[{"taxonomy":"product_brand","embeddable":true,"href":"https:\/\/ritosa.click.si\/it\/wp-json\/wp\/v2\/product_brand?post=22171"},{"taxonomy":"product_cat","embeddable":true,"href":"https:\/\/ritosa.click.si\/it\/wp-json\/wp\/v2\/product_cat?post=22171"},{"taxonomy":"product_tag","embeddable":true,"href":"https:\/\/ritosa.click.si\/it\/wp-json\/wp\/v2\/product_tag?post=22171"}],"curies":[{"name":"parola chiave","href":"https:\/\/api.w.org\/{rel}","templated":true}]}}