{"id":22142,"date":"2026-03-23T15:33:40","date_gmt":"2026-03-23T14:33:40","guid":{"rendered":"https:\/\/ritosa.click.si\/?post_type=product&#038;p=22142"},"modified":"2026-04-03T14:44:27","modified_gmt":"2026-04-03T12:44:27","slug":"otroska-celada-alpina-rupi-4","status":"publish","type":"product","link":"https:\/\/ritosa.click.si\/it\/negozio\/kolesarstvo\/kolesarska-oprema\/kolesarske-celade\/otroske-kolesarske-celade\/otroska-celada-alpina-rupi-4\/","title":{"rendered":"Casco per bambini ALPINA RUPI"},"content":{"rendered":"<p>Alpina RUPI je otro\u0161ka &#8220;full-face&#8221; \u010delada za te\u017eavne gorske poti, ki so prekrite s koreninami in kamenjem in so lahko precej zapletene. \u010celada ponuja vsestransko za\u0161\u010dito, kljub izredno nizki te\u017ei, samo 385g, zahvaljujo\u010d INMOLD tehnologiji, ki zdru\u017euje zunanjo trdo \u0161koljko z notranjim Hi-EPS delom in tako zagotavlja najvi\u0161jo stopnjo varnosti . Zaradi odstranljivega \u0161\u010ditnika za brado, je otro\u0161ka \u010delada primerna tako za spust, kot tudi za vsakodnevno uporabo! Prav tako je odstranljiv tudi vizir, ki sicer slu\u017ei kot za\u0161\u010dita pred soncem, blatom in kamenjem. 15 zra\u010dnikov poskrbi, da je \u010delada zelo zra\u010dna.<\/p>\n<ul>\n<li>HI-EPS \u2013 assorbimento degli urti ottimale grazie al materiale Hi-EPS con camere d&#039;aria microscopiche<\/li>\n<li>Inmold Tec \u2013 Il peso ridotto \u00e8 dovuto alla tecnologia Inmold, in cui la calotta superiore \u00e8 termosaldata all&#039;Hi-EPS. Ci\u00f2 si traduce in una connessione superficiale solida, garantendo un design estremamente solido.<\/li>\n<li>Edge Protect: uno strato protettivo che rende il casco pi\u00f9 resistente a rotture e graffi e offre una protezione aggiuntiva contro le influenze esterne durante l&#039;uso frequente<\/li>\n<li>Calotta in ceramica: \u00e8 il nome della calotta esterna di tutti i caschi Alpina realizzata con il processo Inmold. \u00c8 un materiale sottile e leggero, estremamente resistente agli urti e ai graffi, contiene stabilizzatori UV ed \u00e8 antistatico.<\/li>\n<li>Run System Classic: il sistema di regolazione fine \u00e8 fluido e morbido al tatto, garantendo il massimo livello di comfort<\/li>\n<li>Peso del casco 385 g<\/li>\n<li>15 aperture di ventilazione garantiscono un flusso d&#039;aria ideale all&#039;interno<\/li>\n<li>Rete anti-mosche \u2013 rete di protezione dagli insetti<\/li>\n<\/ul>","protected":false},"excerpt":{"rendered":"<p>Casco integrale da ciclismo per bambini ALPINA RUPI<\/p>","protected":false},"featured_media":22147,"template":"","meta":{"_acf_changed":false,"inline_featured_image":false,"_monsterinsights_skip_tracking":false,"_monsterinsights_sitenote_active":false,"_monsterinsights_sitenote_note":"","_monsterinsights_sitenote_category":0},"product_brand":[678],"product_cat":[577],"product_tag":[1198],"class_list":{"0":"post-22142","1":"product","2":"type-product","3":"status-publish","4":"has-post-thumbnail","6":"product_brand-alpina","7":"product_cat-otroske-kolesarske-celade","8":"product_tag-otroci","9":"pa_velikost-50-55","11":"first","12":"instock","13":"sale","14":"taxable","15":"shipping-taxable","16":"purchasable","17":"product-type-variable"},"acf":[],"aioseo_notices":[],"_links":{"self":[{"href":"https:\/\/ritosa.click.si\/it\/wp-json\/wp\/v2\/product\/22142","targetHints":{"allow":["GET"]}}],"collection":[{"href":"https:\/\/ritosa.click.si\/it\/wp-json\/wp\/v2\/product"}],"about":[{"href":"https:\/\/ritosa.click.si\/it\/wp-json\/wp\/v2\/types\/product"}],"wp:featuredmedia":[{"embeddable":true,"href":"https:\/\/ritosa.click.si\/it\/wp-json\/wp\/v2\/media\/22147"}],"wp:attachment":[{"href":"https:\/\/ritosa.click.si\/it\/wp-json\/wp\/v2\/media?parent=22142"}],"wp:term":[{"taxonomy":"product_brand","embeddable":true,"href":"https:\/\/ritosa.click.si\/it\/wp-json\/wp\/v2\/product_brand?post=22142"},{"taxonomy":"product_cat","embeddable":true,"href":"https:\/\/ritosa.click.si\/it\/wp-json\/wp\/v2\/product_cat?post=22142"},{"taxonomy":"product_tag","embeddable":true,"href":"https:\/\/ritosa.click.si\/it\/wp-json\/wp\/v2\/product_tag?post=22142"}],"curies":[{"name":"parola chiave","href":"https:\/\/api.w.org\/{rel}","templated":true}]}}