{"id":22006,"date":"2026-03-22T11:44:42","date_gmt":"2026-03-22T10:44:42","guid":{"rendered":"https:\/\/ritosa.click.si\/?post_type=product&#038;p=22006"},"modified":"2026-03-22T11:52:43","modified_gmt":"2026-03-22T10:52:43","slug":"cube-stereo-hybrid-one22-race-800-2026","status":"publish","type":"product","link":"https:\/\/ritosa.click.si\/it\/negozio\/kolesarstvo\/kolesa\/elektricna-kolesa\/gorska-elektricna-kolesa\/cube-stereo-hybrid-one22-race-800-2026\/","title":{"rendered":"CUBE STEREO HYBRID ONE22 RACE 800 2026"},"content":{"rendered":"<p data-start=\"0\" data-end=\"104\"><strong data-start=\"0\" data-end=\"37\">CUBE STEREO HYBRID ONE22 RACE 800<\/strong><br data-start=\"37\" data-end=\"40\" \/>Elektri\u010dno trail kolo za zahtevnej\u0161e kolesarje in dolge avanture<\/p>\n<p data-start=\"106\" data-end=\"503\">CUBE Stereo Hybrid ONE22 Race 800 postavlja nove standarde udobja in zmogljivosti na trailih. Z zmogljivim motorjem <strong data-start=\"222\" data-end=\"246\">Bosch Performance CX<\/strong> in baterijo kapacitete <strong data-start=\"270\" data-end=\"280\">800 Wh<\/strong> omogo\u010da dalj\u0161e in zahtevnej\u0161e vo\u017enje brez kompromisov. Okvir <strong data-start=\"342\" data-end=\"365\">Aluminium Superlite<\/strong> z notranjim vodenjem kablov, <strong data-start=\"395\" data-end=\"412\">UDH dropoutom<\/strong> E <strong data-start=\"416\" data-end=\"447\">Direct Mount za\u0161\u010dito verige<\/strong> odra\u017ea vrhunsko izdelavo CUBE in pozornost do detajlov.<\/p>\n<p data-start=\"505\" data-end=\"927\">Stereo Hybrid ONE22 Race 800 je namenjen kolesarjem, ki \u017eelijo ve\u010d kot le udobno vo\u017enjo \u2013 \u017eelijo popoln nadzor in varnost na vsakem trailu. <strong data-start=\"645\" data-end=\"687\">RockShox Psylo Silver RC zra\u010dna vilica<\/strong> in zadnji amortizer <strong data-start=\"708\" data-end=\"727\">Deluxe Select R<\/strong> zagotavljata natan\u010dno bla\u017eenje in gladko vo\u017enjo, medtem ko <strong data-start=\"787\" data-end=\"815\">Schwalbe 2,6\u201d pnevmatike<\/strong> E <strong data-start=\"819\" data-end=\"854\">Shimano hidravli\u010dne disk zavore<\/strong> zagotavljajo maksimalen oprijem in zanesljivo zaviranje v vseh razmerah.<\/p>\n<p data-start=\"929\" data-end=\"1068\"><strong data-start=\"929\" data-end=\"954\">Shimano XT 1\u00d712 pogon<\/strong> prina\u0161a \u0161irok razpon prestav in vrhunsko zanesljivost, popolnoma prilagojeno tehni\u010dnim vzponom in hitrim spustom.<\/p>\n<p><em>Najve\u010dja dovoljena skupna te\u017ea (vklju\u010dno s kolesom): 150 kg<\/em><\/p>\n<p><em>Divisione delle dimensioni:<\/em><\/p>\n<ul>\n<li><em> S = 27,5&quot;\u201d<\/em><\/li>\n<li><em> M, L, XL, XXL = 29&quot;\u201d<\/em><\/li>\n<\/ul>\n<h4><strong>Specifiche<\/strong><\/h4>\n<p>Motor: Bosch Drive Unit Performance Line CX, max. 100 Nm (BDU38)<br data-start=\"1159\" data-end=\"1162\" \/>Baterija: Bosch PowerTube 800<br data-start=\"1191\" data-end=\"1194\" \/>Polnilec: Bosch 2A<br data-start=\"1212\" data-end=\"1215\" data-is-only-node=\"\" \/>Zaslon: Bosch Purion 200 z integriranim zaslonom<br data-start=\"1263\" data-end=\"1266\" \/>Okvir: Aluminium Superlite, Gravity Casting Technology, Efficient Comfort Control, FSP 4-Link, Agile Comfort Geometry, Boost 148, UDH\u2122, integrirana baterija, napredno notranje vodenje kablov, nosilci za nogar\/blatnike\/prtlja\u017enik, integrirana objemka sede\u017ene opore<br data-start=\"1529\" data-end=\"1532\" \/>Vilica: RockShox Psylo Silver RC Air, tapered, 15&#215;110 mm, lockout, 120 mm<br data-start=\"1605\" data-end=\"1608\" \/>Le\u017eaj vilice: ACROS AZF-1034, ICR (notranje vodenje kablov), zgoraj Zero-Stack 1 1\/2&#8243; (ZS 56 mm), spodaj Zero-Stack 1 1\/2&#8243; (ZS 56 mm), X-Connect Interface<br data-start=\"1762\" data-end=\"1765\" \/>Zadnje vzmetenje: RockShox Deluxe Select R, 185&#215;52.5 mm, nastavitev povratka (rebound), Trunnion Mount, zgoraj 54 mm Trunnion Mount, spodaj 22.2&#215;8 mm<br data-start=\"1914\" data-end=\"1917\" \/>Lula krmila: CUBE Performance Stem E-MTB 35, FPI-Link<br data-start=\"1970\" data-end=\"1973\" \/>Krmilo: CUBE Rise Trail Bar 35<br data-start=\"2003\" data-end=\"2006\" \/>Ro\u010daji: ACID Hybrid Perform<br data-start=\"2033\" data-end=\"2036\" \/>Zadnji menjalnik: Shimano XT RD-M8100-SGS, ShadowPlus, 12-stopenjski<br data-start=\"2104\" data-end=\"2107\" \/>Menjalne ro\u010dice: Shimano Deore SL-M6100-R, Rapidfire Plus<br data-start=\"2164\" data-end=\"2167\" \/>Zavore: Shimano BR-MT520, hidravli\u010dne disk zavore (203\/203 mm)<br data-start=\"2229\" data-end=\"2232\" \/>Gonilka: ACID MTB Hybrid Pro, 38T<br data-start=\"2265\" data-end=\"2268\" \/>Pedala: ACID PP MTB<br data-start=\"2287\" data-end=\"2290\" \/>Veriga: KMC e12<br data-start=\"2305\" data-end=\"2308\" \/>Vodilo verige: Reverse Flip-Guide E-Chain Guide, Direct Mount, I-Plate<br data-start=\"2378\" data-end=\"2381\" \/>Kaseta: Shimano Deore CS-M6100, 10\u201351T<br data-start=\"2419\" data-end=\"2422\" \/>Obro\u010di \/ kolesa: ACID SLX 30, 32\/32 naper, 15&#215;110 mm \/ 12&#215;148 mm, Tubeless Ready<br data-start=\"2502\" data-end=\"2505\" \/>Pnevmatike: Schwalbe Smart Sam, Active, 2.6<br data-start=\"2548\" data-end=\"2551\" \/>Sede\u017e: ACID Venec EMTB Plus 145<br data-start=\"2582\" data-end=\"2585\" \/>Sede\u017ena opora: CUBE Dropper Post, ro\u010dica na krmilu, notranja napeljava kablov, 31.6 mm<br data-start=\"2671\" data-end=\"2674\" \/>Te\u017ea: 26,8 kg<\/p>","protected":false},"excerpt":{"rendered":"<p>\u017densko elektri\u010dno gorsko kolo Cube Stereo Hybrid One22 Race 800 Shiftblush &#8216;n&#8217; Black<\/p>","protected":false},"featured_media":22013,"template":"","meta":{"_acf_changed":false,"inline_featured_image":false,"_monsterinsights_skip_tracking":false,"_monsterinsights_sitenote_active":false,"_monsterinsights_sitenote_note":"","_monsterinsights_sitenote_category":0},"product_brand":[1192],"product_cat":[629],"product_tag":[],"class_list":{"0":"post-22006","1":"product","2":"type-product","3":"status-publish","4":"has-post-thumbnail","6":"product_brand-cube","7":"product_cat-gorska-elektricna-kolesa","8":"pa_velikost-m","10":"first","11":"instock","12":"sale","13":"taxable","14":"shipping-taxable","15":"purchasable","16":"product-type-variable"},"acf":[],"aioseo_notices":[],"_links":{"self":[{"href":"https:\/\/ritosa.click.si\/it\/wp-json\/wp\/v2\/product\/22006","targetHints":{"allow":["GET"]}}],"collection":[{"href":"https:\/\/ritosa.click.si\/it\/wp-json\/wp\/v2\/product"}],"about":[{"href":"https:\/\/ritosa.click.si\/it\/wp-json\/wp\/v2\/types\/product"}],"wp:featuredmedia":[{"embeddable":true,"href":"https:\/\/ritosa.click.si\/it\/wp-json\/wp\/v2\/media\/22013"}],"wp:attachment":[{"href":"https:\/\/ritosa.click.si\/it\/wp-json\/wp\/v2\/media?parent=22006"}],"wp:term":[{"taxonomy":"product_brand","embeddable":true,"href":"https:\/\/ritosa.click.si\/it\/wp-json\/wp\/v2\/product_brand?post=22006"},{"taxonomy":"product_cat","embeddable":true,"href":"https:\/\/ritosa.click.si\/it\/wp-json\/wp\/v2\/product_cat?post=22006"},{"taxonomy":"product_tag","embeddable":true,"href":"https:\/\/ritosa.click.si\/it\/wp-json\/wp\/v2\/product_tag?post=22006"}],"curies":[{"name":"parola chiave","href":"https:\/\/api.w.org\/{rel}","templated":true}]}}