{"id":21988,"date":"2026-03-22T11:16:30","date_gmt":"2026-03-22T10:16:30","guid":{"rendered":"https:\/\/ritosa.click.si\/?post_type=product&#038;p=21988"},"modified":"2026-03-22T11:48:07","modified_gmt":"2026-03-22T10:48:07","slug":"cube-reaction-hybrid-performance-625","status":"publish","type":"product","link":"https:\/\/ritosa.click.si\/it\/negozio\/kolesarstvo\/kolesa\/elektricna-kolesa\/gorska-elektricna-kolesa\/cube-reaction-hybrid-performance-625\/","title":{"rendered":"CUBE REACTION HYBRID PERFORMANCE 625"},"content":{"rendered":"<p><strong>PRESTAZIONI IBRIDE CUBE REACTION<\/strong><\/p>\n<p>La Cube Reaction Hybrid Performance 625 \u00e8 una mountain bike elettrica versatile e robusta, progettata attorno a un motore Bosch Performance Line silenzioso e potente con 75 Nm di coppia. \u00c8 dotata del Bosch Smart System e supporta una batteria con capacit\u00e0 fino a 625 Wh: questo modello include gi\u00e0 una batteria da 625 Wh, consentendo pedalate pi\u00f9 lunghe e spensierate.<\/p>\n<p>La bici \u00e8 inoltre dotata di attacco per cavalletto, lucchetti integrati e punti di attacco multi-utensile. Il passaggio cavi interno e una nuova posizione del sensore di velocit\u00e0 garantiscono linee pulite e una manutenzione minima. Con l&#039;opzione telaio Trapeze e il sistema SizeSplit, \u00e8 facile trovare la taglia perfetta per te.<\/p>\n<p><em>Capacit\u00e0 di carico massima (incluso il peso della bici): 140 kg<\/em><\/p>\n<p><em>Divisione delle dimensioni:<\/em><\/p>\n<ul>\n<li><em>14\u2033 (XS), 16\u2033 (S) = 27,5\u2033<\/em><\/li>\n<li><em>18\u2033 (M), 20\u2033 (L), 22\u2033 (XL), 24\u2033 (XXL) = 29\u2033<\/em><\/li>\n<\/ul>\n<h3><strong>Specifiche<\/strong><\/h3>\n<ul>\n<li><strong>Motore:<\/strong> Bosch Performance Line Gen. 3 (75 Nm), Cruise, 250 W, Smart System<\/li>\n<li><strong>Batteria:<\/strong> Bosch PowerTube 625<\/li>\n<li><strong>Caricabatterie:<\/strong> Bosch 2A<\/li>\n<li><strong>Display:<\/strong> Bosch Purion 200 con display integrato<\/li>\n<li><strong>Telaio:<\/strong> Alluminio Superlite, fusione per gravit\u00e0, geometria Agile Ride, tubo sterzo da 1,5&quot;, batteria completamente integrata, passaggio cavi interno, predisposizione per cavalletto, parafango e portapacchi<\/li>\n<li><strong>Forcella:<\/strong> Bobina SR Suntour NVX30 UFO, 100 mm<\/li>\n<li><strong>Serie sterzo:<\/strong> ACROS AZF-1031, ZS 56\/56 mm<\/li>\n<li><strong>Attacco manubrio:<\/strong> MTB elettrica CUBE Performance, 31,8 mm<\/li>\n<li><strong>Manubrio:<\/strong> Manubrio CUBE Rise Trail Pro, 740 mm<\/li>\n<li><strong>Manopole:<\/strong> ACID React Pro<\/li>\n<li><strong>Deragliatore posteriore:<\/strong> Shimano Cues RD-U4000-GS, 9 marce<\/li>\n<li><strong>Leve del cambio:<\/strong> Stecche Shimano SL-U4010 Rapidfire-Plus<\/li>\n<li><strong>Freni:<\/strong> Shimano BR-MT200\/UR300, freni a disco idraulici, PM\/FM (180\/180 mm)<\/li>\n<li><strong>Guarnitura:<\/strong> MTB Ibrido ACID, 38T<\/li>\n<li><strong>Pedali:<\/strong> ACIDO PP MTB<\/li>\n<li><strong>Catena:<\/strong> KMC eGlide<\/li>\n<li><strong>Cassetta:<\/strong> Stecche Shimano CS-LG300, 11-46T<\/li>\n<li><strong>Hub:<\/strong> Shimano HB\/FH-QC300, QR, Centerlock<\/li>\n<li><strong>Cerchi:<\/strong> CUBE EX25, 32 fori, disco, Tubeless Ready<\/li>\n<li><strong>Pneumatici:<\/strong> Schwalbe Smart Sam, Attivo, 2.35<\/li>\n<li><strong>Sella:<\/strong> Sequenza ACID Pro 160<\/li>\n<li><strong>Peso:<\/strong> 24,7 kg<\/li>\n<\/ul>","protected":false},"excerpt":{"rendered":"<p>Elektri\u010dno gorsko kolo Cube Reaction Hybrid Performance 625 Night &#8216;n&#8217; Black &#8211; Trapeze okvir<\/p>","protected":false},"featured_media":21995,"template":"","meta":{"_acf_changed":false,"inline_featured_image":false,"_monsterinsights_skip_tracking":false,"_monsterinsights_sitenote_active":false,"_monsterinsights_sitenote_note":"","_monsterinsights_sitenote_category":0},"product_brand":[1192],"product_cat":[629],"product_tag":[],"class_list":{"0":"post-21988","1":"product","2":"type-product","3":"status-publish","4":"has-post-thumbnail","6":"product_brand-cube","7":"product_cat-gorska-elektricna-kolesa","8":"pa_velikost-l","10":"first","11":"instock","12":"sale","13":"taxable","14":"shipping-taxable","15":"purchasable","16":"product-type-variable"},"acf":[],"aioseo_notices":[],"_links":{"self":[{"href":"https:\/\/ritosa.click.si\/it\/wp-json\/wp\/v2\/product\/21988","targetHints":{"allow":["GET"]}}],"collection":[{"href":"https:\/\/ritosa.click.si\/it\/wp-json\/wp\/v2\/product"}],"about":[{"href":"https:\/\/ritosa.click.si\/it\/wp-json\/wp\/v2\/types\/product"}],"wp:featuredmedia":[{"embeddable":true,"href":"https:\/\/ritosa.click.si\/it\/wp-json\/wp\/v2\/media\/21995"}],"wp:attachment":[{"href":"https:\/\/ritosa.click.si\/it\/wp-json\/wp\/v2\/media?parent=21988"}],"wp:term":[{"taxonomy":"product_brand","embeddable":true,"href":"https:\/\/ritosa.click.si\/it\/wp-json\/wp\/v2\/product_brand?post=21988"},{"taxonomy":"product_cat","embeddable":true,"href":"https:\/\/ritosa.click.si\/it\/wp-json\/wp\/v2\/product_cat?post=21988"},{"taxonomy":"product_tag","embeddable":true,"href":"https:\/\/ritosa.click.si\/it\/wp-json\/wp\/v2\/product_tag?post=21988"}],"curies":[{"name":"parola chiave","href":"https:\/\/api.w.org\/{rel}","templated":true}]}}