{"id":21800,"date":"2026-03-18T15:44:41","date_gmt":"2026-03-18T14:44:41","guid":{"rendered":"https:\/\/ritosa.click.si\/?post_type=product&#038;p=21800"},"modified":"2026-03-18T17:34:56","modified_gmt":"2026-03-18T16:34:56","slug":"cube-aim-one-2026","status":"publish","type":"product","link":"https:\/\/ritosa.click.si\/it\/negozio\/kolesarstvo\/kolesa\/gorska-kolesa\/zenska-gorska-kolesa\/cube-aim-one-2026\/","title":{"rendered":"CUBE AIM ONE 2026"},"content":{"rendered":"<p><strong>CUBE AIM UNO<\/strong><\/p>\n<p data-start=\"48\" data-end=\"303\">CUBE Aim One je odli\u010dna izbira za rekreativne kolesarje in za\u010detnike v svetu gorskega kolesarjenja. Njegov lahek aluminijast okvir z elegantnimi <strong data-start=\"198\" data-end=\"215\">Smooth Welded<\/strong> spoji in notranjim vodenjem kablov zagotavlja sodoben videz ter dolgo \u017eivljenjsko dobo.<\/p>\n<p data-start=\"305\" data-end=\"582\">Za udobno in varno vo\u017enjo poskrbi <strong data-start=\"339\" data-end=\"374\">SR Suntour vilica s 100 mm hoda<\/strong>, ki u\u010dinkovito bla\u017ei udarce na neravnih podlagah. <strong data-start=\"425\" data-end=\"446\">Shimano 2\u00d78 pogon<\/strong> nudi dovolj prestav za vse terene, medtem ko <strong data-start=\"492\" data-end=\"527\">Shimano hidravli\u010dne disk zavore<\/strong> omogo\u010dajo mo\u010dno in natan\u010dno zaviranje v vseh razmerah.<\/p>\n<p data-start=\"584\" data-end=\"795\" data-is-last-node=\"\" data-is-only-node=\"\">Con <strong data-start=\"586\" data-end=\"608\">2,25\u2033 pnevmatikami<\/strong> in robustnimi <strong data-start=\"623\" data-end=\"653\">ACID Tubeless Ready kolesi<\/strong> je pripravljen na vo\u017enjo po gozdu, makadamu ali asfaltu. Zahvaljujo\u010d <strong data-start=\"723\" data-end=\"745\">Size Split sistemu<\/strong> lahko vsak kolesar najde popolno velikost kolesa.<\/p>\n<p><em>Najve\u010dja dovoljena obremenitev (vklju\u010dno z maso kolesa): 140 kg<\/em><\/p>\n<p><em>Divisione delle dimensioni:<\/em><\/p>\n<ul>\n<li><em>14&#8221; (XS), 16&#8221; (S) = 27,5&#8221;<\/em><\/li>\n<li><em>18&#8221; (M), 20&#8221; (L), 22&#8221; (XL), 24&#8221; (XXL) = 29&#8221;<\/em><\/li>\n<\/ul>\n<h4><strong>Specifiche<\/strong><\/h4>\n<p>Okvir: Aluminium Lite, AMF, Double Butted, Internal Cable Routing, Flat Mount Brake, SIC Mount, FM Kickstand Mount<br data-start=\"1324\" data-end=\"1327\" \/>Vilica: SR Suntour XCE, 100 mm<br data-start=\"1357\" data-end=\"1360\" \/>Le\u017eaj vilice: CUBE FPH863, Semi-Integrated<br data-start=\"1402\" data-end=\"1405\" \/>Lula krmila: CUBE Performance Stem, 31.8 mm<br data-start=\"1448\" data-end=\"1451\" \/>Krmilo: CUBE Rise Trail Bar, 680 mm<br data-start=\"1486\" data-end=\"1489\" data-is-only-node=\"\" \/>Ro\u010daji: ACID Icon<br data-start=\"1506\" data-end=\"1509\" \/>Prednji menjalnik: Shimano FD-M315, Top Swing, 31.8 mm Clamp<br data-start=\"1569\" data-end=\"1572\" \/>Zadnji menjalnik: Shimano RD-TX800, 8-speed<br data-start=\"1615\" data-end=\"1618\" \/>Menjalne ro\u010dice: Shimano SL-M315, Rapidfire Plus<br data-start=\"1666\" data-end=\"1669\" \/>Zavore: Shimano BR-MT200\/UR300, hidravli\u010dne disk zavore (160\/160)<br data-start=\"1734\" data-end=\"1737\" \/>Gonilna os: Thun Paso-ML, 73 mm BSA<br data-start=\"1772\" data-end=\"1775\" \/>Gonilka: Shimano FC-M315, 36x22T, 170 mm<br data-start=\"1815\" data-end=\"1818\" \/>Pedala: CUBE PP MTB<br data-start=\"1837\" data-end=\"1840\" \/>Veriga: KMC Z8.3<br data-start=\"1856\" data-end=\"1859\" \/>Kaseta: Shimano CS-HG200, 12\u201332T<br data-start=\"1891\" data-end=\"1894\" \/>Obro\u010di \/ kolesa: ACID Pro 25, 32\/32 naper, QR\/QR, Tubeless Ready<br data-start=\"1958\" data-end=\"1961\" \/>Pnevmatike: CUBE MTB, 2.25<br data-start=\"1987\" data-end=\"1990\" \/>Sede\u017e: ACID Venec Lite<br data-start=\"2012\" data-end=\"2015\" \/>Sede\u017ena opora: CUBE Performance Post, 27.2 mm<br data-start=\"2060\" data-end=\"2063\" \/>Te\u017ea: 15,1 kg<\/p>","protected":false},"excerpt":{"rendered":"<p>Gorsko kolo Cube Aim One Smoke &#8216;n&#8217; Black<\/p>","protected":false},"featured_media":21809,"template":"","meta":{"_acf_changed":false,"inline_featured_image":false},"product_brand":[1192],"product_cat":[488,572],"product_tag":[],"class_list":{"0":"post-21800","1":"product","2":"type-product","3":"status-publish","4":"has-post-thumbnail","6":"product_brand-cube","7":"product_cat-gorska-kolesa","8":"product_cat-zenska-gorska-kolesa","9":"pa_velikost-s","11":"first","12":"instock","13":"sale","14":"taxable","15":"shipping-taxable","16":"purchasable","17":"product-type-variable"},"acf":[],"_links":{"self":[{"href":"https:\/\/ritosa.click.si\/it\/wp-json\/wp\/v2\/product\/21800","targetHints":{"allow":["GET"]}}],"collection":[{"href":"https:\/\/ritosa.click.si\/it\/wp-json\/wp\/v2\/product"}],"about":[{"href":"https:\/\/ritosa.click.si\/it\/wp-json\/wp\/v2\/types\/product"}],"wp:featuredmedia":[{"embeddable":true,"href":"https:\/\/ritosa.click.si\/it\/wp-json\/wp\/v2\/media\/21809"}],"wp:attachment":[{"href":"https:\/\/ritosa.click.si\/it\/wp-json\/wp\/v2\/media?parent=21800"}],"wp:term":[{"taxonomy":"product_brand","embeddable":true,"href":"https:\/\/ritosa.click.si\/it\/wp-json\/wp\/v2\/product_brand?post=21800"},{"taxonomy":"product_cat","embeddable":true,"href":"https:\/\/ritosa.click.si\/it\/wp-json\/wp\/v2\/product_cat?post=21800"},{"taxonomy":"product_tag","embeddable":true,"href":"https:\/\/ritosa.click.si\/it\/wp-json\/wp\/v2\/product_tag?post=21800"}],"curies":[{"name":"parola chiave","href":"https:\/\/api.w.org\/{rel}","templated":true}]}}