{"id":21763,"date":"2026-03-18T14:18:09","date_gmt":"2026-03-18T13:18:09","guid":{"rendered":"https:\/\/ritosa.click.si\/?post_type=product&#038;p=21763"},"modified":"2026-03-18T14:24:26","modified_gmt":"2026-03-18T13:24:26","slug":"cube-aim-race","status":"publish","type":"product","link":"https:\/\/ritosa.click.si\/it\/negozio\/kolesarstvo\/kolesa\/gorska-kolesa\/zenska-gorska-kolesa\/cube-aim-race\/","title":{"rendered":"CUBE AIM RACE"},"content":{"rendered":"<p><strong>CUBE AIM RACE<\/strong><\/p>\n<p>La bellezza non \u00e8 solo una questione di superficie: l&#039;aspetto elegante di Aim \u00e8 il risultato di giunzioni saldate perfettamente tra tubo sterzo e foderi verticali. \u00c8 dotata di passaggio cavi interno, che garantisce un utilizzo duraturo e una facile manutenzione. I supporti per portapacchi e parafanghi, accuratamente nascosti, consentono un adattamento rapido e pratico per tour pi\u00f9 lunghi o gite del fine settimana.<\/p>\n<p>La geometria aggiornata include un tubo orizzontale pi\u00f9 basso per una maneggevolezza pi\u00f9 sicura, pur offrendo spazio sufficiente per pneumatici da 2,25&quot; larghi, aderenti e comodi. Il sistema SizeSplit di Cube offre una gamma di misure ampliata, il che significa che, indipendentemente dalla tua altezza, c&#039;\u00e8 un modello Aim che si adatta perfettamente a te.<\/p>\n<p><em>Capacit\u00e0 di carico massima (incluso il peso della bici): 140 kg<\/em><\/p>\n<p><em>Divisione delle dimensioni:<\/em><\/p>\n<ul>\n<li><em>14&quot; (XS), 16&quot; (S) = 27,5&quot;\u201d<\/em><\/li>\n<li><em>18&quot; (M), 20&quot; (L), 22&quot; (XL), 24&quot; (XXL) = 29&quot;\u201d<\/em><\/li>\n<\/ul>\n<h3><strong>Specifiche<\/strong><\/h3>\n<ul>\n<li><strong>Telaio:<\/strong> Alluminio Lite, AMF, doppio spessore, passaggio cavi interno, tubo sterzo conico, freno Flat Mount, attacco SIC, attacco portapacchi FM<\/li>\n<li><strong>Forcella:<\/strong> SR Suntour XCT Disc, 100 mm, blocco<\/li>\n<li><strong>Cuscinetto forcella:<\/strong> CUBE FPH868p, conico, semi-integrato<\/li>\n<li><strong>Supporto manubrio:<\/strong> Attacco manubrio CUBE Performance, 31,8 mm<\/li>\n<li><strong>Manubrio:<\/strong> Manubrio CUBE Rise Trail, 680 mm<\/li>\n<li><strong>Manubrio \/ Manopole del manubrio:<\/strong> ACIDO Reagisce<\/li>\n<li><strong>Deragliatore posteriore:<\/strong> Shimano Cues RD-U6000-GS, 10 marce<\/li>\n<li><strong>Leve del cambio<\/strong>: Stecche Shimano SL-U6000, Rapidfire-Plus<\/li>\n<li><strong>Freni:<\/strong> Shimano BR-MT200\/UR300, Freni a disco idraulici PM\/FM (160\/160)<\/li>\n<li><strong><strong>asse motore<\/strong>:<\/strong> Thun Paso-ML, 73mm BSA<\/li>\n<li><strong><strong>Autista<\/strong>:<\/strong> ACIDO, 32 denti, 170 mm<\/li>\n<li><strong>Pedali:<\/strong> MTB CUBE PP<\/li>\n<li><strong>Catena:<\/strong> KMC eGlide<\/li>\n<li><strong>Cassetta:<\/strong> Shimano Deore CS-LG400, 11-48T<\/li>\n<li><strong>Mozzo anteriore:<\/strong> Shimano HB-QC300, QR, Centerlock<\/li>\n<li><strong>Mozzo posteriore:<\/strong> Shimano FH-QC300-HM, QR, Centerlock<\/li>\n<li><strong>Cerchi \/ Ruote:<\/strong> CUBE EX25, 32H, bobine, Tubeless Ready<\/li>\n<li><strong>Copertoni:<\/strong> MTB CUBE, 2.25<\/li>\n<li><strong>Sella:<\/strong> Corona ACID Lite<\/li>\n<li><strong>Reggisella:<\/strong> Reggisella CUBE Performance, 27,2 mm<\/li>\n<li><strong>Peso:<\/strong> 14,6 kg<\/li>\n<\/ul>","protected":false},"excerpt":{"rendered":"<p>Gorsko kolo Cube Aim Race Slategrey &#8216;n&#8217; Rainbowblack<\/p>","protected":false},"featured_media":21772,"template":"","meta":{"_acf_changed":false,"inline_featured_image":false},"product_brand":[1192],"product_cat":[488,572],"product_tag":[],"class_list":{"0":"post-21763","1":"product","2":"type-product","3":"status-publish","4":"has-post-thumbnail","6":"product_brand-cube","7":"product_cat-gorska-kolesa","8":"product_cat-zenska-gorska-kolesa","9":"pa_velikost-xl","11":"first","12":"instock","13":"sale","14":"taxable","15":"shipping-taxable","16":"purchasable","17":"product-type-variable"},"acf":[],"_links":{"self":[{"href":"https:\/\/ritosa.click.si\/it\/wp-json\/wp\/v2\/product\/21763","targetHints":{"allow":["GET"]}}],"collection":[{"href":"https:\/\/ritosa.click.si\/it\/wp-json\/wp\/v2\/product"}],"about":[{"href":"https:\/\/ritosa.click.si\/it\/wp-json\/wp\/v2\/types\/product"}],"wp:featuredmedia":[{"embeddable":true,"href":"https:\/\/ritosa.click.si\/it\/wp-json\/wp\/v2\/media\/21772"}],"wp:attachment":[{"href":"https:\/\/ritosa.click.si\/it\/wp-json\/wp\/v2\/media?parent=21763"}],"wp:term":[{"taxonomy":"product_brand","embeddable":true,"href":"https:\/\/ritosa.click.si\/it\/wp-json\/wp\/v2\/product_brand?post=21763"},{"taxonomy":"product_cat","embeddable":true,"href":"https:\/\/ritosa.click.si\/it\/wp-json\/wp\/v2\/product_cat?post=21763"},{"taxonomy":"product_tag","embeddable":true,"href":"https:\/\/ritosa.click.si\/it\/wp-json\/wp\/v2\/product_tag?post=21763"}],"curies":[{"name":"parola chiave","href":"https:\/\/api.w.org\/{rel}","templated":true}]}}