{"id":21668,"date":"2026-03-14T13:38:39","date_gmt":"2026-03-14T12:38:39","guid":{"rendered":"https:\/\/ritosa.click.si\/?post_type=product&#038;p=21668"},"modified":"2026-03-14T13:43:50","modified_gmt":"2026-03-14T12:43:50","slug":"kosara-acid-30-trunk-rilink-2-0","status":"publish","type":"product","link":"https:\/\/ritosa.click.si\/it\/negozio\/kolesarstvo\/kolesarska-oprema\/dodatna-oprema-in-rezervni-deli\/kosare\/kosara-acid-30-trunk-rilink-2-0\/","title":{"rendered":"Cestino ACID 30 Trunk RILink 2.0"},"content":{"rendered":"<p>Con una capacit\u00e0 di 30 litri, \u00e8 abbastanza grande da trasportare la tua borsa sportiva per la palestra o la spesa del weekend. Il logo riflettente aumenta la sicurezza stradale, mentre la base rinforzata migliora la durabilit\u00e0 rispetto al modello precedente.<\/p>\n<ul>\n<li data-start=\"429\" data-end=\"469\">Dimensioni (L\u00d7A\u00d7P): 31 \u00d7 26 \u00d7 53 cm<\/li>\n<li data-start=\"472\" data-end=\"510\">Materiale: filo d\u2019acciaio, plastica<\/li>\n<li data-start=\"513\" data-end=\"537\">Volume: 30 litri<\/li>\n<\/ul>","protected":false},"excerpt":{"rendered":"<p>Il cestino da portapacchi ACID 30 Trunk RILink 2.0 si fissa rapidamente e in modo sicuro su tutti i portapacchi ACID e CUBE RILink.<\/p>","protected":false},"featured_media":21669,"template":"","meta":{"_acf_changed":false,"inline_featured_image":false,"_monsterinsights_skip_tracking":false,"_monsterinsights_sitenote_active":false,"_monsterinsights_sitenote_note":"","_monsterinsights_sitenote_category":0},"product_brand":[1192],"product_cat":[536],"product_tag":[],"class_list":{"0":"post-21668","1":"product","2":"type-product","3":"status-publish","4":"has-post-thumbnail","6":"product_brand-cube","7":"product_cat-kosare","9":"first","10":"instock","11":"taxable","12":"shipping-taxable","13":"purchasable","14":"product-type-simple"},"acf":[],"aioseo_notices":[],"_links":{"self":[{"href":"https:\/\/ritosa.click.si\/it\/wp-json\/wp\/v2\/product\/21668","targetHints":{"allow":["GET"]}}],"collection":[{"href":"https:\/\/ritosa.click.si\/it\/wp-json\/wp\/v2\/product"}],"about":[{"href":"https:\/\/ritosa.click.si\/it\/wp-json\/wp\/v2\/types\/product"}],"wp:featuredmedia":[{"embeddable":true,"href":"https:\/\/ritosa.click.si\/it\/wp-json\/wp\/v2\/media\/21669"}],"wp:attachment":[{"href":"https:\/\/ritosa.click.si\/it\/wp-json\/wp\/v2\/media?parent=21668"}],"wp:term":[{"taxonomy":"product_brand","embeddable":true,"href":"https:\/\/ritosa.click.si\/it\/wp-json\/wp\/v2\/product_brand?post=21668"},{"taxonomy":"product_cat","embeddable":true,"href":"https:\/\/ritosa.click.si\/it\/wp-json\/wp\/v2\/product_cat?post=21668"},{"taxonomy":"product_tag","embeddable":true,"href":"https:\/\/ritosa.click.si\/it\/wp-json\/wp\/v2\/product_tag?post=21668"}],"curies":[{"name":"parola chiave","href":"https:\/\/api.w.org\/{rel}","templated":true}]}}