{"id":21531,"date":"2026-03-13T18:13:28","date_gmt":"2026-03-13T17:13:28","guid":{"rendered":"https:\/\/ritosa.click.si\/?post_type=product&#038;p=21531"},"modified":"2026-03-13T18:33:16","modified_gmt":"2026-03-13T17:33:16","slug":"plasc-vittoria-gravel-terreno-t50-700x40","status":"publish","type":"product","link":"https:\/\/ritosa.click.si\/it\/negozio\/kolesarstvo\/kolesarska-oprema\/dodatna-oprema-in-rezervni-deli\/plasci\/mestni-in-treking-plasci\/plasc-vittoria-gravel-terreno-t50-700x40\/","title":{"rendered":"Copertura Vittoria Gravel Terreno T50 700\u00d740"},"content":{"rendered":"<p>Il pneumatico Terreno T50 Mixed Gravel Endurance \u00e8 progettato per offrire velocit\u00e0 e prestazioni ineguagliabili su una variet\u00e0 di terreni, da quelli compatti a quelli misti.<br \/>\nUno pneumatico endurance per gravel misto che si posiziona tra i modelli Terreno Dry e Terreno Mezcal. Presenta un battistrada versatile con una nuova texture di lamelle direzionali, che lo rende una scelta eccellente per un&#039;ampia gamma di terreni con spigoli vivi in curva, garantendo maggiore controllo, maneggevolezza e sicurezza.<\/p>","protected":false},"excerpt":{"rendered":"<p>Copertura Vittoria Gravel Terreno T50 700\u00d740 \u2013 una copertura per diversi terreni!<\/p>","protected":false},"featured_media":21533,"template":"","meta":{"_acf_changed":false,"inline_featured_image":false},"product_brand":[2072],"product_cat":[611,518],"product_tag":[],"class_list":{"0":"post-21531","1":"product","2":"type-product","3":"status-publish","4":"has-post-thumbnail","6":"product_brand-vittoria","7":"product_cat-mestni-in-treking-plasci","8":"product_cat-plasci","10":"first","11":"instock","12":"taxable","13":"shipping-taxable","14":"purchasable","15":"product-type-simple"},"acf":[],"_links":{"self":[{"href":"https:\/\/ritosa.click.si\/it\/wp-json\/wp\/v2\/product\/21531","targetHints":{"allow":["GET"]}}],"collection":[{"href":"https:\/\/ritosa.click.si\/it\/wp-json\/wp\/v2\/product"}],"about":[{"href":"https:\/\/ritosa.click.si\/it\/wp-json\/wp\/v2\/types\/product"}],"wp:featuredmedia":[{"embeddable":true,"href":"https:\/\/ritosa.click.si\/it\/wp-json\/wp\/v2\/media\/21533"}],"wp:attachment":[{"href":"https:\/\/ritosa.click.si\/it\/wp-json\/wp\/v2\/media?parent=21531"}],"wp:term":[{"taxonomy":"product_brand","embeddable":true,"href":"https:\/\/ritosa.click.si\/it\/wp-json\/wp\/v2\/product_brand?post=21531"},{"taxonomy":"product_cat","embeddable":true,"href":"https:\/\/ritosa.click.si\/it\/wp-json\/wp\/v2\/product_cat?post=21531"},{"taxonomy":"product_tag","embeddable":true,"href":"https:\/\/ritosa.click.si\/it\/wp-json\/wp\/v2\/product_tag?post=21531"}],"curies":[{"name":"parola chiave","href":"https:\/\/api.w.org\/{rel}","templated":true}]}}