{"id":21459,"date":"2026-03-13T16:15:46","date_gmt":"2026-03-13T15:15:46","guid":{"rendered":"https:\/\/ritosa.click.si\/?post_type=product&#038;p=21459"},"modified":"2026-03-13T16:29:26","modified_gmt":"2026-03-13T15:29:26","slug":"plasc-continental-terra-speed-protection-700x45","status":"publish","type":"product","link":"https:\/\/ritosa.click.si\/it\/negozio\/kolesarstvo\/kolesarska-oprema\/dodatna-oprema-in-rezervni-deli\/plasci\/mtb-plasci\/plasc-continental-terra-speed-protection-700x45\/","title":{"rendered":"Copertura Continental Terra Speed Protection 700\u00d745"},"content":{"rendered":"<p>Questo pneumatico ti garantir\u00e0 comfort nelle tue avventure, sia su strada che fuori dai sentieri battuti. Veloce, robusto e resistente, ti permetter\u00e0 di superare qualsiasi ostacolo con facilit\u00e0.<\/p>\n<ul dir=\"ltr\">\n<li>700\u00d745 \u2013 465 g<\/li>\n<li>3\/180 tpi<\/li>\n<li>Pressione massima 5,0 bar\/73 PSI<\/li>\n<li>Tubeless ready<\/li>\n<\/ul>","protected":false},"excerpt":{"rendered":"<p>Copertura Continental Gravel Terra Speed Protection 700\u00d745 (pieghevole).<\/p>","protected":false},"featured_media":21462,"template":"","meta":{"_acf_changed":false,"inline_featured_image":false,"_monsterinsights_skip_tracking":false,"_monsterinsights_sitenote_active":false,"_monsterinsights_sitenote_note":"","_monsterinsights_sitenote_category":0},"product_brand":[2078],"product_cat":[610,518],"product_tag":[],"class_list":{"0":"post-21459","1":"product","2":"type-product","3":"status-publish","4":"has-post-thumbnail","6":"product_brand-continental","7":"product_cat-mtb-plasci","8":"product_cat-plasci","10":"first","11":"instock","12":"sale","13":"taxable","14":"shipping-taxable","15":"purchasable","16":"product-type-simple"},"acf":[],"aioseo_notices":[],"_links":{"self":[{"href":"https:\/\/ritosa.click.si\/it\/wp-json\/wp\/v2\/product\/21459","targetHints":{"allow":["GET"]}}],"collection":[{"href":"https:\/\/ritosa.click.si\/it\/wp-json\/wp\/v2\/product"}],"about":[{"href":"https:\/\/ritosa.click.si\/it\/wp-json\/wp\/v2\/types\/product"}],"wp:featuredmedia":[{"embeddable":true,"href":"https:\/\/ritosa.click.si\/it\/wp-json\/wp\/v2\/media\/21462"}],"wp:attachment":[{"href":"https:\/\/ritosa.click.si\/it\/wp-json\/wp\/v2\/media?parent=21459"}],"wp:term":[{"taxonomy":"product_brand","embeddable":true,"href":"https:\/\/ritosa.click.si\/it\/wp-json\/wp\/v2\/product_brand?post=21459"},{"taxonomy":"product_cat","embeddable":true,"href":"https:\/\/ritosa.click.si\/it\/wp-json\/wp\/v2\/product_cat?post=21459"},{"taxonomy":"product_tag","embeddable":true,"href":"https:\/\/ritosa.click.si\/it\/wp-json\/wp\/v2\/product_tag?post=21459"}],"curies":[{"name":"parola chiave","href":"https:\/\/api.w.org\/{rel}","templated":true}]}}