{"id":21243,"date":"2026-03-07T20:26:33","date_gmt":"2026-03-07T19:26:33","guid":{"rendered":"https:\/\/ritosa.click.si\/?post_type=product&#038;p=21243"},"modified":"2026-03-07T20:29:05","modified_gmt":"2026-03-07T19:29:05","slug":"leki-vision-gtx","status":"publish","type":"product","link":"https:\/\/ritosa.click.si\/it\/negozio\/sciare\/smucarska-oprema\/smucarske-rokavice\/odrasle-smucarske-rokavice\/leki-vision-gtx\/","title":{"rendered":"Leki Vision GTX"},"content":{"rendered":"<p>guanti da sci <strong data-start=\"19\" data-end=\"38\">LEKI Vision GTX<\/strong> so \u0161portne in udobne rokavice, primerne za smu\u010darje, ki \u017eelijo zanesljivo za\u0161\u010dito v razli\u010dnih zimskih razmerah. Opremljene so z <strong data-start=\"167\" data-end=\"188\">GORE-TEX membrano<\/strong>, ki zagotavlja popolno vodoodpornost, odpornost proti vetru in dobro zra\u010dnost, zato roke ostanejo suhe in tople tudi v slabem vremenu. Zunanji <strong data-start=\"332\" data-end=\"354\">softshell material<\/strong> omogo\u010da dobro gibljivost in udobje pri smu\u010danju. Za toploto skrbi <strong data-start=\"421\" data-end=\"447\">Dexfill Soft izolacija<\/strong>, notranja <strong data-start=\"458\" data-end=\"483\">Micro Bemberg podloga<\/strong> pa zagotavlja prijeten in suh ob\u010dutek med no\u0161enjem. Dlan iz materiala <strong data-start=\"554\" data-end=\"564\">G Grip<\/strong> omogo\u010da zanesljiv oprijem smu\u010darskih palic in bolj\u0161i nadzor na smu\u010di\u0161\u010du.<\/p>","protected":false},"excerpt":{"rendered":"<p>Mo\u0161ke smu\u010darske rokavice Leki Vision GTX<\/p>","protected":false},"featured_media":21246,"template":"","meta":{"_acf_changed":false,"inline_featured_image":false},"product_brand":[691],"product_cat":[604],"product_tag":[],"class_list":{"0":"post-21243","1":"product","2":"type-product","3":"status-publish","4":"has-post-thumbnail","6":"product_brand-leki","7":"product_cat-odrasle-smucarske-rokavice","8":"pa_velikost-799","9":"pa_velikost-8-5","11":"first","12":"instock","13":"sale","14":"taxable","15":"shipping-taxable","16":"purchasable","17":"product-type-variable"},"acf":[],"_links":{"self":[{"href":"https:\/\/ritosa.click.si\/it\/wp-json\/wp\/v2\/product\/21243","targetHints":{"allow":["GET"]}}],"collection":[{"href":"https:\/\/ritosa.click.si\/it\/wp-json\/wp\/v2\/product"}],"about":[{"href":"https:\/\/ritosa.click.si\/it\/wp-json\/wp\/v2\/types\/product"}],"wp:featuredmedia":[{"embeddable":true,"href":"https:\/\/ritosa.click.si\/it\/wp-json\/wp\/v2\/media\/21246"}],"wp:attachment":[{"href":"https:\/\/ritosa.click.si\/it\/wp-json\/wp\/v2\/media?parent=21243"}],"wp:term":[{"taxonomy":"product_brand","embeddable":true,"href":"https:\/\/ritosa.click.si\/it\/wp-json\/wp\/v2\/product_brand?post=21243"},{"taxonomy":"product_cat","embeddable":true,"href":"https:\/\/ritosa.click.si\/it\/wp-json\/wp\/v2\/product_cat?post=21243"},{"taxonomy":"product_tag","embeddable":true,"href":"https:\/\/ritosa.click.si\/it\/wp-json\/wp\/v2\/product_tag?post=21243"}],"curies":[{"name":"parola chiave","href":"https:\/\/api.w.org\/{rel}","templated":true}]}}